{"id":31838,"date":"2022-11-25T13:58:00","date_gmt":"2022-11-25T12:58:00","guid":{"rendered":"https:\/\/smania.store\/de\/produkt\/tanzender-weihnachtsbaum-jollytree\/"},"modified":"2023-11-30T12:04:50","modified_gmt":"2023-11-30T11:04:50","slug":"tanzender-weihnachtsbaum-jollytree","status":"publish","type":"product","link":"https:\/\/smania.store\/de\/produkt\/tanzender-weihnachtsbaum-jollytree\/","title":{"rendered":"Tanzender Weihnachtsbaum JollyTree"},"content":{"rendered":"<div class=\"smania_landing_description_title\">Festlich! Tanzender Weihnachtsbaum JollyTree<\/div>\n<div class=\"smania_landing_description_txt\">Bringe die Weihnachtsstimmung in dein Haus!<\/div>\n<div class=\"smania_landing_description_subtitle\">Schm\u00fccke dein Zuhause mit dem unglaublichen tanzenden Weihnachtsbaum JollyTree und bringe die Weihnachtsstimmung unter dein Dach!<\/div>\n<div class=\"smania_landing_description_list\">\n<ul>\n<li>Tanzt zu einer beliebten Weihnachtsmelodie<\/li>\n<li>Tolle Tanzbewegungen f\u00fcr einen so kleinen Baum<\/li>\n<li>Die perfekte Erg\u00e4nzung zu deiner Weihnachtsdekoration<\/li>\n<li>Lustiges Gesicht und niedliche bewegliche Arme<\/li>\n<\/ul><\/div>\n","protected":false},"excerpt":{"rendered":"<p>Er singt &#8222;Jingle Bells&#8220;|Gro\u00dfartige Tanzbewegungen|Das perfekte Geschenk f\u00fcr Kinder und Familien|Betrieben mit 3 AA Batterien (nicht enthalten)|Material: Kunststoff, Flanell|Gr\u00f6\u00dfe S: 7 \u00d7 16 cm|Gr\u00f6\u00dfe M: 8 \u00d7 20 cm|Gr\u00f6\u00dfe L: 10 \u00d7 24 cm<\/p>\n","protected":false},"featured_media":31910,"template":"","meta":[],"product_cat":[23,2547],"product_tag":[1555],"acf":[],"_links":{"self":[{"href":"https:\/\/smania.store\/de\/wp-json\/wp\/v2\/product\/31838"}],"collection":[{"href":"https:\/\/smania.store\/de\/wp-json\/wp\/v2\/product"}],"about":[{"href":"https:\/\/smania.store\/de\/wp-json\/wp\/v2\/types\/product"}],"wp:featuredmedia":[{"embeddable":true,"href":"https:\/\/smania.store\/de\/wp-json\/wp\/v2\/media\/31910"}],"wp:attachment":[{"href":"https:\/\/smania.store\/de\/wp-json\/wp\/v2\/media?parent=31838"}],"wp:term":[{"taxonomy":"product_cat","embeddable":true,"href":"https:\/\/smania.store\/de\/wp-json\/wp\/v2\/product_cat?post=31838"},{"taxonomy":"product_tag","embeddable":true,"href":"https:\/\/smania.store\/de\/wp-json\/wp\/v2\/product_tag?post=31838"}],"curies":[{"name":"wp","href":"https:\/\/api.w.org\/{rel}","templated":true}]}}