{"id":30854,"date":"2022-10-13T06:45:34","date_gmt":"2022-10-13T04:45:34","guid":{"rendered":"https:\/\/smania.store\/de\/produkt\/pinkelmatte-fuer-hunde-pipad\/"},"modified":"2025-09-11T10:57:08","modified_gmt":"2025-09-11T08:57:08","slug":"pinkelmatte-fuer-hunde-pipad","status":"publish","type":"product","link":"https:\/\/smania.store\/de\/produkt\/pinkelmatte-fuer-hunde-pipad\/","title":{"rendered":"Pinkelmatte f\u00fcr Hunde PiPad"},"content":{"rendered":"<div class=\"smania_landing_description_title\">NEU! Pinkelmatte f\u00fcr Hunde PiPad<\/div>\n<div class=\"smania_landing_description_txt\">Lass deinen Hund zu Hause, ohne dir Sorgen zu machen!<\/div>\n<div class=\"smania_landing_description_subtitle\">Die Pinkelmatte f\u00fcr Hunde PiPad ist ein wahrer Lebensretter f\u00fcr alle Tierbesitzer, die die meiste Zeit des Tages abwesend sind. Dieses gro\u00dfartige Accessoire sorgt daf\u00fcr, dass es dein Hund bequem hat, w\u00e4hrend du dich auf deine Arbeit konzentrierst.<\/div>\n<div class=\"smania_landing_description_list\">\n<ul>\n<li>Absorbiert Fl\u00fcssigkeiten und Ger\u00fcche<\/li>\n<li>Geeignet f\u00fcr kleine Welpen, mittelgro\u00dfe Hunde und gro\u00dfe Hunde<\/li>\n<li>Perfekt f\u00fcr Hunde, die beim Pinkeln Hilfe brauchen<\/li>\n<li>Erh\u00e4ltlich in 4 verschiedenen Designs<\/li>\n<li>Hilft, das Haus und den Hund sauber zu halten<\/li>\n<\/ul><\/div>\n","protected":false},"excerpt":{"rendered":"<p>Geeignet f\u00fcr kleine, mittelgro\u00dfe und gro\u00dfe Hunde|Leicht zu waschen und zu trocknen|Kann als Trainingsmethode f\u00fcr junge Welpen verwendet werden|Wasserfestes Material|Material: Polyester|Gr\u00f6\u00dfe: 80 \u00d7 90 cm|Sicher und einfach zu benutzen|100% Zufriedenheitsgarantie<\/p>\n","protected":false},"featured_media":30845,"template":"","meta":[],"product_cat":[20,2321],"product_tag":[],"acf":[],"_links":{"self":[{"href":"https:\/\/smania.store\/de\/wp-json\/wp\/v2\/product\/30854"}],"collection":[{"href":"https:\/\/smania.store\/de\/wp-json\/wp\/v2\/product"}],"about":[{"href":"https:\/\/smania.store\/de\/wp-json\/wp\/v2\/types\/product"}],"wp:featuredmedia":[{"embeddable":true,"href":"https:\/\/smania.store\/de\/wp-json\/wp\/v2\/media\/30845"}],"wp:attachment":[{"href":"https:\/\/smania.store\/de\/wp-json\/wp\/v2\/media?parent=30854"}],"wp:term":[{"taxonomy":"product_cat","embeddable":true,"href":"https:\/\/smania.store\/de\/wp-json\/wp\/v2\/product_cat?post=30854"},{"taxonomy":"product_tag","embeddable":true,"href":"https:\/\/smania.store\/de\/wp-json\/wp\/v2\/product_tag?post=30854"}],"curies":[{"name":"wp","href":"https:\/\/api.w.org\/{rel}","templated":true}]}}