{"id":30811,"date":"2022-10-11T13:27:30","date_gmt":"2022-10-11T11:27:30","guid":{"rendered":"https:\/\/smania.store\/de\/produkt\/dokumententasche-docsafe\/"},"modified":"2025-08-18T11:05:25","modified_gmt":"2025-08-18T09:05:25","slug":"dokumententasche-docsafe","status":"publish","type":"product","link":"https:\/\/smania.store\/de\/produkt\/dokumententasche-docsafe\/","title":{"rendered":"Dokumententasche DocSafe"},"content":{"rendered":"<div class=\"smania_landing_description_title\">NEU! Dokumententasche DocSafe<\/div>\n<div class=\"smania_landing_description_txt\">Sch\u00fctze deine wichtigen Papierdokumente!<\/div>\n<div class=\"smania_landing_description_subtitle\">Einige Papierdokumente spielen in unserem Gesch\u00e4fts- und Privatleben immer noch eine gro\u00dfe Rolle. Die Schutz- und Aufbewahrungstasche DocSafe sorgt daf\u00fcr, dass deine Dokumente geordnet bleiben und bietet gleichzeitig den Schutz, den du brauchst.<\/div>\n<div class=\"smania_landing_description_list\">\n<ul>\n<li>Mehrere nicht abnehmbare Schichten<\/li>\n<li>Verschiedene F\u00e4cher f\u00fcr die Aufbewahrung all deiner Dokumente<\/li>\n<li>Hochwertiges, langlebiges und wasserabweisendes Material<\/li>\n<li>3-stelliges Sicherheitsschloss f\u00fcr zus\u00e4tzlichen Schutz<\/li>\n<li>Ideal f\u00fcr Karten, P\u00e4sse, A4-Papierbl\u00e4tter, Fotos und mehr<\/li>\n<li>Achtung: der Bindedraht ist nicht im Lieferumfang enthalten und die Schichten sind nicht abnehmbar!<\/li>\n<\/ul><\/div>\n","protected":false},"excerpt":{"rendered":"<p>3-stelliges Sicherheitsschloss|Handlicher Kofferband|Praktischer Tragegriff|Leichtg\u00e4ngiger Rei\u00dfverschluss|4 nicht abnehmbare Schichten|W\u00e4hle zwischen verschiedenen Farben|Ma\u00dfe: 37 \u00d7 27 \u00d7 20 cm|Material: Oxford-Gewebe<\/p>\n","protected":false},"featured_media":38716,"template":"","meta":[],"product_cat":[16],"product_tag":[1516],"acf":[],"_links":{"self":[{"href":"https:\/\/smania.store\/de\/wp-json\/wp\/v2\/product\/30811"}],"collection":[{"href":"https:\/\/smania.store\/de\/wp-json\/wp\/v2\/product"}],"about":[{"href":"https:\/\/smania.store\/de\/wp-json\/wp\/v2\/types\/product"}],"wp:featuredmedia":[{"embeddable":true,"href":"https:\/\/smania.store\/de\/wp-json\/wp\/v2\/media\/38716"}],"wp:attachment":[{"href":"https:\/\/smania.store\/de\/wp-json\/wp\/v2\/media?parent=30811"}],"wp:term":[{"taxonomy":"product_cat","embeddable":true,"href":"https:\/\/smania.store\/de\/wp-json\/wp\/v2\/product_cat?post=30811"},{"taxonomy":"product_tag","embeddable":true,"href":"https:\/\/smania.store\/de\/wp-json\/wp\/v2\/product_tag?post=30811"}],"curies":[{"name":"wp","href":"https:\/\/api.w.org\/{rel}","templated":true}]}}