{"id":29870,"date":"2022-07-28T06:22:40","date_gmt":"2022-07-28T04:22:40","guid":{"rendered":"https:\/\/smania.store\/de\/produkt\/solar-terrassenleuchten-pathignite\/"},"modified":"2023-08-23T08:46:25","modified_gmt":"2023-08-23T06:46:25","slug":"solar-terrassenleuchten-pathignite","status":"publish","type":"product","link":"https:\/\/smania.store\/de\/produkt\/solar-terrassenleuchten-pathignite\/","title":{"rendered":"Solar-Terrassenleuchten Pathignite"},"content":{"rendered":"<div class=\"smania_landing_description_title\">Neu! Solar-Terrassenleuchten Pathignite<\/div>\n<div class=\"smania_landing_description_txt\">Bring einen Hauch von Romantik auf deine Terrasse!<\/div>\n<div class=\"smania_landing_description_subtitle\">Die Leuchten Pathignite sind einfach zu installieren und werden ausschlie\u00dflich durch Solarzellen aufgeladen. Tags\u00fcber sind sie fast unsichtbar, aber nachts verleihen sie deiner Einfahrt, Terrasse oder Blumenbeeten einen hauch von Charme.<\/div>\n<div class=\"smania_landing_description_list\">\n<ul>\n<li>Sie schalten sich bei D\u00e4mmerung automatisch ein und bei Sonnenaufgang wieder aus<\/li>\n<li>Effiziente Solaraufladung \u2013 an sonnigen Tagen dauert es nur 4 Stunden, bis sie vollst\u00e4ndig aufgeladen sind<\/li>\n<li>Einfach zu installieren und mit zwei Schrauben zu befestigen<\/li>\n<li>Langlebiges ABS-Geh\u00e4use, das dem Regen standh\u00e4lt<\/li>\n<li>Ein Muss f\u00fcr jeden Garten oder Terrasse<\/li>\n<\/ul><\/div>\n","protected":false},"excerpt":{"rendered":"<p>Solarbetrieben und einfach zu installieren|Warmwei\u00dfes Licht|IP55 wasserdicht|Material: ABS|Batteriekapazit\u00e4t: 600 mAh|Leistung: 0,2 W|Spannung: 1,2 V|Abmessungen: 7,5 \u00d7 4,4 \u00d7 4,2 cm<\/p>\n","protected":false},"featured_media":29863,"template":"","meta":[],"product_cat":[16,2204,2290],"product_tag":[1495,1479],"acf":[],"_links":{"self":[{"href":"https:\/\/smania.store\/de\/wp-json\/wp\/v2\/product\/29870"}],"collection":[{"href":"https:\/\/smania.store\/de\/wp-json\/wp\/v2\/product"}],"about":[{"href":"https:\/\/smania.store\/de\/wp-json\/wp\/v2\/types\/product"}],"wp:featuredmedia":[{"embeddable":true,"href":"https:\/\/smania.store\/de\/wp-json\/wp\/v2\/media\/29863"}],"wp:attachment":[{"href":"https:\/\/smania.store\/de\/wp-json\/wp\/v2\/media?parent=29870"}],"wp:term":[{"taxonomy":"product_cat","embeddable":true,"href":"https:\/\/smania.store\/de\/wp-json\/wp\/v2\/product_cat?post=29870"},{"taxonomy":"product_tag","embeddable":true,"href":"https:\/\/smania.store\/de\/wp-json\/wp\/v2\/product_tag?post=29870"}],"curies":[{"name":"wp","href":"https:\/\/api.w.org\/{rel}","templated":true}]}}