{"id":29653,"date":"2022-06-16T10:50:45","date_gmt":"2022-06-16T08:50:45","guid":{"rendered":"https:\/\/smania.store\/de\/produkt\/gartenzwerg-moonie\/"},"modified":"2025-06-26T09:10:16","modified_gmt":"2025-06-26T07:10:16","slug":"gartenzwerg-moonie","status":"publish","type":"product","link":"https:\/\/smania.store\/de\/produkt\/gartenzwerg-moonie\/","title":{"rendered":"Gartenzwerg Moonie"},"content":{"rendered":"<div class=\"smania_landing_description_title\">Lustig! Gartenzwerg Moonie<\/div>\n<div class=\"smania_landing_description_txt\">Begr\u00fc\u00dfe das neueste Mitglied deiner Gartenzwergfamilie!<\/div>\n<div class=\"smania_landing_description_subtitle\">Dieser freche Gartenzwerg Moonie wird deine G\u00e4ste auf eine Weise begr\u00fc\u00dfen, die sie nie vergessen werden! Zeige deinen Nachbarn, wer den besten Sinn f\u00fcr Humor in deiner Stra\u00dfe hat.<\/div>\n<div class=\"smania_landing_description_list\">\n<ul>\n<li>Eine lustige Dekoration, die deine G\u00e4ste zum Lachen bringen wird<\/li>\n<li>Hergestellt aus robustem Harz<\/li>\n<li>Handbemalt und mit einer UV-best\u00e4ndigen Beschichtung versehen<\/li>\n<li>Sch\u00f6ne Linien und lebendige Farben<\/li>\n<li>Ein fantastisches Einweihungsgeschenk<\/li>\n<\/ul>\n<\/div>\n","protected":false},"excerpt":{"rendered":"<p>Ideale Innen- oder Au\u00dfendekoration|Sch\u00f6ne Linien und lebendige Farben|Eine tolle Erg\u00e4nzung zu deiner Gartenzwergsammlung|F\u00fcr Menschen mit dem ausgefallensten Sinn f\u00fcr Humor|Handbemalt|Material: Harz|Gr\u00f6\u00dfe: 13,8 \u00d7 15 cm|Gewicht: 196 g<\/p>\n","protected":false},"featured_media":29647,"template":"","meta":[],"product_cat":[16,2204],"product_tag":[1495,1519],"acf":[],"_links":{"self":[{"href":"https:\/\/smania.store\/de\/wp-json\/wp\/v2\/product\/29653"}],"collection":[{"href":"https:\/\/smania.store\/de\/wp-json\/wp\/v2\/product"}],"about":[{"href":"https:\/\/smania.store\/de\/wp-json\/wp\/v2\/types\/product"}],"wp:featuredmedia":[{"embeddable":true,"href":"https:\/\/smania.store\/de\/wp-json\/wp\/v2\/media\/29647"}],"wp:attachment":[{"href":"https:\/\/smania.store\/de\/wp-json\/wp\/v2\/media?parent=29653"}],"wp:term":[{"taxonomy":"product_cat","embeddable":true,"href":"https:\/\/smania.store\/de\/wp-json\/wp\/v2\/product_cat?post=29653"},{"taxonomy":"product_tag","embeddable":true,"href":"https:\/\/smania.store\/de\/wp-json\/wp\/v2\/product_tag?post=29653"}],"curies":[{"name":"wp","href":"https:\/\/api.w.org\/{rel}","templated":true}]}}