{"id":29477,"date":"2022-06-08T07:07:47","date_gmt":"2022-06-08T05:07:47","guid":{"rendered":"https:\/\/smania.store\/de\/produkt\/tragbare-picknickmatte-relaxnow\/"},"modified":"2024-05-06T09:26:29","modified_gmt":"2024-05-06T07:26:29","slug":"tragbare-picknickmatte-relaxnow","status":"publish","type":"product","link":"https:\/\/smania.store\/de\/produkt\/tragbare-picknickmatte-relaxnow\/","title":{"rendered":"Tragbare Strandmatte RelaxNow"},"content":{"rendered":"<div class=\"smania_landing_description_title\">NEU! Tragbare Strandmatte RelaxNow<\/div>\n<div class=\"smania_landing_description_txt\">Entspanne dich am Strand!<\/div>\n<div class=\"smania_landing_description_subtitle\">Genie\u00dfe alle Strandfreuden, ohne dich um den l\u00e4stigen Sand oder das Wasser k\u00fcmmern zu m\u00fcssen. W\u00e4hle zwischen unseren sand- und wasserfesten Modellen und beginne dein eigenes Sommerabenteuer!<\/div>\n<div class=\"smania_landing_description_list\">\n<ul>\n<li>Tragbares und kompaktes Design f\u00fcr eine einfache Aufbewahrung<\/li>\n<li>Hergestellt aus robustem TPU und Polyester f\u00fcr den t\u00e4glichen Gebrauch<\/li>\n<li>Inklusive 4 Heringe f\u00fcr die Befestigung der Matte<\/li>\n<li>Perfekt f\u00fcr Camping und Strandabenteuer oder als Spielmatte<\/li>\n<li>Entferne den l\u00e4stigen Sand mit einem Wisch<\/li>\n<\/ul><\/div>\n","protected":false},"excerpt":{"rendered":"<p>Gro\u00df genug f\u00fcr die ganze Familie|Entferne den Sand im Handumdrehen|Wasserabweisende Beschichtung|Leicht und langlebig|F\u00fcr drinnen und drau\u00dfen|Kratzfestes Gewebe|Zusammenfaltbar und leicht zu transportieren|4 Heringe enthalten|Leicht zu reinigen|Material: Polyester und TPU<\/p>\n","protected":false},"featured_media":36675,"template":"","meta":[],"product_cat":[2256,2206,2321,21],"product_tag":[1978],"acf":[],"_links":{"self":[{"href":"https:\/\/smania.store\/de\/wp-json\/wp\/v2\/product\/29477"}],"collection":[{"href":"https:\/\/smania.store\/de\/wp-json\/wp\/v2\/product"}],"about":[{"href":"https:\/\/smania.store\/de\/wp-json\/wp\/v2\/types\/product"}],"wp:featuredmedia":[{"embeddable":true,"href":"https:\/\/smania.store\/de\/wp-json\/wp\/v2\/media\/36675"}],"wp:attachment":[{"href":"https:\/\/smania.store\/de\/wp-json\/wp\/v2\/media?parent=29477"}],"wp:term":[{"taxonomy":"product_cat","embeddable":true,"href":"https:\/\/smania.store\/de\/wp-json\/wp\/v2\/product_cat?post=29477"},{"taxonomy":"product_tag","embeddable":true,"href":"https:\/\/smania.store\/de\/wp-json\/wp\/v2\/product_tag?post=29477"}],"curies":[{"name":"wp","href":"https:\/\/api.w.org\/{rel}","templated":true}]}}