{"id":27667,"date":"2021-11-25T09:54:18","date_gmt":"2021-11-25T08:54:18","guid":{"rendered":"https:\/\/smania.store\/de\/produkt\/kletternder-weihnachtsmann-mr-kringle\/"},"modified":"2023-11-30T12:04:02","modified_gmt":"2023-11-30T11:04:02","slug":"kletternder-weihnachtsmann-mr-kringle","status":"publish","type":"product","link":"https:\/\/smania.store\/de\/produkt\/kletternder-weihnachtsmann-mr-kringle\/","title":{"rendered":"Kletternder Weihnachtsmann Mr. Kringle"},"content":{"rendered":"<div class=\"smania_landing_description_title\">Neu! \ud83c\udf84 Kletternder Weihnachtsmann Mr. Kringle<\/div>\n<div class=\"smania_landing_description_txt\">Der lustige Mr. Kringle sorgt f\u00fcr die perfekte Weihnachtsstimmung!<\/div>\n<div class=\"smania_landing_description_subtitle\">Mache dir keine Sorgen, wenn dein Weihnachtsbaum noch nicht geschm\u00fcckt ist und deine Wohnung nicht nach Weihnachtspl\u00e4tzchen duftet. Dieses Jahr sorgt der kletternde Weihnachtsmann f\u00fcr die richtige Weihnachtsstimmung! Er klettert auf seiner Leiter oder seinem Seil, singt Weihnachtslieder und ist insgesamt eine wunderbare \u00dcberraschung.<\/div>\n<div class=\"smania_landing_description_list\">\n<ul>\n<li>Du kannst zwischen drei kletternden Weihnachtsm\u00e4nnern w\u00e4hlen<\/li>\n<li>Verf\u00fcgbare Dekorationen sind Mr. Kringle, der auf der Leiter klettert, oder Mr. Kringle, der auf dem Seil klettert<\/li>\n<li>Der Weihnachtsmann, der oben auf der Leiter einen Salto macht, wird dich bestimmt zum Lachen bringen<\/li>\n<li>Alle Weihnachtsm\u00e4nner spielen Weihnachtslieder<\/li>\n<li>Eine wunderbare Weihnachtsdekoration f\u00fcr jedes Zuhause<\/li>\n<\/ul><\/div>\n","protected":false},"excerpt":{"rendered":"<p>Festliche Dekoration, die man \u00fcberall aufh\u00e4ngen kann|Der Weihnachtsmann, der einen Salto macht, erfreut jedes Kind|Sie versch\u00f6nern jeden d\u00fcsteren Winterabend|Lustiges Weihnachtsgeschenk|Wird mit 2 AA-Batterien betrieben (nicht enthalten)|Gr\u00f6\u00dfe der Anlegeleiter: 70 cm; Weihnachtsmann: 20 cm|Gr\u00f6\u00dfe der Stehleiter: 42 \u00d7 22 cm; Weihnachtsmann: 24 cm|Gr\u00f6\u00dfe des am Seil kletternden Weihnachtsmanns: 12,5 \u00d7 13 \u00d7 21 cm<\/p>\n","protected":false},"featured_media":27661,"template":"","meta":[],"product_cat":[23,2321,2547,2121],"product_tag":[1555],"acf":[],"_links":{"self":[{"href":"https:\/\/smania.store\/de\/wp-json\/wp\/v2\/product\/27667"}],"collection":[{"href":"https:\/\/smania.store\/de\/wp-json\/wp\/v2\/product"}],"about":[{"href":"https:\/\/smania.store\/de\/wp-json\/wp\/v2\/types\/product"}],"wp:featuredmedia":[{"embeddable":true,"href":"https:\/\/smania.store\/de\/wp-json\/wp\/v2\/media\/27661"}],"wp:attachment":[{"href":"https:\/\/smania.store\/de\/wp-json\/wp\/v2\/media?parent=27667"}],"wp:term":[{"taxonomy":"product_cat","embeddable":true,"href":"https:\/\/smania.store\/de\/wp-json\/wp\/v2\/product_cat?post=27667"},{"taxonomy":"product_tag","embeddable":true,"href":"https:\/\/smania.store\/de\/wp-json\/wp\/v2\/product_tag?post=27667"}],"curies":[{"name":"wp","href":"https:\/\/api.w.org\/{rel}","templated":true}]}}