{"id":27121,"date":"2021-10-29T08:19:37","date_gmt":"2021-10-29T06:19:37","guid":{"rendered":"https:\/\/smania.store\/de\/produkt\/kuscheldecke-mit-aermeln-snughug\/"},"modified":"2025-10-20T08:48:40","modified_gmt":"2025-10-20T06:48:40","slug":"kuscheldecke-mit-aermeln-snughug","status":"publish","type":"product","link":"https:\/\/smania.store\/de\/produkt\/kuscheldecke-mit-aermeln-snughug\/","title":{"rendered":"Kuscheldecke mit \u00c4rmeln SnugHug"},"content":{"rendered":"<div class=\"smania_landing_description_title\">NEU! Kuscheldecke mit \u00c4rmeln SnugHug<\/div>\n<div class=\"smania_landing_description_txt\">Genie\u00dfe die warme Umarmung der SnugHug Kuscheldecke!<\/div>\n<div class=\"smania_landing_description_subtitle\">Zieh die warme SnugHug Decke an und finde Genuss auch an den k\u00e4ltesten Tagen. Hochwertiges Material, vereint mit ansprechendem Design sorgt f\u00fcr dein Wohlbefinden, sowohl zu Hause, als auch in kalten N\u00e4chten unter dem Sternenhimmel.<\/div>\n<div class=\"smania_landing_description_list\">\n<ul>\n<li>Hergestellt aus warmem, hochwertigem Fleece<\/li>\n<li>Weich und komfortabel<\/li>\n<li>Mit Kapuze und \u00c4rmeln, um K\u00e4lte abzuwehren<\/li>\n<li>Verschiedene Farboptionen<\/li>\n<li>F\u00fcr den Innen- und Au\u00dfenbereich geeignet<\/li>\n<\/ul><\/div>\n","protected":false},"excerpt":{"rendered":"<p>Kuscheliges Design|Unglaublich warm|Qualit\u00e4tvolle Herstellung|Bestimmte Varianten leuchten im Dunkeln|Material: 100% Polyesterfasern|Au\u00dferordentlicher Komfort|Einheitsgr\u00f6\u00dfe|Perfektes Geschenk im Winter<\/p>\n","protected":false},"featured_media":40597,"template":"","meta":[],"product_cat":[2410,21],"product_tag":[1665],"acf":[],"_links":{"self":[{"href":"https:\/\/smania.store\/de\/wp-json\/wp\/v2\/product\/27121"}],"collection":[{"href":"https:\/\/smania.store\/de\/wp-json\/wp\/v2\/product"}],"about":[{"href":"https:\/\/smania.store\/de\/wp-json\/wp\/v2\/types\/product"}],"wp:featuredmedia":[{"embeddable":true,"href":"https:\/\/smania.store\/de\/wp-json\/wp\/v2\/media\/40597"}],"wp:attachment":[{"href":"https:\/\/smania.store\/de\/wp-json\/wp\/v2\/media?parent=27121"}],"wp:term":[{"taxonomy":"product_cat","embeddable":true,"href":"https:\/\/smania.store\/de\/wp-json\/wp\/v2\/product_cat?post=27121"},{"taxonomy":"product_tag","embeddable":true,"href":"https:\/\/smania.store\/de\/wp-json\/wp\/v2\/product_tag?post=27121"}],"curies":[{"name":"wp","href":"https:\/\/api.w.org\/{rel}","templated":true}]}}