{"id":97209,"date":"2026-05-04T07:53:01","date_gmt":"2026-05-04T05:53:01","guid":{"rendered":"https:\/\/smania.store\/cz\/vyrobek\/babytower-drevena-nastavitelne-ucici-vez\/"},"modified":"2026-05-04T08:47:37","modified_gmt":"2026-05-04T06:47:37","slug":"babytower-drevena-nastavitelne-ucici-vez","status":"publish","type":"product","link":"https:\/\/smania.store\/cz\/vyrobek\/babytower-drevena-nastavitelne-ucici-vez\/","title":{"rendered":"BabyTower\u2122 d\u0159ev\u011bn\u00e1 nastaviteln\u00e9 u\u010d\u00edc\u00ed v\u011b\u017e"},"content":{"rendered":"<div class=\"smania_landing_description_title\">NOV\u00c9: Pozvedn\u011bte dekoraci sv\u00e9 kuchyn\u011b<\/div>\n<div class=\"smania_landing_description_txt\">Pozvedn\u011bte jejich sv\u011bt. Bezpe\u010dn\u011b.<\/div>\n<div class=\"smania_landing_description_subtitle\">BabyTower\u2122 je pevn\u00e1 d\u0159ev\u011bn\u00e1 u\u010d\u00edc\u00ed v\u011b\u017e, kter\u00e1 zved\u00e1 va\u0161e d\u00edt\u011b na \u00farove\u0148 pracovn\u00ed desky, aby mohlo bezpe\u010dn\u011b objevovat, u\u010dit se a pom\u00e1hat po va\u0161em boku. S skl\u00e1dac\u00ed konstrukc\u00ed a 3 nastaviteln\u00fdmi v\u00fd\u0161kami plo\u0161iny roste spolu s va\u0161\u00edm d\u00edt\u011btem od prvn\u00edch kr\u016f\u010dk\u016f a\u017e po sebev\u011bdom\u00e9 pomocn\u00edky v kuchyni.<\/div>\n<div class=\"smania_landing_description_list\">\n<ul>\n<li>Skl\u00e1dac\u00ed design \u0161et\u0159\u00ed m\u00edsto a snadno se skladuje v mal\u00fdch kuchyn\u00edch <\/li>\n<li>T\u0159i nastaviteln\u00e9 v\u00fd\u0161ky se p\u0159izp\u016fsobuj\u00ed r\u016fstu va\u0161eho d\u00edt\u011bte od 1 do 6 let <\/li>\n<li>\u0160irok\u00e1 stoj\u00edc\u00ed platforma udr\u017euje d\u011bti stabiln\u00ed a v bezpe\u010d\u00ed, kdy\u017e si hraj\u00ed nebo pom\u00e1haj\u00ed <\/li>\n<li>Pevn\u00e1 d\u0159ev\u011bn\u00e1 konstrukce zaji\u0161\u0165uje trvanlivost a bezpe\u010dnost <\/li>\n<li>Zaoblen\u00e9 hrany a ochrann\u00fd povrch zaji\u0161\u0165uj\u00ed design bezpe\u010dn\u00fd pro d\u011bti<\/li>\n<\/ul><\/div>\n","protected":false},"excerpt":{"rendered":"<p>Skl\u00e1dac\u00ed, prostorov\u011b \u00fasporn\u00fd design |3 nastaviteln\u00e9 v\u00fd\u0161kov\u00e9 \u00farovn\u011b |Stabiln\u00ed \u0161irok\u00e1 stojn\u00e1 plo\u0161ina |Bezpe\u010dn\u00e9 zaoblen\u00e9 hrany |Pomocn\u00edk do kuchyn\u011b, hern\u00ed v\u011b\u017e, v\u011b\u017e pro vzd\u011bl\u00e1vac\u00ed aktivity|Materi\u00e1l: Vysoce kvalitn\u00ed p\u0159ekli\u017eka s d\u011btsky bezpe\u010dn\u00fdm lakem |V\u011bkov\u00fd rozsah: 12 m\u011bs\u00edc\u016f a\u017e 6 let |Rozm\u011bry v rozlo\u017een\u00e9m stavu: 90 x 58 x 50 cm |Podp\u011bry: Bo\u010dn\u00ed stabiliz\u00e1tory + zadn\u00ed podpora pro v\u011bt\u0161\u00ed stabilitu |Bezpe\u010dnostn\u00ed pozn\u00e1mka: Pouze jedno d\u00edt\u011b najednou; vy\u017eaduje se dohled dosp\u011bl\u00e9 osoby<\/p>\n","protected":false},"featured_media":97296,"template":"","meta":[],"product_cat":[17],"product_tag":[1481],"acf":[],"_links":{"self":[{"href":"https:\/\/smania.store\/cz\/wp-json\/wp\/v2\/product\/97209"}],"collection":[{"href":"https:\/\/smania.store\/cz\/wp-json\/wp\/v2\/product"}],"about":[{"href":"https:\/\/smania.store\/cz\/wp-json\/wp\/v2\/types\/product"}],"wp:featuredmedia":[{"embeddable":true,"href":"https:\/\/smania.store\/cz\/wp-json\/wp\/v2\/media\/97296"}],"wp:attachment":[{"href":"https:\/\/smania.store\/cz\/wp-json\/wp\/v2\/media?parent=97209"}],"wp:term":[{"taxonomy":"product_cat","embeddable":true,"href":"https:\/\/smania.store\/cz\/wp-json\/wp\/v2\/product_cat?post=97209"},{"taxonomy":"product_tag","embeddable":true,"href":"https:\/\/smania.store\/cz\/wp-json\/wp\/v2\/product_tag?post=97209"}],"curies":[{"name":"wp","href":"https:\/\/api.w.org\/{rel}","templated":true}]}}