{"id":97196,"date":"2026-05-04T07:46:46","date_gmt":"2026-05-04T05:46:46","guid":{"rendered":"https:\/\/smania.store\/cz\/vyrobek\/bouncepro-skladaci-trampolina-s-nastavitelnym-madlem\/"},"modified":"2026-05-11T11:13:47","modified_gmt":"2026-05-11T09:13:47","slug":"bouncepro-skladaci-trampolina-s-nastavitelnym-madlem","status":"publish","type":"product","link":"https:\/\/smania.store\/cz\/vyrobek\/bouncepro-skladaci-trampolina-s-nastavitelnym-madlem\/","title":{"rendered":"BouncePro\u2122 skl\u00e1dac\u00ed trampol\u00edna s nastaviteln\u00fdm madlem"},"content":{"rendered":"<div class=\"smania_landing_description_title\">NOV\u00c9: Zvy\u0161te svou cvi\u010debn\u00ed rutinu<\/div>\n<div class=\"smania_landing_description_txt\">Nastavte to rychle, sko\u010dte je\u0161t\u011b rychleji!<\/div>\n<div class=\"smania_landing_description_subtitle\"> Pozvedn\u011bte sv\u00e9 dom\u00e1c\u00ed tr\u00e9ninky s BouncePro\u2122! Navr\u017een pro bezpe\u010dn\u00e9 a intenzivn\u00ed cvi\u010den\u00ed, zlep\u0161uje kardio, rovnov\u00e1hu a s\u00edlu\u2014vytv\u00e1\u0159\u00ed kompaktn\u00ed fitness z\u00f3nu pro v\u0161echny v\u011bkov\u00e9 kategorie.<\/div>\n<div class=\"smania_landing_description_list\">\n<ul>\n<li>Skl\u00e1dac\u00ed design pro snadn\u00e9 uskladn\u011bn\u00ed <\/li>\n<li>Nastaviteln\u00e9 op\u011brky na ruce pro zv\u00fd\u0161enou bezpe\u010dnost <\/li>\n<li>Sni\u017euje stres na klouby s m\u011bkk\u00fdm odrazem <\/li>\n<li>Tich\u00e9 gumov\u00e9 podlo\u017eky udr\u017euj\u00ed klid <\/li>\n<li>Podporuje cvi\u010den\u00ed uvnit\u0159 i venku <\/li>\n<li>Robustn\u00ed ocelov\u00e1 konstrukce s p\u0159esnou rovnov\u00e1hou<\/li>\n<\/ul><\/div>\n","protected":false},"excerpt":{"rendered":"<p>Spalte kalorie s ka\u017ed\u00fdm skokem |Zaji\u0161\u0165uje tich\u00fd a klidn\u00fd tr\u00e9nink |Odoln\u00fd materi\u00e1l odoln\u00fd proti po\u0161kr\u00e1b\u00e1n\u00ed |Podporuje r\u016fst sval\u016f bez n\u00e1mahy|Nosnost: a\u017e 250 kg |Rozm\u011bry: 100 x 92-115 cm |V\u00fd\u0161ka nohou: 22 cm |Materi\u00e1l: PP sk\u00e1kac\u00ed tkanina, polyesterov\u00e1 tkanina s s\u00edt\u00ed, m\u011bkk\u00e1 guma, zpevn\u011bn\u00e1 ocelov\u00e1 trubka<\/p>\n","protected":false},"featured_media":97308,"template":"","meta":[],"product_cat":[21],"product_tag":[1999],"acf":[],"_links":{"self":[{"href":"https:\/\/smania.store\/cz\/wp-json\/wp\/v2\/product\/97196"}],"collection":[{"href":"https:\/\/smania.store\/cz\/wp-json\/wp\/v2\/product"}],"about":[{"href":"https:\/\/smania.store\/cz\/wp-json\/wp\/v2\/types\/product"}],"wp:featuredmedia":[{"embeddable":true,"href":"https:\/\/smania.store\/cz\/wp-json\/wp\/v2\/media\/97308"}],"wp:attachment":[{"href":"https:\/\/smania.store\/cz\/wp-json\/wp\/v2\/media?parent=97196"}],"wp:term":[{"taxonomy":"product_cat","embeddable":true,"href":"https:\/\/smania.store\/cz\/wp-json\/wp\/v2\/product_cat?post=97196"},{"taxonomy":"product_tag","embeddable":true,"href":"https:\/\/smania.store\/cz\/wp-json\/wp\/v2\/product_tag?post=97196"}],"curies":[{"name":"wp","href":"https:\/\/api.w.org\/{rel}","templated":true}]}}