{"id":96601,"date":"2026-04-01T11:48:20","date_gmt":"2026-04-01T09:48:20","guid":{"rendered":"https:\/\/smania.store\/cz\/vyrobek\/beejar-design-medove-nadoby-s-lzickou\/"},"modified":"2026-04-01T11:48:20","modified_gmt":"2026-04-01T09:48:20","slug":"beejar-design-medove-nadoby-s-lzickou","status":"publish","type":"product","link":"https:\/\/smania.store\/cz\/vyrobek\/beejar-design-medove-nadoby-s-lzickou\/","title":{"rendered":"BeeJar\u2122 design medov\u00e9 n\u00e1doby s l\u017ei\u010dkou"},"content":{"rendered":"<div class=\"smania_landing_description_title\">NOV\u00c9: Bezprobl\u00e9mov\u00e9 uskladn\u011bn\u00ed bot pod postel\u00ed<\/div>\n<div class=\"smania_landing_description_txt\">Elegance se setk\u00e1v\u00e1 se sladkost\u00ed<\/div>\n<div class=\"smania_landing_description_subtitle\"> Pozvedn\u011bte sv\u016fj st\u016fl s BeeJar\u2122, kr\u00e1sn\u011b zpracovanou medovou n\u00e1dobou s v\u00ed\u010dkem ve stylu \u010dern\u00e9 a zlat\u00e9 v\u010dely a odpov\u00eddaj\u00edc\u00ed l\u017ei\u010dkou. Ide\u00e1ln\u00ed jako funk\u010dn\u00ed n\u00e1doba nebo dekorativn\u00ed st\u0159edobod, p\u0159in\u00e1\u0161\u00ed luxus a kouzlo do ka\u017ed\u00e9 kuchyn\u011b, j\u00eddeln\u00edho stolu nebo \u010dajov\u00e9ho servisu.<\/div>\n<div class=\"smania_landing_description_list\">\n<ul>\n<li>Elegantn\u00ed design v\u010dely \u2013 \u010cernozlat\u00e9 v\u00ed\u010dko ve tvaru v\u010dely okam\u017eit\u011b dod\u00e1 luxus jak\u00e9mukoliv stolu <\/li>\n<li>Kvalitn\u00ed materi\u00e1ly \u2013 \u010cir\u00fd sklen\u011bn\u00fd d\u017eb\u00e1n v kombinaci s le\u0161t\u011bn\u00fdmi kovov\u00fdmi akcenty pro pr\u00e9miov\u00fd vzhled <\/li>\n<li>Funk\u010dn\u00ed a stylov\u00fd \u2013 Ide\u00e1ln\u00ed pro med, cukr \u010di d\u017eemy, z\u00e1rove\u0148 slou\u017e\u00ed jako dekorace <\/li>\n<li>Sou\u010d\u00e1st\u00ed je tak\u00e9 lad\u00edc\u00ed l\u017ei\u010dka \u2013 Koordinovan\u00e1 l\u017ei\u010dka usnad\u0148uje pod\u00e1v\u00e1n\u00ed a dod\u00e1v\u00e1 rafinovan\u00fd vzhled <\/li>\n<li>Skv\u011bl\u00fd n\u00e1pad na d\u00e1rek \u2013 Kr\u00e1sn\u00fd kousek pro milovn\u00edky \u010daje, fanou\u0161ky dom\u00e1c\u00edho dekoru \u010di speci\u00e1ln\u00ed p\u0159\u00edle\u017eitosti<\/li>\n<\/ul><\/div>\n","protected":false},"excerpt":{"rendered":"<p>Elegantn\u00ed \u010dern\u00e9 a zlat\u00e9 proveden\u00ed |Odoln\u00e1 sklen\u011bn\u00e1 konstrukce |Obsahuje koordinuj\u00edc\u00ed l\u017ei\u010dku |Ide\u00e1ln\u00ed pro serv\u00edrov\u00e1n\u00ed nebo vystaven\u00ed|Materi\u00e1l: Sklen\u011bn\u00e1 n\u00e1doba + le\u0161t\u011bn\u00fd kovov\u00fd v\u00ed\u010dko |T\u00e9ma: V\u010dela \/ luxusn\u00ed zv\u00ed\u0159ec\u00ed dekorace |Barva: \u010cern\u00e1 a zlat\u00e1 |Sou\u010d\u00e1st\u00ed: Odpov\u00eddaj\u00edc\u00ed l\u017ei\u010dka<\/p>\n","protected":false},"featured_media":96589,"template":"","meta":[],"product_cat":[16],"product_tag":[2460],"acf":[],"_links":{"self":[{"href":"https:\/\/smania.store\/cz\/wp-json\/wp\/v2\/product\/96601"}],"collection":[{"href":"https:\/\/smania.store\/cz\/wp-json\/wp\/v2\/product"}],"about":[{"href":"https:\/\/smania.store\/cz\/wp-json\/wp\/v2\/types\/product"}],"wp:featuredmedia":[{"embeddable":true,"href":"https:\/\/smania.store\/cz\/wp-json\/wp\/v2\/media\/96589"}],"wp:attachment":[{"href":"https:\/\/smania.store\/cz\/wp-json\/wp\/v2\/media?parent=96601"}],"wp:term":[{"taxonomy":"product_cat","embeddable":true,"href":"https:\/\/smania.store\/cz\/wp-json\/wp\/v2\/product_cat?post=96601"},{"taxonomy":"product_tag","embeddable":true,"href":"https:\/\/smania.store\/cz\/wp-json\/wp\/v2\/product_tag?post=96601"}],"curies":[{"name":"wp","href":"https:\/\/api.w.org\/{rel}","templated":true}]}}