{"id":96463,"date":"2026-03-26T08:40:58","date_gmt":"2026-03-26T07:40:58","guid":{"rendered":"https:\/\/smania.store\/cz\/vyrobek\/pianorack-dreveny-stojan-na-klice-v-designu-pianovych-klaves\/"},"modified":"2026-04-15T13:26:04","modified_gmt":"2026-04-15T11:26:04","slug":"pianorack-dreveny-stojan-na-klice-v-designu-pianovych-klaves","status":"publish","type":"product","link":"https:\/\/smania.store\/cz\/vyrobek\/pianorack-dreveny-stojan-na-klice-v-designu-pianovych-klaves\/","title":{"rendered":"PianoRack\u2122 d\u0159ev\u011bn\u00fd stojan na kl\u00ed\u010de v designu pianov\u00fdch kl\u00e1ves"},"content":{"rendered":"<div class=\"smania_landing_description_title\">NOV\u00c9: Prom\u011b\u0148te prostor za p\u00e1r sekund<\/div>\n<div class=\"smania_landing_description_txt\">Zasa\u010fte dokonal\u00fd t\u00f3n stylu a \u00falo\u017en\u00e9ho prostoru<\/div>\n<div class=\"smania_landing_description_subtitle\"> Pozvedn\u011bte sv\u016fj obytn\u00fd prostor s exkluzivn\u00edm PianoRack\u2122! V\u00edce ne\u017e jen v\u011b\u0161\u00e1k na kab\u00e1ty, je to okouzluj\u00edc\u00ed spojen\u00ed um\u011bn\u00ed a funkce. Vyrobeno z odoln\u00e9ho o\u0159echov\u00e9ho d\u0159eva, jeho jedine\u010dn\u00fd design kl\u00e1ves pianina slou\u017e\u00ed tak\u00e9 jako \u0161ik dekorace. Oto\u010dte h\u00e1\u010dek dol\u016f, kdy\u017e ho pot\u0159ebujete; oto\u010dte ho nahoru, kdy\u017e ho nepot\u0159ebujete.<\/div>\n<div class=\"smania_landing_description_list\">\n<ul>\n<li>Stylov\u00fd design kl\u00e1vesy piana p\u0159id\u00e1v\u00e1 \u0161mrnc <\/li>\n<li>Magnetick\u00e9 h\u00e1\u010dky zabra\u0148uj\u00ed n\u00e1hodn\u00e9mu otev\u0159en\u00ed <\/li>\n<li>Ru\u010dn\u00ed v\u00fdroba z masivn\u00edho a odoln\u00e9ho o\u0159echu <\/li>\n<li>Univerz\u00e1ln\u00ed pou\u017eit\u00ed pro klobouky, kab\u00e1ty, paruky <\/li>\n<li>Samostatn\u00e9 odstup\u0148ov\u00e1n\u00ed s retrak\u010dn\u00edmi h\u00e1\u010dky <\/li>\n<li>Sada 10 praktick\u00fdch h\u00e1\u010dk\u016f pro organizovan\u00e9 ka\u017edodenn\u00ed pou\u017eit\u00ed<\/li>\n<\/ul><\/div>\n","protected":false},"excerpt":{"rendered":"<p>Vylep\u0161uje v\u00fdzdobu ka\u017ed\u00e9 m\u00edstnosti |\u0160et\u0159\u00ed m\u00edsto, maximalizuje funk\u010dnost |Snadn\u00e9 montov\u00e1n\u00ed na jakoukoli ze\u010f |Inovativn\u00ed technologie magnetick\u00e9ho uzav\u0159en\u00ed|Barevn\u00e9 varianty: Tmav\u011b nebo sv\u011btl\u011b hn\u011bd\u00e1 |Rozm\u011bry: 71 x 14,5 x 3,5 cm |Po\u010det h\u00e1\u010dk\u016f: 10 |Materi\u00e1l: D\u0159evo<\/p>\n","protected":false},"featured_media":96448,"template":"","meta":[],"product_cat":[16],"product_tag":[],"acf":[],"_links":{"self":[{"href":"https:\/\/smania.store\/cz\/wp-json\/wp\/v2\/product\/96463"}],"collection":[{"href":"https:\/\/smania.store\/cz\/wp-json\/wp\/v2\/product"}],"about":[{"href":"https:\/\/smania.store\/cz\/wp-json\/wp\/v2\/types\/product"}],"wp:featuredmedia":[{"embeddable":true,"href":"https:\/\/smania.store\/cz\/wp-json\/wp\/v2\/media\/96448"}],"wp:attachment":[{"href":"https:\/\/smania.store\/cz\/wp-json\/wp\/v2\/media?parent=96463"}],"wp:term":[{"taxonomy":"product_cat","embeddable":true,"href":"https:\/\/smania.store\/cz\/wp-json\/wp\/v2\/product_cat?post=96463"},{"taxonomy":"product_tag","embeddable":true,"href":"https:\/\/smania.store\/cz\/wp-json\/wp\/v2\/product_tag?post=96463"}],"curies":[{"name":"wp","href":"https:\/\/api.w.org\/{rel}","templated":true}]}}