{"id":96303,"date":"2026-03-16T06:22:10","date_gmt":"2026-03-16T05:22:10","guid":{"rendered":"https:\/\/smania.store\/cz\/vyrobek\/spinrack-otocny-vozik-na-regaly-4-urovne\/"},"modified":"2026-04-15T15:12:58","modified_gmt":"2026-04-15T13:12:58","slug":"spinrack-otocny-vozik-na-regaly-4-urovne","status":"publish","type":"product","link":"https:\/\/smania.store\/cz\/vyrobek\/spinrack-otocny-vozik-na-regaly-4-urovne\/","title":{"rendered":"SpinRack\u2122 oto\u010dn\u00fd voz\u00edk na reg\u00e1ly &#8211; 4 \u00farovn\u011b"},"content":{"rendered":"<div class=\"smania_landing_description_title\">NOV\u00c9: Organizujte snadno, pohybujte se bez n\u00e1mahy<\/div>\n<div class=\"smania_landing_description_txt\">Chytr\u00e9 \u00falo\u017ei\u0161t\u011b, kter\u00e9 se pohybuje s v\u00e1mi!<\/div>\n<div class=\"smania_landing_description_subtitle\">Zave\u010fte po\u0159\u00e1dek do jak\u00e9koli m\u00edstnosti s elegantn\u00edm oto\u010dn\u00fdm voz\u00edkem SpinRack\u2122. Jeho \u010dty\u0159vrstv\u00fd design umo\u017e\u0148uje bezprobl\u00e9movou organizaci va\u0161\u00ed dom\u00e1cnosti. D\u00edky hladk\u00e9mu 360\u00b0 ot\u00e1\u010den\u00ed, odoln\u00e9 kovov\u00e9 konstrukci a prostorn\u00e9mu \u00falo\u017en\u00e9mu prostoru m\u00e1te v\u0161e na dosah ruky\u2014ide\u00e1ln\u00ed pro kuchyn\u011b, koupelny nebo jak\u00fdkoli kout, kter\u00fd pot\u0159ebuje kousek po\u0159\u00e1dku a stylu.<\/div>\n<div class=\"smania_landing_description_list\">\n<ul>\n<li>Velk\u00e9 4-vrstv\u00e9 \u00falo\u017ei\u0161t\u011b udr\u017euje v\u00e1\u0161 prostor uspo\u0159\u00e1dan\u00fd a bez nepo\u0159\u00e1dku <\/li>\n<li>Prody\u0161n\u00e1 s\u00ed\u0165ovina udr\u017euje p\u0159edm\u011bty \u010derstv\u00e9 a bezpe\u010dn\u00e9 <\/li>\n<li>360\u00b0 oto\u010dn\u00e1 kole\u010dka zaji\u0161\u0165uj\u00ed snadnou manipulaci <\/li>\n<li>Kompaktn\u00ed design se vejde do jak\u00e9hokoli \u00fazk\u00e9ho prostoru <\/li>\n<li>Navr\u017eeno pro ka\u017edodenn\u00ed pou\u017e\u00edv\u00e1n\u00ed\u2014pevn\u00e9, stabiln\u00ed a snadno se \u010dist\u00ed <\/li>\n<li>Vylep\u0161uje va\u0161e interi\u00e9ry modern\u00ed funk\u010dnost\u00ed<\/li>\n<\/ul><\/div>\n","protected":false},"excerpt":{"rendered":"<p>4 pohybliv\u00e9 ko\u0161\u00edky |360\u00b0 ot\u00e1\u010dec\u00ed kole\u010dka |Zes\u00edlen\u00e9 r\u00e1my pro zv\u00fd\u0161enou bezpe\u010dnost|Materi\u00e1l: Karbonov\u00e1 ocel |Rozm\u011bry: 80 \u00d7 26,5 cm |Barva: \u010cern\u00e1<\/p>\n","protected":false},"featured_media":96289,"template":"","meta":[],"product_cat":[16,223],"product_tag":[2460,1535],"acf":[],"_links":{"self":[{"href":"https:\/\/smania.store\/cz\/wp-json\/wp\/v2\/product\/96303"}],"collection":[{"href":"https:\/\/smania.store\/cz\/wp-json\/wp\/v2\/product"}],"about":[{"href":"https:\/\/smania.store\/cz\/wp-json\/wp\/v2\/types\/product"}],"wp:featuredmedia":[{"embeddable":true,"href":"https:\/\/smania.store\/cz\/wp-json\/wp\/v2\/media\/96289"}],"wp:attachment":[{"href":"https:\/\/smania.store\/cz\/wp-json\/wp\/v2\/media?parent=96303"}],"wp:term":[{"taxonomy":"product_cat","embeddable":true,"href":"https:\/\/smania.store\/cz\/wp-json\/wp\/v2\/product_cat?post=96303"},{"taxonomy":"product_tag","embeddable":true,"href":"https:\/\/smania.store\/cz\/wp-json\/wp\/v2\/product_tag?post=96303"}],"curies":[{"name":"wp","href":"https:\/\/api.w.org\/{rel}","templated":true}]}}