{"id":96284,"date":"2026-03-16T05:19:34","date_gmt":"2026-03-16T04:19:34","guid":{"rendered":"https:\/\/smania.store\/cz\/vyrobek\/dinopop-3d-encyklopedie-dinosauru-s-pop-up-prvky\/"},"modified":"2026-04-02T20:37:43","modified_gmt":"2026-04-02T18:37:43","slug":"dinopop-3d-encyklopedie-dinosauru-s-pop-up-prvky","status":"publish","type":"product","link":"https:\/\/smania.store\/cz\/vyrobek\/dinopop-3d-encyklopedie-dinosauru-s-pop-up-prvky\/","title":{"rendered":"DinoPop\u2122 3D encyklopedie dinosaur\u016f s pop-up prvky"},"content":{"rendered":"<div class=\"smania_landing_description_title\">NOV\u00c9, Jednoduch\u00e9 \u010di\u0161t\u011bn\u00ed pro ka\u017ed\u00fd povrch<\/div>\n<div class=\"smania_landing_description_txt\">Kniha, kter\u00e1 p\u0159iv\u00e1d\u00ed dinosaury zp\u011bt<\/div>\n<div class=\"smania_landing_description_subtitle\">DinoPop\u2122 p\u0159iv\u00e1d\u00ed sv\u011bt dinosaur\u016f k \u017eivotu s obrovsk\u00fdmi 3D pop-up ilustracemi, kter\u00e9 sk\u00e1\u010dou z knihy v ohromuj\u00edc\u00edm detailu. Pln\u00e9 fascinuj\u00edc\u00edch fakt\u016f, humoru a spektakul\u00e1rn\u00ed pap\u00edrov\u00e9 techniky, prom\u011bn\u00ed u\u010den\u00ed v nezapomenuteln\u00e9 dobrodru\u017estv\u00ed.<\/div>\n<div class=\"smania_landing_description_list\">\n<ul>\n<li>Obrovsk\u00e9 3D vyskakovac\u00ed obr\u00e1zky, kter\u00e9 se rozvinou do \u017eivotn\u00edch dinosaur\u016f na ka\u017ed\u00e9 hlavn\u00ed dvojstran\u011b <\/li>\n<li>Obsahuje T. rexe, velociraptory, dlouhokrk\u00e9 obry, obrn\u011bn\u00e9 dinosaury a mnoho m\u00e9n\u011b zn\u00e1m\u00fdch druh\u016f <\/li>\n<li>Mal\u00e9 vyskakovac\u00ed kn\u00ed\u017eky odhaluj\u00ed dal\u0161\u00ed fakta, p\u0159\u00edb\u011bhy a p\u0159ekvapuj\u00edc\u00ed prehistorick\u00e9 detaily <\/li>\n<li>Kombinace vzd\u011bl\u00e1vac\u00edho obsahu a hrav\u00e9ho humoru udr\u017euje z\u00e1jem jak d\u011bt\u00ed, tak dosp\u011bl\u00fdch <\/li>\n<li>Vytvo\u0159eno z kvalitn\u00edho pap\u00edru, navr\u017een\u00e9ho tak, aby ohromovalo, u\u010dilo a vydr\u017eelo po l\u00e9ta<\/li>\n<\/ul><\/div>\n","protected":false},"excerpt":{"rendered":"<p>Obrovsk\u00e9 3D pop-up knihy |Vzd\u011bl\u00e1vac\u00ed a z\u00e1bavn\u00e9 |\u017div\u00e9 ilustrace |Mnoho druh\u016f zahrnuto |Perfektn\u00ed d\u00e1rek pro fanou\u0161ky dinosaura|Form\u00e1t: 3D pop-up encyklopedie |Strany: 6 velk\u00fdch stran s n\u011bkolika mini pop-upy |Obsah: Fakta, prav\u011bk\u00e1 historie, p\u0159\u00edb\u011bhy paleontologie |Pro v\u011bkovou skupinu: 4+ (skv\u011bl\u00e9 tak\u00e9 pro sb\u011bratele a dosp\u011bl\u00e9) |Velikost: 25 x 20 x 2,5 cm<\/p>\n","protected":false},"featured_media":96271,"template":"","meta":[],"product_cat":[17],"product_tag":[1637],"acf":[],"_links":{"self":[{"href":"https:\/\/smania.store\/cz\/wp-json\/wp\/v2\/product\/96284"}],"collection":[{"href":"https:\/\/smania.store\/cz\/wp-json\/wp\/v2\/product"}],"about":[{"href":"https:\/\/smania.store\/cz\/wp-json\/wp\/v2\/types\/product"}],"wp:featuredmedia":[{"embeddable":true,"href":"https:\/\/smania.store\/cz\/wp-json\/wp\/v2\/media\/96271"}],"wp:attachment":[{"href":"https:\/\/smania.store\/cz\/wp-json\/wp\/v2\/media?parent=96284"}],"wp:term":[{"taxonomy":"product_cat","embeddable":true,"href":"https:\/\/smania.store\/cz\/wp-json\/wp\/v2\/product_cat?post=96284"},{"taxonomy":"product_tag","embeddable":true,"href":"https:\/\/smania.store\/cz\/wp-json\/wp\/v2\/product_tag?post=96284"}],"curies":[{"name":"wp","href":"https:\/\/api.w.org\/{rel}","templated":true}]}}