{"id":96023,"date":"2026-02-27T10:10:18","date_gmt":"2026-02-27T09:10:18","guid":{"rendered":"https:\/\/smania.store\/cz\/vyrobek\/peelpro-automaticky-skrabka-na-zeleninu-a-ovoce\/"},"modified":"2026-03-11T15:12:13","modified_gmt":"2026-03-11T14:12:13","slug":"peelpro-automaticky-skrabka-na-zeleninu-a-ovoce","status":"publish","type":"product","link":"https:\/\/smania.store\/cz\/vyrobek\/peelpro-automaticky-skrabka-na-zeleninu-a-ovoce\/","title":{"rendered":"PeelPro\u2122 automatick\u00fd \u0161krabka na zeleninu a ovoce"},"content":{"rendered":"<div class=\"smania_landing_description_title\"> NOV\u00c9: Rychl\u00e9 loup\u00e1n\u00ed za sekundy <\/div>\n<div class=\"smania_landing_description_txt\"> Chyt\u0159ej\u0161\u00ed peeling za\u010d\u00edn\u00e1 zde! <\/div>\n<div class=\"smania_landing_description_subtitle\"> Rozlu\u010dte se s nepo\u0159\u00e1dkem p\u0159i loupech a p\u0159iv\u00edtejte \u010distou radost v kuchyni! PeelPro loupe ovoce a \u010desnek b\u011bhem n\u011bkolika sekund \u2014 rychle, p\u0159esn\u011b a bez odpadu. Za\u017eijte budoucnost rychlej\u0161\u00edho a \u010dist\u0161\u00edho va\u0159en\u00ed je\u0161t\u011b dnes! <\/div>\n<div class=\"smania_landing_description_list\">\n<ul>\n<li>Oloupe perfektn\u011b b\u011bhem n\u011bkolika sekund \u2014 \u017e\u00e1dn\u00e1 du\u017eina neztracena, \u017e\u00e1dn\u00fd odpad <\/li>\n<li>Vysokorychlostn\u00ed p\u0159esnost pro hladk\u00e9 a \u010dist\u00e9 v\u00fdsledky poka\u017ed\u00e9 <\/li>\n<li>Kompaktn\u00ed a dob\u00edjec\u00ed \u2014 vejde se kamkoliv a je p\u0159ipraven k pou\u017eit\u00ed, kdykoli ho pot\u0159ebujete <\/li>\n<li>Usnad\u0148uje loup\u00e1n\u00ed doma i venku <\/li>\n<li>Snadn\u00e9 \u010di\u0161t\u011bn\u00ed s pln\u011b odn\u00edmateln\u00fdmi d\u00edly <\/li>\n<li>Udr\u017euje va\u0161i kuchyni uklizenou, sv\u011b\u017e\u00ed a hygienickou <\/li>\n<li>Bezpe\u010dn\u00e9, jednoduch\u00e9 a z\u00e1bavn\u00e9 pro ka\u017ed\u00e9ho k pou\u017eit\u00ed<\/li>\n<\/ul><\/div>\n","protected":false},"excerpt":{"rendered":"<p>Loupe b\u011bhem pouh\u00fdch 20 sekund |A\u017e 2+ hodiny bezdr\u00e1tov\u00e9ho pou\u017eit\u00ed |Automatick\u00e9 ovl\u00e1d\u00e1n\u00ed na jedno stisknut\u00ed |Lehk\u00fd design 0,8 kg pro snadnou manipulaci |Odoln\u00e9 nerezov\u00e9 \u010depele pro dlouhotrvaj\u00edc\u00ed v\u00fdkon|Materi\u00e1l: Polypropylen (PP) |Velikost: 20 \u00d7 22 cm |Kapacita baterie: 1300mAh (nab\u00edjec\u00ed) |Zp\u016fsob nab\u00edjen\u00ed: USB (nab\u00edjec\u00ed kabel v\u010detn\u011b) |\u00dadr\u017eba: D\u00edly vhodn\u00e9 do my\u010dky n\u00e1dob\u00ed<\/p>\n","protected":false},"featured_media":96010,"template":"","meta":[],"product_cat":[223],"product_tag":[1790],"acf":[],"_links":{"self":[{"href":"https:\/\/smania.store\/cz\/wp-json\/wp\/v2\/product\/96023"}],"collection":[{"href":"https:\/\/smania.store\/cz\/wp-json\/wp\/v2\/product"}],"about":[{"href":"https:\/\/smania.store\/cz\/wp-json\/wp\/v2\/types\/product"}],"wp:featuredmedia":[{"embeddable":true,"href":"https:\/\/smania.store\/cz\/wp-json\/wp\/v2\/media\/96010"}],"wp:attachment":[{"href":"https:\/\/smania.store\/cz\/wp-json\/wp\/v2\/media?parent=96023"}],"wp:term":[{"taxonomy":"product_cat","embeddable":true,"href":"https:\/\/smania.store\/cz\/wp-json\/wp\/v2\/product_cat?post=96023"},{"taxonomy":"product_tag","embeddable":true,"href":"https:\/\/smania.store\/cz\/wp-json\/wp\/v2\/product_tag?post=96023"}],"curies":[{"name":"wp","href":"https:\/\/api.w.org\/{rel}","templated":true}]}}