{"id":95960,"date":"2026-02-26T11:37:29","date_gmt":"2026-02-26T10:37:29","guid":{"rendered":"https:\/\/smania.store\/cz\/vyrobek\/simstation-sada-vzdelavacich-hracek-pro-simulaci-rizeni\/"},"modified":"2026-03-04T18:33:04","modified_gmt":"2026-03-04T17:33:04","slug":"simstation-sada-vzdelavacich-hracek-pro-simulaci-rizeni","status":"publish","type":"product","link":"https:\/\/smania.store\/cz\/vyrobek\/simstation-sada-vzdelavacich-hracek-pro-simulaci-rizeni\/","title":{"rendered":"SimStation\u2122 sada vzd\u011bl\u00e1vac\u00edch hra\u010dek pro simulaci \u0159\u00edzen\u00ed"},"content":{"rendered":"<div class=\"smania_landing_description_title\">NOV\u00c9: Ultim\u00e1tn\u00ed z\u00e1\u017eitek z j\u00edzdy<\/div>\n<div class=\"smania_landing_description_txt\">Mal\u00e9 ruce, velk\u00e1 dobrodru\u017estv\u00ed \u2014 vyraz\u00edme na j\u00edzdu! Vroom, vroom!<\/div>\n<div class=\"smania_landing_description_subtitle\">Dosta\u0148te p\u0159edstavivost sv\u00e9ho d\u00edt\u011bte na pln\u00e9 obr\u00e1tky! Tato interaktivn\u00ed \u0159idi\u010dsk\u00e1 stanice spojuje sv\u011btla, zvuky a skute\u010dnou z\u00e1bavu s \u0159\u00edzen\u00edm \u2014 prom\u011b\u0148uje hrac\u00ed \u010das v dobrodru\u017estv\u00ed. Perfektn\u00ed d\u00e1rek, kter\u00fd inspiruje k u\u010den\u00ed, tvo\u0159ivosti a nekone\u010dn\u00e9 radosti!<\/div>\n<div class=\"smania_landing_description_list\">\n<ul>\n<li>Realistick\u00e1 sv\u011btla, zvuky a pohyb pro vzru\u0161uj\u00edc\u00ed hern\u00ed z\u00e1\u017eitek <\/li>\n<li>Podporuje p\u0159edstavivost, koordinaci a kreativn\u00ed hran\u00ed rol\u00ed <\/li>\n<li>Obsahuje volant pro simulaci \u0159\u00edzen\u00ed, ped\u00e1l akcelerace a brzdu <\/li>\n<li>Bezpe\u010dn\u00e9, stabiln\u00ed a dokonale p\u0159izp\u016fsoben\u00e9 mal\u00fdm \u0159idi\u010d\u016fm <\/li>\n<li>Perfektn\u00ed d\u00e1rek pro zv\u00eddav\u00e9 a dobrodru\u017en\u00e9 d\u011bti, kter\u00e9 r\u00e1dy objevuj\u00ed<\/li>\n<\/ul><\/div>\n","protected":false},"excerpt":{"rendered":"<p>Vhodn\u00e9 pro v\u011bk od 36 m\u011bs\u00edc\u016f|Vestav\u011bn\u00e1 hudba s nastavitelnou hlasitost\u00ed|M\u011bkk\u00e1 LED sv\u011btla \u0161etrn\u00e1 k o\u010d\u00edm d\u011bt\u00ed|Odn\u00edmateln\u00fd dr\u00e1tov\u00fd reproduktor pro interaktivn\u00ed hru|Cyklick\u00e1 rota\u010dn\u00ed silni\u010dn\u00ed sc\u00e9na pro realistick\u00fd z\u00e1\u017eitek z j\u00edzdy|Volant se ot\u00e1\u010d\u00ed o 90\u00b0 doleva a doprava pro realistickou kontrolu|Materi\u00e1l: ABS, PP, PE (certifikov\u00e1no podle ASTM) |Rozm\u011bry (Hern\u00ed stanice): 47 \u00d7 47 \u00d7 55 cm |Rozm\u011bry (Taburet): 23 \u00d7 23 \u00d7 20 cm |Hmotnost: 3 kg |Nosnost taburetu: 50 kg |Typ baterie: 6 \u00d7 1,5V AA baterie (nejsou sou\u010d\u00e1st\u00ed balen\u00ed)<\/p>\n","protected":false},"featured_media":95947,"template":"","meta":[],"product_cat":[17],"product_tag":[1634,1514],"acf":[],"_links":{"self":[{"href":"https:\/\/smania.store\/cz\/wp-json\/wp\/v2\/product\/95960"}],"collection":[{"href":"https:\/\/smania.store\/cz\/wp-json\/wp\/v2\/product"}],"about":[{"href":"https:\/\/smania.store\/cz\/wp-json\/wp\/v2\/types\/product"}],"wp:featuredmedia":[{"embeddable":true,"href":"https:\/\/smania.store\/cz\/wp-json\/wp\/v2\/media\/95947"}],"wp:attachment":[{"href":"https:\/\/smania.store\/cz\/wp-json\/wp\/v2\/media?parent=95960"}],"wp:term":[{"taxonomy":"product_cat","embeddable":true,"href":"https:\/\/smania.store\/cz\/wp-json\/wp\/v2\/product_cat?post=95960"},{"taxonomy":"product_tag","embeddable":true,"href":"https:\/\/smania.store\/cz\/wp-json\/wp\/v2\/product_tag?post=95960"}],"curies":[{"name":"wp","href":"https:\/\/api.w.org\/{rel}","templated":true}]}}