{"id":95491,"date":"2026-01-27T07:52:32","date_gmt":"2026-01-27T06:52:32","guid":{"rendered":"https:\/\/smania.store\/cz\/vyrobek\/reflexni-3d-pvc-zrcadlovy-panel-na-stenu-50-x-50-cm-baleni-8-kusu\/"},"modified":"2026-01-27T07:52:38","modified_gmt":"2026-01-27T06:52:38","slug":"reflexni-3d-pvc-zrcadlovy-panel-na-stenu-50-x-50-cm-baleni-8-kusu","status":"publish","type":"product","link":"https:\/\/smania.store\/cz\/vyrobek\/reflexni-3d-pvc-zrcadlovy-panel-na-stenu-50-x-50-cm-baleni-8-kusu\/","title":{"rendered":"Reflexn\u00ed\u2122 3D PVC zrcadlov\u00fd panel na st\u011bnu 50 x 50 cm &#8211; balen\u00ed 8 kus\u016f"},"content":{"rendered":"<div class=\"smania_landing_description_title\">NOV\u00c9: Okam\u017eit\u011b prom\u011b\u0148te jakoukoliv ze\u010f nebo strop<\/div>\n<div class=\"smania_landing_description_txt\">Prom\u011b\u0148te ka\u017edou ze\u010f v p\u0159\u00edb\u011bh stylu!<\/div>\n<div class=\"smania_landing_description_subtitle\"> Transformujte sv\u00e9 st\u011bny s Reflectiva\u2122 \u2013 odv\u00e1\u017en\u00e9 3D zrcadlov\u00e9 panely, kter\u00e9 spojuj\u00ed modern\u00ed design s ohromuj\u00edc\u00edmi odrazy. Jsou lehk\u00e9, odoln\u00e9 a snadno se instaluj\u00ed, okam\u017eit\u011b vytvo\u0159\u00ed v\u00fdrazn\u00fd prvek v ka\u017ed\u00e9 m\u00edstnosti.<\/div>\n<div class=\"smania_landing_description_list\">\n<ul>\n<li>Styln\u00ed zrcadlov\u00fd efekt pro modern\u00ed interi\u00e9ry <\/li>\n<li>Ide\u00e1ln\u00ed pro domov nebo kancel\u00e1\u0159 <\/li>\n<li>Pevn\u00fd a flexibiln\u00ed PVC materi\u00e1l <\/li>\n<li>Zesiluje sv\u011btlo, hloubku a prostornost m\u00edstnosti <\/li>\n<li>Zvukov\u00e1 izolace a difuze<\/li>\n<\/ul><\/div>\n","protected":false},"excerpt":{"rendered":"<p>Povrch odoln\u00fd proti po\u0161kr\u00e1b\u00e1n\u00ed pro dlouhotrvaj\u00edc\u00ed lesk |UV-ochrann\u00fd n\u00e1t\u011br zabra\u0148uje vyblednut\u00ed |Ekologick\u00fd PVC \u2013 bezpe\u010dn\u00fd pro ka\u017edou dom\u00e1cnost |N\u00edzk\u00e1 \u00fadr\u017eba \u2013 snadn\u00e9 \u010di\u0161t\u011bn\u00ed|Variace: matn\u00e1 \u0161ed\u00e1, matn\u00e1 b\u00edl\u00e1, d\u0159ev\u011bn\u00e1 struktura |Rozm\u011bry jednoho panelu: 50 x 50 cm |Pokryt\u00ed jednoho panelu: 0,25 m\u00b2 |Pokryt\u00ed balen\u00ed 8 kus\u016f: 2 m\u00b2<\/p>\n","protected":false},"featured_media":95477,"template":"","meta":[],"product_cat":[16],"product_tag":[2460],"acf":[],"_links":{"self":[{"href":"https:\/\/smania.store\/cz\/wp-json\/wp\/v2\/product\/95491"}],"collection":[{"href":"https:\/\/smania.store\/cz\/wp-json\/wp\/v2\/product"}],"about":[{"href":"https:\/\/smania.store\/cz\/wp-json\/wp\/v2\/types\/product"}],"wp:featuredmedia":[{"embeddable":true,"href":"https:\/\/smania.store\/cz\/wp-json\/wp\/v2\/media\/95477"}],"wp:attachment":[{"href":"https:\/\/smania.store\/cz\/wp-json\/wp\/v2\/media?parent=95491"}],"wp:term":[{"taxonomy":"product_cat","embeddable":true,"href":"https:\/\/smania.store\/cz\/wp-json\/wp\/v2\/product_cat?post=95491"},{"taxonomy":"product_tag","embeddable":true,"href":"https:\/\/smania.store\/cz\/wp-json\/wp\/v2\/product_tag?post=95491"}],"curies":[{"name":"wp","href":"https:\/\/api.w.org\/{rel}","templated":true}]}}