{"id":95454,"date":"2026-01-26T05:30:28","date_gmt":"2026-01-26T04:30:28","guid":{"rendered":"https:\/\/smania.store\/cz\/vyrobek\/motodoctor-vysoce-ucinny-ochranny-prostredek-na-motor-325-ml\/"},"modified":"2026-02-17T19:36:34","modified_gmt":"2026-02-17T18:36:34","slug":"motodoctor-vysoce-ucinny-ochranny-prostredek-na-motor-325-ml","status":"publish","type":"product","link":"https:\/\/smania.store\/cz\/vyrobek\/motodoctor-vysoce-ucinny-ochranny-prostredek-na-motor-325-ml\/","title":{"rendered":"MotoDoctor\u2122 Vysoce \u00fa\u010dinn\u00fd ochrann\u00fd prost\u0159edek na motor (325 ml)"},"content":{"rendered":"<div class=\"smania_landing_description_title\">NOV\u00c9: Chra\u0148te srdce sv\u00e9ho motoru<\/div>\n<div class=\"smania_landing_description_txt\">Dlouhodob\u00e1 ochrana pro \u017eivotn\u011b d\u016fle\u017eit\u00e9 \u010d\u00e1sti motoru<\/div>\n<div class=\"smania_landing_description_subtitle\">Odemkn\u011bte skute\u010dn\u00fd potenci\u00e1l sv\u00e9ho vozidla s Anti-WearAgent\u2122. Navr\u017een tak, aby obklopil \u017eivotn\u011b d\u016fle\u017eit\u00e9 sou\u010d\u00e1sti va\u0161eho motoru, toto \u0159e\u0161en\u00ed vytv\u00e1\u0159\u00ed bezkonkuren\u010dn\u00ed bari\u00e9ru proti t\u0159en\u00ed a opot\u0159eben\u00ed, co\u017e zaji\u0161\u0165uje, \u017ee ka\u017ed\u00e1 cesta je hlad\u0161\u00ed a efektivn\u011bj\u0161\u00ed ne\u017e ta p\u0159edchoz\u00ed.<\/div>\n<div class=\"smania_landing_description_list\">\n<ul>\n<li>Obnovuje plynul\u00fd chod \u2013 Sni\u017euje t\u0159en\u00ed a hluk motoru<\/li>\n<li>Snadn\u00e1 aplikace \u2013 Nal\u00e9v\u00e1 se p\u0159\u00edmo do otvoru pro pln\u011bn\u00ed oleje<\/li>\n<li>Chr\u00e1n\u00ed proti opot\u0159eben\u00ed \u2013 Vytv\u00e1\u0159\u00ed ochrann\u00fd mazac\u00ed film<\/li>\n<li>Sni\u017euje spot\u0159ebu oleje \u2013 Zlep\u0161uje t\u011bsn\u011bn\u00ed mezi motorov\u00fdmi d\u00edly<\/li>\n<li>Prodlu\u017euje \u017eivotnost oleje \u2013 Udr\u017euje jeho v\u00fdkon po del\u0161\u00ed dobu<\/li>\n<li>D\u00e1vkov\u00e1n\u00ed \u2013 325 ml na a\u017e 6 L motorov\u00e9ho oleje<\/li>\n<\/ul><\/div>\n","protected":false},"excerpt":{"rendered":"<p>Chr\u00e1ni \u017eivotn\u011b d\u016fle\u017eit\u00e9 \u010d\u00e1sti motoru|Zaji\u0161\u0165uje hlad\u0161\u00ed z\u00e1\u017eitek z j\u00edzdy|Sn\u00ed\u017een\u00ed teploty pro del\u0161\u00ed \u017eivotnost motoru|Vzhled: \u010cir\u00fd a\u017e m\u00edrn\u011b jantarov\u00fd kapalina|Objem kapaliny: 325 ml|Hustota: ~0,85 g\/cm\u00b3 p\u0159i 20 \u00b0C|Bod vzplanut\u00ed: &gt;200 \u00b0C|Pom\u011br d\u00e1vkov\u00e1n\u00ed: 325 ml na 6 L oleje<\/p>\n","protected":false},"featured_media":95440,"template":"","meta":[],"product_cat":[18,2715],"product_tag":[2717],"acf":[],"_links":{"self":[{"href":"https:\/\/smania.store\/cz\/wp-json\/wp\/v2\/product\/95454"}],"collection":[{"href":"https:\/\/smania.store\/cz\/wp-json\/wp\/v2\/product"}],"about":[{"href":"https:\/\/smania.store\/cz\/wp-json\/wp\/v2\/types\/product"}],"wp:featuredmedia":[{"embeddable":true,"href":"https:\/\/smania.store\/cz\/wp-json\/wp\/v2\/media\/95440"}],"wp:attachment":[{"href":"https:\/\/smania.store\/cz\/wp-json\/wp\/v2\/media?parent=95454"}],"wp:term":[{"taxonomy":"product_cat","embeddable":true,"href":"https:\/\/smania.store\/cz\/wp-json\/wp\/v2\/product_cat?post=95454"},{"taxonomy":"product_tag","embeddable":true,"href":"https:\/\/smania.store\/cz\/wp-json\/wp\/v2\/product_tag?post=95454"}],"curies":[{"name":"wp","href":"https:\/\/api.w.org\/{rel}","templated":true}]}}