{"id":95257,"date":"2026-01-20T11:49:06","date_gmt":"2026-01-20T10:49:06","guid":{"rendered":"https:\/\/smania.store\/cz\/vyrobek\/stackmax-skladaci-kovovy-regal-4-urovne\/"},"modified":"2026-01-22T17:53:41","modified_gmt":"2026-01-22T16:53:41","slug":"stackmax-skladaci-kovovy-regal-4-urovne","status":"publish","type":"product","link":"https:\/\/smania.store\/cz\/vyrobek\/stackmax-skladaci-kovovy-regal-4-urovne\/","title":{"rendered":"StackMax\u2122 skl\u00e1dac\u00ed kovov\u00fd reg\u00e1l \u2013 4 \u00farovn\u011b"},"content":{"rendered":"<div class=\"smania_landing_description_title\">NOV\u00c9: Okam\u017eit\u00e9 \u0159e\u0161en\u00ed pro stylov\u00e9 skladov\u00e1n\u00ed<\/div>\n<div class=\"smania_landing_description_txt\">Rozlo\u017e, naskl\u00e1dej a ulo\u017e \u2013 je to tak jednoduch\u00e9!<\/div>\n<div class=\"smania_landing_description_subtitle\">Seznamte se se StackMax\u2122 \u2013 skl\u00e1dac\u00edm \u010dty\u0159patrov\u00fdm kovov\u00fdm reg\u00e1lem, kter\u00fd usnad\u0148uje organizaci! Je vyroben z pevn\u00e9ho ocelov\u00e9ho r\u00e1mu a m\u00e1 hladk\u00e1 kole\u010dka, rozlo\u017e\u00ed se za p\u00e1r sekund a p\u0159i nepou\u017e\u00edv\u00e1n\u00ed se d\u00e1 ulo\u017eit ploch\u00fd. Ide\u00e1ln\u00ed na knihy, kuchy\u0148sk\u00e9 pot\u0159eby nebo kancel\u00e1\u0159sk\u00e9 nezbytnosti \u2013 elegantn\u00ed, siln\u00fd a p\u0159ipraven\u00fd na p\u0159esun, kamkoliv ho pot\u0159ebujete!<\/div>\n<div class=\"smania_landing_description_list\">\n<ul>\n<li>Okam\u017eit\u011b se slo\u017e\u00ed na kompaktn\u00ed velikost 7,6 cm <\/li>\n<li>Snadno unese a\u017e 41 kg na \u00farovni <\/li>\n<li>\u00dapln\u00e1 mobilita s tich\u00fdmi, uzamykateln\u00fdmi koly <\/li>\n<li>Odoln\u00fd povrch proti po\u0161kr\u00e1b\u00e1n\u00ed pro dlouhou \u017eivotnost <\/li>\n<li>P\u0159edmontov\u00e1no pro okam\u017eit\u00e9 pou\u017eit\u00ed <\/li>\n<li>\u0160et\u0159\u00ed m\u00edsto, hod\u00ed se do ka\u017ed\u00e9ho interi\u00e9ru<\/li>\n<\/ul><\/div>\n","protected":false},"excerpt":{"rendered":"<p>Slo\u017e\u00ed se za 5 sekund |Vod\u011bodoln\u00fd, rezistn\u00ed design |Odoln\u00fd pro dlouhodob\u00e9 pou\u017e\u00edv\u00e1n\u00ed |Nen\u00ed pot\u0159eba mont\u00e1\u017e |\u00dapln\u011b p\u0159enosn\u00fd s pohybem kol o 360\u00b0|Rozm\u011bry: 124 x 71,5 x 39,5 cm |Po\u010det polic: 4 \u00farovn\u011b |Max. nosnost: a\u017e 41 kg\/\u00farove\u0148 |Barevn\u00e9 varianty: \u010cern\u00e1, B\u00edl\u00e1 |Speci\u00e1ln\u00ed vlastnosti: Skl\u00e1dac\u00ed, Odoln\u00e9 proti po\u0161kr\u00e1b\u00e1n\u00ed, \u00daspora m\u00edsta, 360\u00b0 kole\u010dka<\/p>\n","protected":false},"featured_media":95244,"template":"","meta":[],"product_cat":[16],"product_tag":[2460],"acf":[],"_links":{"self":[{"href":"https:\/\/smania.store\/cz\/wp-json\/wp\/v2\/product\/95257"}],"collection":[{"href":"https:\/\/smania.store\/cz\/wp-json\/wp\/v2\/product"}],"about":[{"href":"https:\/\/smania.store\/cz\/wp-json\/wp\/v2\/types\/product"}],"wp:featuredmedia":[{"embeddable":true,"href":"https:\/\/smania.store\/cz\/wp-json\/wp\/v2\/media\/95244"}],"wp:attachment":[{"href":"https:\/\/smania.store\/cz\/wp-json\/wp\/v2\/media?parent=95257"}],"wp:term":[{"taxonomy":"product_cat","embeddable":true,"href":"https:\/\/smania.store\/cz\/wp-json\/wp\/v2\/product_cat?post=95257"},{"taxonomy":"product_tag","embeddable":true,"href":"https:\/\/smania.store\/cz\/wp-json\/wp\/v2\/product_tag?post=95257"}],"curies":[{"name":"wp","href":"https:\/\/api.w.org\/{rel}","templated":true}]}}