{"id":95241,"date":"2026-01-20T08:44:28","date_gmt":"2026-01-20T07:44:28","guid":{"rendered":"https:\/\/smania.store\/cz\/vyrobek\/abforge-nastavitelne-zarizeni-na-posilovani-brisnich-svalu-s-odrazem\/"},"modified":"2026-01-26T21:58:38","modified_gmt":"2026-01-26T20:58:38","slug":"abforge-nastavitelne-zarizeni-na-posilovani-brisnich-svalu-s-odrazem","status":"publish","type":"product","link":"https:\/\/smania.store\/cz\/vyrobek\/abforge-nastavitelne-zarizeni-na-posilovani-brisnich-svalu-s-odrazem\/","title":{"rendered":"AbForge\u2122 nastaviteln\u00e9 za\u0159\u00edzen\u00ed na posilov\u00e1n\u00ed b\u0159i\u0161n\u00edch sval\u016f s odrazem"},"content":{"rendered":"<div class=\"smania_landing_description_title\">NOV\u00c9: Transformujte sv\u00e9 dom\u00e1c\u00ed tr\u00e9ninky jedn\u00edm dotykem<\/div>\n<div class=\"smania_landing_description_txt\">Posilte sv\u00e9 b\u0159i\u0161n\u00ed svaly chytrou rebound silou!<\/div>\n<div class=\"smania_landing_description_subtitle\">P\u0159edstavujeme AbForge\u2122, nezbytn\u00fd dopln\u011bk va\u0161\u00ed dom\u00e1c\u00ed posilovny. Navr\u017een pro efektivn\u00ed tr\u00e9nink b\u0159i\u0161n\u00edch sval\u016f, poskytuje c\u00edlen\u00e9 cvi\u010den\u00ed na st\u0159ed t\u011bla s automatickou pomoc\u00ed p\u0159i odrazu a nastaviteln\u00fdmi \u00farovn\u011bmi odporu. Budujte s\u00edlu, tvarujte sv\u016fj \u017ealudek a zvy\u0161te vytrvalost \u2013 to v\u0161e z pohodl\u00ed va\u0161eho domova!<\/div>\n<div class=\"smania_landing_description_list\">\n<ul>\n<li>3 nastaviteln\u00e9 \u00farovn\u011b odporu pro progresivn\u00ed tr\u00e9nink <\/li>\n<li>Automatick\u00fd syst\u00e9m odrazu sni\u017euje z\u00e1t\u011b\u017e, maximalizuje opakov\u00e1n\u00ed <\/li>\n<li>Ergonomick\u00fd design podporuje bezpe\u010dn\u00e9 sedy-lehy a zkracova\u010dky <\/li>\n<li>\u00da\u010dinn\u011b posiluje st\u0159ed t\u011bla, b\u0159i\u0161n\u00ed svaly a \u0161ikm\u00e9 svaly <\/li>\n<li>Vhodn\u00e9 pro za\u010d\u00e1te\u010dn\u00edky i profesion\u00e1ly<\/li>\n<\/ul><\/div>\n","protected":false},"excerpt":{"rendered":"<p>Kompaktn\u00ed a skl\u00e1dac\u00ed \u2013 snadn\u00e9 uskladn\u011bn\u00ed |Protiskluzov\u00e1 konstrukce zaji\u0161\u0165uje stabilitu |Podporuje sed-lehy, b\u0159i\u0161n\u00ed svaly a posilov\u00e1n\u00ed st\u0159edu t\u011bla |Ide\u00e1ln\u00ed pro dom\u00e1c\u00ed posilovnu, kancel\u00e1\u0159 nebo cvi\u010den\u00ed na cest\u00e1ch|Rozm\u011bry: 510 x 400 mm |\u00darove\u0148 nap\u011bt\u00ed: 150 kg |\u00darovn\u011b odporu: 3 nastaviteln\u00e9 \u00farovn\u011b |C\u00edlen\u00e9 svalov\u00e9 skupiny: B\u0159icho, \u0160ikm\u00e9 b\u0159i\u0161n\u00ed svaly, St\u0159ed t\u011bla, Doln\u00ed \u010d\u00e1st zad<\/p>\n","protected":false},"featured_media":95229,"template":"","meta":[],"product_cat":[21],"product_tag":[1999],"acf":[],"_links":{"self":[{"href":"https:\/\/smania.store\/cz\/wp-json\/wp\/v2\/product\/95241"}],"collection":[{"href":"https:\/\/smania.store\/cz\/wp-json\/wp\/v2\/product"}],"about":[{"href":"https:\/\/smania.store\/cz\/wp-json\/wp\/v2\/types\/product"}],"wp:featuredmedia":[{"embeddable":true,"href":"https:\/\/smania.store\/cz\/wp-json\/wp\/v2\/media\/95229"}],"wp:attachment":[{"href":"https:\/\/smania.store\/cz\/wp-json\/wp\/v2\/media?parent=95241"}],"wp:term":[{"taxonomy":"product_cat","embeddable":true,"href":"https:\/\/smania.store\/cz\/wp-json\/wp\/v2\/product_cat?post=95241"},{"taxonomy":"product_tag","embeddable":true,"href":"https:\/\/smania.store\/cz\/wp-json\/wp\/v2\/product_tag?post=95241"}],"curies":[{"name":"wp","href":"https:\/\/api.w.org\/{rel}","templated":true}]}}