{"id":94959,"date":"2026-01-05T06:06:34","date_gmt":"2026-01-05T05:06:34","guid":{"rendered":"https:\/\/smania.store\/cz\/vyrobek\/bedhubpro-chytry-nocni-stolek\/"},"modified":"2026-03-22T22:18:24","modified_gmt":"2026-03-22T21:18:24","slug":"bedhubpro-chytry-nocni-stolek","status":"publish","type":"product","link":"https:\/\/smania.store\/cz\/vyrobek\/bedhubpro-chytry-nocni-stolek\/","title":{"rendered":"BedhubPro\u2122 chytr\u00fd no\u010dn\u00ed stolek"},"content":{"rendered":"<div class=\"smania_landing_description_title\">NOV\u00c9: V\u00e1\u0161 v\u0161e v jednom no\u010dn\u00ed spole\u010dn\u00edk<\/div>\n<div class=\"smania_landing_description_txt\">Okam\u017eit\u011b pozvedn\u011bte sv\u00e9 noci!<\/div>\n<div class=\"smania_landing_description_subtitle\"> Za\u017eijte vrchol modern\u00edho pohodl\u00ed s BedhubPro\u2122. Tento no\u010dn\u00ed stolek bezprobl\u00e9mov\u011b integruje nab\u00edjen\u00ed, zabezpe\u010den\u00ed, z\u00e1bavu, osv\u011btlen\u00ed a estetiku do jednoho elegantn\u00edho celku. Prom\u011b\u0148te svou lo\u017enici v \u00fato\u010di\u0161t\u011b a p\u0159ijm\u011bte \u017eivotn\u00ed styl bez nepo\u0159\u00e1dku!<\/div>\n<div class=\"smania_landing_description_list\">\n<ul>\n<li>Bezprobl\u00e9mov\u00e9 bezdr\u00e1tov\u00e9 a dr\u00e1tov\u00e9 nab\u00edjen\u00ed <\/li>\n<li>Pokro\u010dil\u00e1 bezpe\u010dnostn\u00ed technologie otisk\u016f prst\u016f <\/li>\n<li>Pohlcuj\u00edc\u00ed zvukov\u00fd z\u00e1\u017eitek s dvojit\u00fdm reproduktorem <\/li>\n<li>P\u0159izp\u016fsobiteln\u00e9 LED osv\u011btlen\u00ed <\/li>\n<li>Elegantn\u00ed povrch z tvrzen\u00e9ho skla <\/li>\n<li>Prostorn\u00fd a bezpe\u010dn\u00fd design<\/li>\n<\/ul><\/div>\n","protected":false},"excerpt":{"rendered":"<p>\u017d\u00e1dn\u00e9 v\u00edce zamotan\u00fdch kabel\u016f! |Personalizujte osv\u011btlen\u00ed podle sv\u00e9 n\u00e1lady |Poslouchejte hudbu jako nikdy p\u0159edt\u00edm |Perfektn\u011b se hod\u00ed do ka\u017ed\u00e9 lo\u017enice |Zjednodu\u0161te si \u017eivot s chytrou technologi\u00ed|Barva: B\u00edl\u00e1 |Po\u010det z\u00e1suvek: 2 |Celkov\u00e9 rozm\u011bry: 40 x 40 x 46 cm |Nab\u00edjen\u00ed: Bezdr\u00e1tov\u00e9 nab\u00edjen\u00ed, 2 x USB rychl\u00e9 nab\u00edjen\u00ed |Speci\u00e1ln\u00ed funkce: 3 re\u017eimy LED osv\u011btlen\u00ed, chytr\u00fd z\u00e1mek na otisk prstu, Bluetooth reproduktor<\/p>\n","protected":false},"featured_media":94945,"template":"","meta":[],"product_cat":[16],"product_tag":[2460],"acf":[],"_links":{"self":[{"href":"https:\/\/smania.store\/cz\/wp-json\/wp\/v2\/product\/94959"}],"collection":[{"href":"https:\/\/smania.store\/cz\/wp-json\/wp\/v2\/product"}],"about":[{"href":"https:\/\/smania.store\/cz\/wp-json\/wp\/v2\/types\/product"}],"wp:featuredmedia":[{"embeddable":true,"href":"https:\/\/smania.store\/cz\/wp-json\/wp\/v2\/media\/94945"}],"wp:attachment":[{"href":"https:\/\/smania.store\/cz\/wp-json\/wp\/v2\/media?parent=94959"}],"wp:term":[{"taxonomy":"product_cat","embeddable":true,"href":"https:\/\/smania.store\/cz\/wp-json\/wp\/v2\/product_cat?post=94959"},{"taxonomy":"product_tag","embeddable":true,"href":"https:\/\/smania.store\/cz\/wp-json\/wp\/v2\/product_tag?post=94959"}],"curies":[{"name":"wp","href":"https:\/\/api.w.org\/{rel}","templated":true}]}}