{"id":94768,"date":"2025-12-16T13:11:32","date_gmt":"2025-12-16T12:11:32","guid":{"rendered":"https:\/\/smania.store\/cz\/vyrobek\/armsnug-pametovy-polstar-pro-pohodlnou-oporu-ruky\/"},"modified":"2026-04-22T08:40:11","modified_gmt":"2026-04-22T06:40:11","slug":"armsnug-pametovy-polstar-pro-pohodlnou-oporu-ruky","status":"publish","type":"product","link":"https:\/\/smania.store\/cz\/vyrobek\/armsnug-pametovy-polstar-pro-pohodlnou-oporu-ruky\/","title":{"rendered":"ArmSnug\u2122 pam\u011b\u0165ov\u00fd pol\u0161t\u00e1\u0159 pro pohodlnou oporu ruky"},"content":{"rendered":"<div class=\"smania_landing_description_title\"> Seznamte se s prav\u00fdm sp\u00e1nkov\u00fdm pohodl\u00edm <\/div>\n<div class=\"smania_landing_description_txt\"> Sp\u011bte l\u00e9pe, obj\u00edmejte d\u00e9le <\/div>\n<div class=\"smania_landing_description_subtitle\"> Vylep\u0161ete sv\u016fj odpo\u010dinek s ArmSnug\u2122, kde inovativn\u00ed design poskytuje v\u00e1m a va\u0161emu partnerovi bezkonkuren\u010dn\u00ed podporu pro krk a hlavu \u2013 a lep\u0161\u00ed zp\u016fsob, jak se obj\u00edmat, ani\u017e byste si znecitliv\u011bli ruce. <\/div>\n<div class=\"smania_landing_description_list\">\n<ul>\n<li>Podporuje krk a hlavu pohodln\u011b <\/li>\n<li>Inovativn\u00ed dut\u00fd design pro obj\u00edm\u00e1n\u00ed <\/li>\n<li>100% prody\u0161n\u00e1 \u010dist\u00e1 pam\u011b\u0165ov\u00e1 p\u011bna <\/li>\n<li>Nab\u00edz\u00ed jedine\u010dn\u00e9 spac\u00ed polohy <\/li>\n<li>Podporuje sn\u00ed\u017een\u00ed tlaku v pa\u017e\u00edch<\/li>\n<\/ul><\/div>\n","protected":false},"excerpt":{"rendered":"<p>Okam\u017eit\u011b zlep\u0161uje kvalitu sp\u00e1nku |M\u011bkk\u00fd, ale odoln\u00fd pocit |Ide\u00e1ln\u00ed pro pohodl\u00ed p\u00e1r\u016f |Povlak na pol\u0161t\u00e1\u0159 snadno \u010distiteln\u00fd|Povlak na pol\u0161t\u00e1\u0159 je odn\u00edmateln\u00fd a prateln\u00fd |Materi\u00e1l povlaku na pol\u0161t\u00e1\u0159: Polyester, elastan |Materi\u00e1l v\u00fdpln\u011b: Polyester (neprateln\u00fd) |Variace: Levostrann\u00fd nebo pravostrann\u00fd<\/p>\n","protected":false},"featured_media":94757,"template":"","meta":[],"product_cat":[19],"product_tag":[],"acf":[],"_links":{"self":[{"href":"https:\/\/smania.store\/cz\/wp-json\/wp\/v2\/product\/94768"}],"collection":[{"href":"https:\/\/smania.store\/cz\/wp-json\/wp\/v2\/product"}],"about":[{"href":"https:\/\/smania.store\/cz\/wp-json\/wp\/v2\/types\/product"}],"wp:featuredmedia":[{"embeddable":true,"href":"https:\/\/smania.store\/cz\/wp-json\/wp\/v2\/media\/94757"}],"wp:attachment":[{"href":"https:\/\/smania.store\/cz\/wp-json\/wp\/v2\/media?parent=94768"}],"wp:term":[{"taxonomy":"product_cat","embeddable":true,"href":"https:\/\/smania.store\/cz\/wp-json\/wp\/v2\/product_cat?post=94768"},{"taxonomy":"product_tag","embeddable":true,"href":"https:\/\/smania.store\/cz\/wp-json\/wp\/v2\/product_tag?post=94768"}],"curies":[{"name":"wp","href":"https:\/\/api.w.org\/{rel}","templated":true}]}}