{"id":94719,"date":"2025-12-16T12:45:29","date_gmt":"2025-12-16T11:45:29","guid":{"rendered":"https:\/\/smania.store\/cz\/vyrobek\/torsomax-posilovac-pazi-a-hrudniku\/"},"modified":"2026-02-24T17:32:15","modified_gmt":"2026-02-24T16:32:15","slug":"torsomax-posilovac-pazi-a-hrudniku","status":"publish","type":"product","link":"https:\/\/smania.store\/cz\/vyrobek\/torsomax-posilovac-pazi-a-hrudniku\/","title":{"rendered":"TorsoMax\u2122 posilova\u010d pa\u017e\u00ed a hrudn\u00edku"},"content":{"rendered":"<div class=\"smania_landing_description_title\">NOV\u00c9: Rychl\u00e1 transformace va\u0161eho t\u011bla<\/div>\n<div class=\"smania_landing_description_txt\">Tren\u00e9r na hrudn\u00edk, z\u00e1da a nohy v\u017edy po ruce<\/div>\n<div class=\"smania_landing_description_subtitle\"> Vylep\u0161ete sv\u016fj tr\u00e9nink s power twisterem TorsoMax\u2122! Tento kompaktn\u00ed a p\u0159enosn\u00fd p\u0159\u00edstroj nab\u00edz\u00ed nastaviteln\u00e9 odporov\u00e9 \u00farovn\u011b od 27 do 45 kg, tak\u017ee m\u016f\u017eete vyzvat sv\u00e9 svaly na rukou, hrudn\u00edku a noh\u00e1ch kdekoli a kdykoli. Z\u00edskejte siln\u00fd tr\u00e9nink, kter\u00fd odpov\u00edd\u00e1 va\u0161emu \u017eivotn\u00edmu stylu a \u00farovni kondice.<\/div>\n<div class=\"smania_landing_description_list\">\n<ul>\n<li>Nastaviteln\u00fd odpor od 27 do 45 kg <\/li>\n<li>Bezpe\u010dn\u00fd, protiskluzov\u00fd ergonomick\u00fd \u00fachop pro maxim\u00e1ln\u00ed pohodl\u00ed <\/li>\n<li>C\u00edl\u00ed na v\u00edce svalov\u00fdch skupin a nab\u00edz\u00ed r\u016fzn\u00e9 cviky <\/li>\n<li>Kompaktn\u00ed velikost 3,5 kg, 25 cm (po slo\u017een\u00ed) <\/li>\n<li>Rychl\u00e9 nastaven\u00ed za 30 sekund <\/li>\n<li>Testov\u00e1no na odolnost, pru\u017einy z vysoce uhl\u00edkov\u00e9 oceli<\/li>\n<\/ul><\/div>\n","protected":false},"excerpt":{"rendered":"<p>Ide\u00e1ln\u00ed pro v\u0161echny \u00farovn\u011b fitness dovednost\u00ed: nab\u00edz\u00ed nastavitelnou intenzitu |Kvalitn\u00ed design s jednoduch\u00fdmi, plynul\u00fdmi pohyby pru\u017ein |Cvi\u010den\u00ed ve kvalit\u011b posilovny na cest\u00e1ch: skl\u00e1dac\u00ed pro snadn\u00e9 uskladn\u011bn\u00ed |Perfektn\u00ed pro dom\u00e1c\u00ed, venkovn\u00ed a mobiln\u00ed pou\u017eit\u00ed|Rozm\u011bry produktu: 67 cm x 17 cm (po sestaven\u00ed) |Materi\u00e1l: Slitina oceli |Vysoce kvalitn\u00ed ocel a stabiliza\u010dn\u00ed pru\u017einy |Skl\u00e1dac\u00ed pro snadn\u011bj\u0161\u00ed skladov\u00e1n\u00ed<\/p>\n","protected":false},"featured_media":94706,"template":"","meta":[],"product_cat":[16,21],"product_tag":[1999],"acf":[],"_links":{"self":[{"href":"https:\/\/smania.store\/cz\/wp-json\/wp\/v2\/product\/94719"}],"collection":[{"href":"https:\/\/smania.store\/cz\/wp-json\/wp\/v2\/product"}],"about":[{"href":"https:\/\/smania.store\/cz\/wp-json\/wp\/v2\/types\/product"}],"wp:featuredmedia":[{"embeddable":true,"href":"https:\/\/smania.store\/cz\/wp-json\/wp\/v2\/media\/94706"}],"wp:attachment":[{"href":"https:\/\/smania.store\/cz\/wp-json\/wp\/v2\/media?parent=94719"}],"wp:term":[{"taxonomy":"product_cat","embeddable":true,"href":"https:\/\/smania.store\/cz\/wp-json\/wp\/v2\/product_cat?post=94719"},{"taxonomy":"product_tag","embeddable":true,"href":"https:\/\/smania.store\/cz\/wp-json\/wp\/v2\/product_tag?post=94719"}],"curies":[{"name":"wp","href":"https:\/\/api.w.org\/{rel}","templated":true}]}}