{"id":94689,"date":"2025-12-16T09:36:03","date_gmt":"2025-12-16T08:36:03","guid":{"rendered":"https:\/\/smania.store\/cz\/vyrobek\/quackstand-nastavitelny-stojan-na-koupaci-kachnicku-pro-miminka\/"},"modified":"2026-01-23T15:45:00","modified_gmt":"2026-01-23T14:45:00","slug":"quackstand-nastavitelny-stojan-na-koupaci-kachnicku-pro-miminka","status":"publish","type":"product","link":"https:\/\/smania.store\/cz\/vyrobek\/quackstand-nastavitelny-stojan-na-koupaci-kachnicku-pro-miminka\/","title":{"rendered":"QuackStand\u2122 nastaviteln\u00fd stojan na koupac\u00ed kachni\u010dku pro miminka"},"content":{"rendered":"<div class=\"smania_landing_description_title\">NOV\u00c9: Usnad\u0148uje koup\u00e1n\u00ed!<\/div>\n<div class=\"smania_landing_description_txt\">Zaji\u0161t\u011bn\u00ed bezpe\u010dnosti, z\u00e1bavy a pohodl\u00ed p\u0159i koup\u00e1n\u00ed<\/div>\n<div class=\"smania_landing_description_subtitle\">QuackStand\u2122 je nezbytnost\u00ed pro ka\u017ed\u00e9ho rodi\u010de, kter\u00fd chce prom\u011bnit koup\u00e1n\u00ed v bezpe\u010dn\u00fd a p\u0159\u00edjemn\u00fd z\u00e1\u017eitek! Je navr\u017een tak, aby podporoval p\u0159irozenou posturu va\u0161eho d\u00edt\u011bte a z\u00e1rove\u0148 je bavil roztomil\u00fdm t\u00e9matem kachni\u010dky. Zajist\u011bte, aby ka\u017ed\u00e9 koup\u00e1n\u00ed bylo z\u00e1bavn\u00fdm a radostn\u00fdm \u0161plouchnut\u00edm!<\/div>\n<div class=\"smania_landing_description_list\">\n<ul>\n<li>Ergonomick\u00e1 podpora udr\u017euje miminka stabiln\u00ed p\u0159i st\u00e1n\u00ed <\/li>\n<li>Z\u00e1bavn\u00fd design kachni\u010dky bav\u00ed a podporuje hrav\u00e9 koup\u00e1n\u00ed <\/li>\n<li>Kompaktn\u00ed skl\u00e1dac\u00ed design \u0161et\u0159\u00ed m\u00edsto v ka\u017ed\u00e9 koupeln\u011b <\/li>\n<li>Rychl\u00e9, bezn\u00e1strojov\u00e9 sestaven\u00ed pro zanepr\u00e1zdn\u011bn\u00e9 rodi\u010de <\/li>\n<li>Snadno se \u010dist\u00ed, vod\u011bodoln\u00e9 a skvrn\u00e1m odoln\u00e9 materi\u00e1ly <\/li>\n<li>Lehk\u00fd a p\u0159enosn\u00fd pro domov nebo cestov\u00e1n\u00ed <\/li>\n<li>Ide\u00e1ln\u00ed pro miminka ve v\u011bku 6\u201324 m\u011bs\u00edc\u016f, podporuj\u00edc\u00ed ran\u00e9 dovednosti st\u00e1n\u00ed<\/li>\n<\/ul><\/div>\n","protected":false},"excerpt":{"rendered":"<p>Skl\u00e1d\u00e1 se na plochu pro snadn\u00e9 uskladn\u011bn\u00ed |Roztomil\u00fd design kachni\u010dky |Podporuje bezpe\u010dn\u00e9 st\u00e1n\u00ed |Vhodn\u00e9 pro v\u011bk: 6\u201324 m\u011bs\u00edc\u016f|Rozm\u011bry: 47 x 40 x 63 cm |Nastaviteln\u00e1 v\u00fd\u0161ka: 47,5-63 cm |Materi\u00e1l: Odoln\u00fd, vod\u011bodoln\u00fd ABS |Hmotnost: 2,1 kg, lehk\u00fd a p\u0159enosn\u00fd<\/p>\n","protected":false},"featured_media":94685,"template":"","meta":[],"product_cat":[17],"product_tag":[],"acf":[],"_links":{"self":[{"href":"https:\/\/smania.store\/cz\/wp-json\/wp\/v2\/product\/94689"}],"collection":[{"href":"https:\/\/smania.store\/cz\/wp-json\/wp\/v2\/product"}],"about":[{"href":"https:\/\/smania.store\/cz\/wp-json\/wp\/v2\/types\/product"}],"wp:featuredmedia":[{"embeddable":true,"href":"https:\/\/smania.store\/cz\/wp-json\/wp\/v2\/media\/94685"}],"wp:attachment":[{"href":"https:\/\/smania.store\/cz\/wp-json\/wp\/v2\/media?parent=94689"}],"wp:term":[{"taxonomy":"product_cat","embeddable":true,"href":"https:\/\/smania.store\/cz\/wp-json\/wp\/v2\/product_cat?post=94689"},{"taxonomy":"product_tag","embeddable":true,"href":"https:\/\/smania.store\/cz\/wp-json\/wp\/v2\/product_tag?post=94689"}],"curies":[{"name":"wp","href":"https:\/\/api.w.org\/{rel}","templated":true}]}}