{"id":94528,"date":"2025-12-09T07:48:48","date_gmt":"2025-12-09T06:48:48","guid":{"rendered":"https:\/\/smania.store\/cz\/vyrobek\/powertwist-dvojita-pruzina-silovy-twister\/"},"modified":"2026-04-02T11:20:40","modified_gmt":"2026-04-02T09:20:40","slug":"powertwist-dvojita-pruzina-silovy-twister","status":"publish","type":"product","link":"https:\/\/smania.store\/cz\/vyrobek\/powertwist-dvojita-pruzina-silovy-twister\/","title":{"rendered":"PowerTwist\u2122 dvojit\u00e1 pru\u017eina &#8211; silov\u00fd twist\u00e9r"},"content":{"rendered":"<div class=\"smania_landing_description_title\"> NOV\u00c9! Revoluce v celot\u011blov\u00e9m tr\u00e9ninku <\/div>\n<div class=\"smania_landing_description_txt\"> PowerTwist znamen\u00e1 neuv\u011b\u0159iteln\u011b efektivn\u00ed tr\u00e9nink horn\u00ed \u010d\u00e1sti t\u011bla! <\/div>\n<div class=\"smania_landing_description_subtitle\"> Odemkn\u011bte potenci\u00e1l sv\u00e9ho horn\u00edho t\u011bla s PowerTwist! Pouh\u00fdch 10-30 minut denn\u011b m\u016f\u017ee zv\u00fd\u0161it va\u0161i s\u00edlu a kondici. Vyrobeno z pr\u00e9miov\u00fdch bezpe\u010dnostn\u00edch materi\u00e1l\u016f pro sebev\u011bdom\u00fd a zdrav\u011bj\u0161\u00ed tr\u00e9nink. <\/div>\n<div class=\"smania_landing_description_list\">\n<ul>\n<li>Sou\u010dasn\u011b tr\u00e9nuje z\u00e1p\u011bst\u00ed, pa\u017ee a ramena <\/li>\n<li>Ergonomick\u00fd, protiskluzov\u00fd design pro zv\u00fd\u0161enou bezpe\u010dnost <\/li>\n<li>Nastaviteln\u00fd odpor od 10 do 200 kg <\/li>\n<li>Perfektn\u011b p\u0159enosn\u00fd a bezpe\u010dn\u011b ulo\u017een\u00fd s \u00falo\u017enou sponou <\/li>\n<li>Zlep\u0161uje tr\u00e9nink horn\u00ed \u010d\u00e1sti t\u011bla <\/li>\n<li>Vyrobeno z odoln\u00fdch pru\u017ein z uhl\u00edkov\u00e9 oceli<\/li>\n<\/ul><\/div>\n","protected":false},"excerpt":{"rendered":"<p>Rychle upravte intenzitu cvi\u010den\u00ed oto\u010den\u00edm centr\u00e1ln\u00edho v\u00e1lce |Snadn\u00e9 slo\u017een\u00ed a bezpe\u010dn\u00e9 ulo\u017een\u00ed |Vysoce kvalitn\u00ed konstrukce pro dlouhou \u017eivotnost |Ide\u00e1ln\u00ed pro v\u0161echny \u00farovn\u011b fitness|Rozm\u011bry produktu: 43 cm x 16 cm (slo\u017een\u00fd), 60 cm \u0161\u00ed\u0159ka p\u0159i rozta\u017een\u00ed |Materi\u00e1ly produktu: uhl\u00edkov\u00e1 ocel, m\u011bkk\u00e1 PU guma, plast |Rozsah odporu: 10 &#8211; 200 kg |Cvi\u010debn\u00ed \u010d\u00e1sti: svaly p\u0159edlokt\u00ed, biceps, triceps, velk\u00fd prsn\u00ed sval, trap\u00e9zov\u00fd sval, \u0161irok\u00fd sval z\u00e1dov\u00fd<\/p>\n","protected":false},"featured_media":94513,"template":"","meta":[],"product_cat":[21],"product_tag":[1999],"acf":[],"_links":{"self":[{"href":"https:\/\/smania.store\/cz\/wp-json\/wp\/v2\/product\/94528"}],"collection":[{"href":"https:\/\/smania.store\/cz\/wp-json\/wp\/v2\/product"}],"about":[{"href":"https:\/\/smania.store\/cz\/wp-json\/wp\/v2\/types\/product"}],"wp:featuredmedia":[{"embeddable":true,"href":"https:\/\/smania.store\/cz\/wp-json\/wp\/v2\/media\/94513"}],"wp:attachment":[{"href":"https:\/\/smania.store\/cz\/wp-json\/wp\/v2\/media?parent=94528"}],"wp:term":[{"taxonomy":"product_cat","embeddable":true,"href":"https:\/\/smania.store\/cz\/wp-json\/wp\/v2\/product_cat?post=94528"},{"taxonomy":"product_tag","embeddable":true,"href":"https:\/\/smania.store\/cz\/wp-json\/wp\/v2\/product_tag?post=94528"}],"curies":[{"name":"wp","href":"https:\/\/api.w.org\/{rel}","templated":true}]}}