{"id":94512,"date":"2025-12-09T07:47:30","date_gmt":"2025-12-09T06:47:30","guid":{"rendered":"https:\/\/smania.store\/cz\/vyrobek\/littlefarmer-detska-montessori-farma-kniha\/"},"modified":"2026-03-20T15:34:36","modified_gmt":"2026-03-20T14:34:36","slug":"littlefarmer-detska-montessori-farma-kniha","status":"publish","type":"product","link":"https:\/\/smania.store\/cz\/vyrobek\/littlefarmer-detska-montessori-farma-kniha\/","title":{"rendered":"LittleFarmer\u2122 d\u011btsk\u00e1 montessori farma kniha"},"content":{"rendered":"<div class=\"smania_landing_description_title\">NOV\u00c9: Rozproud\u011bte p\u0159edstavivost a kreativitu<\/div>\n<div class=\"smania_landing_description_txt\">U\u010den\u00ed, z\u00e1bava a dobrodru\u017estv\u00ed na ka\u017ed\u00e9 str\u00e1nce!<\/div>\n<div class=\"smania_landing_description_subtitle\"> Objevte kouzlo farm\u00e1\u0159sk\u00e9ho \u017eivota s knihou LittleFarmer\u2122 pro d\u011bti, inspirovanou Montessori. S 20 z\u00e1bavn\u00fdmi aktivitami tento Montessori-hra\u010dkov\u00fd produkt podporuje kreativitu, motorick\u00e9 dovednosti a u\u010den\u00ed prost\u0159ednictv\u00edm interaktivn\u00edch sc\u00e9n s farm\u00e1\u0159skou t\u00e9matikou. Ide\u00e1ln\u00ed pro d\u011bti od 1 roku, je to z\u00e1bavn\u00fd zp\u016fsob, jak rozv\u00edjet d\u016fle\u017eit\u00e9 dovednosti ran\u00e9ho u\u010den\u00ed!<\/div>\n<div class=\"smania_landing_description_list\">\n<ul>\n<li>Interaktivn\u00ed z\u00e1bava: 20 aktivit na farm\u00e1\u0159sk\u00e9 t\u00e9ma pro kreativn\u00ed u\u010den\u00ed <\/li>\n<li>Montessori inspirovan\u00e9: Podporuje motorick\u00e9 dovednosti a koordinaci <\/li>\n<li>P\u0159enosn\u00e9: Kompaktn\u00ed a ide\u00e1ln\u00ed na cesty <\/li>\n<li>Bezpe\u010dn\u00e9 a odoln\u00e9: Netoxick\u00e9 l\u00e1tky s dvojit\u00fdm \u0161vem <\/li>\n<li>Z\u00e1bavn\u00e9: Udr\u017euje d\u011bti zabaven\u00e9 na hodiny d\u00edky praktick\u00e9 h\u0159e<\/li>\n<\/ul><\/div>\n","protected":false},"excerpt":{"rendered":"<p>Dvojit\u00e9 \u0161vy pro extra odolnost |Netoxick\u00e9, bez z\u00e1pachu materi\u00e1ly |Podporuje p\u0159edstavivost a zv\u011bdavost |Udr\u017euje d\u011bti zabaven\u00e9 po cel\u00e9 hodiny|V\u011bk: Pro d\u011bti 1-3 roky |Kniha obsahuje: 10 str\u00e1nek, 20 aktivit |Velikost: 23,5 cm x 18,5 cm |Materi\u00e1l: Netoxick\u00e1 tkanina, dvojit\u011b \u0161it\u00e1<\/p>\n","protected":false},"featured_media":94500,"template":"","meta":[],"product_cat":[17],"product_tag":[1637,1634],"acf":[],"_links":{"self":[{"href":"https:\/\/smania.store\/cz\/wp-json\/wp\/v2\/product\/94512"}],"collection":[{"href":"https:\/\/smania.store\/cz\/wp-json\/wp\/v2\/product"}],"about":[{"href":"https:\/\/smania.store\/cz\/wp-json\/wp\/v2\/types\/product"}],"wp:featuredmedia":[{"embeddable":true,"href":"https:\/\/smania.store\/cz\/wp-json\/wp\/v2\/media\/94500"}],"wp:attachment":[{"href":"https:\/\/smania.store\/cz\/wp-json\/wp\/v2\/media?parent=94512"}],"wp:term":[{"taxonomy":"product_cat","embeddable":true,"href":"https:\/\/smania.store\/cz\/wp-json\/wp\/v2\/product_cat?post=94512"},{"taxonomy":"product_tag","embeddable":true,"href":"https:\/\/smania.store\/cz\/wp-json\/wp\/v2\/product_tag?post=94512"}],"curies":[{"name":"wp","href":"https:\/\/api.w.org\/{rel}","templated":true}]}}