{"id":94398,"date":"2025-12-04T06:58:14","date_gmt":"2025-12-04T05:58:14","guid":{"rendered":"https:\/\/smania.store\/cz\/vyrobek\/superkart-detsky-elektricky-skladaci-go-kart\/"},"modified":"2026-04-17T04:06:03","modified_gmt":"2026-04-17T02:06:03","slug":"superkart-detsky-elektricky-skladaci-go-kart","status":"publish","type":"product","link":"https:\/\/smania.store\/cz\/vyrobek\/superkart-detsky-elektricky-skladaci-go-kart\/","title":{"rendered":"SuperKart\u2122 d\u011btsk\u00fd elektrick\u00fd skl\u00e1dac\u00ed go-kart"},"content":{"rendered":"<div class=\"smania_landing_description_title\">NOV\u00c9: Elektrizuj\u00edc\u00ed z\u00e1bava pro d\u011bti<\/div>\n<div class=\"smania_landing_description_txt\">Z\u00e1bava, rychlost a sv\u011btla v jednom skv\u011bl\u00e9m go-kartu!<\/div>\n<div class=\"smania_landing_description_subtitle\"> P\u0159ipravte se na nep\u0159etr\u017eitou z\u00e1bavu se SuperKart\u2122! S interaktivn\u00edmi ovl\u00e1dac\u00edmi prvky, dlouhou v\u00fddr\u017e\u00ed baterie a skv\u011bl\u00fdmi LED sv\u011btly je tento go-kart navr\u017een tak, aby ka\u017ed\u00e1 j\u00edzda byla dobrodru\u017estv\u00edm. Snadno se skladuje, snadno se \u0159\u00edd\u00ed a je vyroben, aby vydr\u017eel.<\/div>\n<div class=\"smania_landing_description_list\">\n<ul>\n<li>2 Re\u017eimy j\u00edzdy: \u0158i\u010fte nez\u00e1visle nebo pomoc\u00ed d\u00e1lkov\u00e9ho ovl\u00e1d\u00e1n\u00ed <\/li>\n<li>Vp\u0159ed a vzad: Pohybuje se dop\u0159edu a dozadu pro lep\u0161\u00ed kontrolu <\/li>\n<li>Oslniv\u00e9 LED sv\u011btla: Jasn\u00e1, vzru\u0161uj\u00edc\u00ed sv\u011btla pro z\u00e1bavu, i v noci <\/li>\n<li>Kompaktn\u00ed a skl\u00e1dac\u00ed: Snadn\u00e9 uskladn\u011bn\u00ed a p\u0159en\u00e1\u0161en\u00ed kamkoliv <\/li>\n<li>Nastaviteln\u00e1 seda\u010dka: Pohodln\u011b se vejde d\u011btem ve v\u011bku 2-8 let <\/li>\n<li>Ide\u00e1ln\u00ed pro j\u00edzdu uvnit\u0159 i venku<\/li>\n<\/ul><\/div>\n","protected":false},"excerpt":{"rendered":"<p>Perfektn\u00ed pro d\u011bti ve v\u011bku 2-8 let |Bezpe\u010dn\u00e9 a z\u00e1bavn\u00e9 |No\u010dn\u00ed z\u00e1bava |V\u010detn\u011b d\u00e1lkov\u00e9ho ovl\u00e1d\u00e1n\u00ed|Rozm\u011bry: 85 x 56 x 51 cm |Baterie: 6V\/7A |Motor: 2 x 390W |Rychlost: 4.8-6.4 km\/h<\/p>\n","protected":false},"featured_media":94387,"template":"","meta":[],"product_cat":[17],"product_tag":[1634,1514],"acf":[],"_links":{"self":[{"href":"https:\/\/smania.store\/cz\/wp-json\/wp\/v2\/product\/94398"}],"collection":[{"href":"https:\/\/smania.store\/cz\/wp-json\/wp\/v2\/product"}],"about":[{"href":"https:\/\/smania.store\/cz\/wp-json\/wp\/v2\/types\/product"}],"wp:featuredmedia":[{"embeddable":true,"href":"https:\/\/smania.store\/cz\/wp-json\/wp\/v2\/media\/94387"}],"wp:attachment":[{"href":"https:\/\/smania.store\/cz\/wp-json\/wp\/v2\/media?parent=94398"}],"wp:term":[{"taxonomy":"product_cat","embeddable":true,"href":"https:\/\/smania.store\/cz\/wp-json\/wp\/v2\/product_cat?post=94398"},{"taxonomy":"product_tag","embeddable":true,"href":"https:\/\/smania.store\/cz\/wp-json\/wp\/v2\/product_tag?post=94398"}],"curies":[{"name":"wp","href":"https:\/\/api.w.org\/{rel}","templated":true}]}}