{"id":94383,"date":"2025-12-03T12:41:23","date_gmt":"2025-12-03T11:41:23","guid":{"rendered":"https:\/\/smania.store\/cz\/vyrobek\/spintower-vicestupnova-drevena-otaceci-police\/"},"modified":"2026-04-10T20:54:54","modified_gmt":"2026-04-10T18:54:54","slug":"spintower-vicestupnova-drevena-otaceci-police","status":"publish","type":"product","link":"https:\/\/smania.store\/cz\/vyrobek\/spintower-vicestupnova-drevena-otaceci-police\/","title":{"rendered":"SpinTower\u2122 v\u00edcestup\u0148ov\u00e1 d\u0159ev\u011bn\u00e1 ot\u00e1\u010dec\u00ed police"},"content":{"rendered":"<div class=\"smania_landing_description_title\">NOV\u00c9: Uvoln\u011bte v\u00edce \u00falo\u017en\u00e9ho prostoru<\/div>\n<div class=\"smania_landing_description_txt\">Transformujte sv\u016fj prostor za p\u00e1r minut!<\/div>\n<div class=\"smania_landing_description_subtitle\">Unaveni nepo\u0159\u00e1dkem, kter\u00fd v\u00e1m zab\u00edr\u00e1 prostor? Seznamte se se SpinTower\u2122\u2014va\u0161\u00edm ide\u00e1ln\u00edm \u0159e\u0161en\u00edm pro maxim\u00e1ln\u00ed \u00falo\u017en\u00fd prostor se stylem! Tento v\u0161estrann\u00fd z\u00e1zrak se snadno p\u0159izp\u016fsob\u00ed va\u0161im pot\u0159eb\u00e1m a nab\u00edz\u00ed \u0161t\u011bdr\u00fd design s 5 policemi, kter\u00fd roz\u0161\u00ed\u0159\u00ed v\u00e1\u0161 prostor bez n\u00e1mahy. Investujte do \u017eivota bez nepo\u0159\u00e1dku je\u0161t\u011b dnes!<\/div>\n<div class=\"smania_landing_description_list\">\n<ul>\n<li>Snadno uspo\u0159\u00e1dejte bez chaosu a nepo\u0159\u00e1dku <\/li>\n<li>Okam\u017eit\u00e1 mont\u00e1\u017e bez n\u00e1stroj\u016f <\/li>\n<li>P\u0159izp\u016fsobiteln\u00e9 stohovateln\u00e9 police <\/li>\n<li>\u00dasporn\u00fd design maximalizuje v\u00e1\u0161 prostor <\/li>\n<li>Pevn\u00e9 a elegantn\u00ed, hod\u00ed se do ka\u017ed\u00e9ho interi\u00e9ru <\/li>\n<li>Velk\u00e1 kapacita: 46 x 160 cm<\/li>\n<\/ul><\/div>\n","protected":false},"excerpt":{"rendered":"<p>Bezprobl\u00e9mov\u00e1 instalace: \u017e\u00e1dn\u00e9 n\u00e1stroje nejsou pot\u0159eba |Ide\u00e1ln\u00ed pro mal\u00e9 byty |Skv\u011bl\u00e9 pro jakoukoli m\u00edstnost nebo kancel\u00e1\u0159 |Rychl\u00e9 p\u0159id\u00e1n\u00ed nebo odstran\u011bn\u00ed vrstev |Odoln\u00e9, spolehliv\u00e9 a robustn\u00ed|Po\u010det polic: 5 |V\u00fd\u0161ka police: 30 cm |Tlou\u0161\u0165ka police: 1,2 cm |Rozm\u011bry: 160 x 46 cm |Materi\u00e1l: Masivn\u00ed d\u0159evo<\/p>\n","protected":false},"featured_media":94371,"template":"","meta":[],"product_cat":[16],"product_tag":[1534],"acf":[],"_links":{"self":[{"href":"https:\/\/smania.store\/cz\/wp-json\/wp\/v2\/product\/94383"}],"collection":[{"href":"https:\/\/smania.store\/cz\/wp-json\/wp\/v2\/product"}],"about":[{"href":"https:\/\/smania.store\/cz\/wp-json\/wp\/v2\/types\/product"}],"wp:featuredmedia":[{"embeddable":true,"href":"https:\/\/smania.store\/cz\/wp-json\/wp\/v2\/media\/94371"}],"wp:attachment":[{"href":"https:\/\/smania.store\/cz\/wp-json\/wp\/v2\/media?parent=94383"}],"wp:term":[{"taxonomy":"product_cat","embeddable":true,"href":"https:\/\/smania.store\/cz\/wp-json\/wp\/v2\/product_cat?post=94383"},{"taxonomy":"product_tag","embeddable":true,"href":"https:\/\/smania.store\/cz\/wp-json\/wp\/v2\/product_tag?post=94383"}],"curies":[{"name":"wp","href":"https:\/\/api.w.org\/{rel}","templated":true}]}}