{"id":93889,"date":"2025-11-06T14:05:08","date_gmt":"2025-11-06T13:05:08","guid":{"rendered":"https:\/\/smania.store\/cz\/vyrobek\/drevena-stolni-souprava-montekiddo-pro-batolata\/"},"modified":"2026-04-28T13:54:29","modified_gmt":"2026-04-28T11:54:29","slug":"drevena-stolni-souprava-montekiddo-pro-batolata","status":"publish","type":"product","link":"https:\/\/smania.store\/cz\/vyrobek\/drevena-stolni-souprava-montekiddo-pro-batolata\/","title":{"rendered":"D\u0159ev\u011bn\u00e1 stoln\u00ed souprava MonteKiddo\u2122 pro batolata"},"content":{"rendered":"<div class=\"smania_landing_description_title\">NOVINKA! Sada d\u011btsk\u00e9ho n\u00e1bytku 3 v 1<\/div>\n<div class=\"smania_landing_description_txt\">Stvo\u0159eno pro mal\u00e9 ruce, velk\u00e9 sny!<\/div>\n<div class=\"smania_landing_description_subtitle\"> Poskytn\u011bte sv\u00e9mu d\u00edt\u011bti dokonal\u00e9 m\u00edsto k sezen\u00ed, hran\u00ed, kreslen\u00ed a r\u016fstu. Sada d\u0159ev\u011bn\u00fdch stolk\u016f MonteKiddo\u2122 je ur\u010dena pro zv\u00eddav\u00e1 batolata a je navr\u017eena tak, aby se vyv\u00edjela s ka\u017edou etapou &#8211; od prvn\u00edch kr\u016f\u010dk\u016f a\u017e po sebev\u011bdomou kreativitu. Sou\u010d\u00e1st\u00ed jsou mal\u00e9 odkl\u00e1dac\u00ed p\u0159ihr\u00e1dky &#8211; ide\u00e1ln\u00ed na tu\u017eky, pastelky a dal\u0161\u00ed mal\u00e9 poklady.<\/div>\n<div class=\"smania_landing_description_list\">\n<ul>\n<li>Prom\u011bn\u00ed se v \u017eidli, st\u016fl, stoli\u010dku a dal\u0161\u00ed v\u011bci<\/li>\n<li>Podporuje samostatnost a u\u010den\u00ed<\/li>\n<li>Sou\u010d\u00e1st\u00ed jsou mini z\u00e1sobn\u00edky na pastelky, tu\u017eky a drobn\u00e9 p\u0159edm\u011bty<\/li>\n<li>Roste s va\u0161\u00edm d\u00edt\u011btem (9 m\u011bs\u00edc\u016f \u2013 6 let)<\/li>\n<li>Bezpe\u010dn\u00e9, odoln\u00e9 a inspirovan\u00e9 metodou Montessori<\/li>\n<li>Jednoduch\u00e1 mont\u00e1\u017e, nen\u00ed pot\u0159eba \u017e\u00e1dn\u00e9 n\u00e1\u0159ad\u00ed<\/li>\n<\/ul><\/div>\n","protected":false},"excerpt":{"rendered":"<p>Snadn\u00e9 ot\u00e1\u010den\u00ed a p\u0159ekl\u00e1p\u011bn\u00ed|Ide\u00e1ln\u00ed pro mal\u00e9 prostory|Dod\u00e1 styl d\u011btsk\u00e9mu pokoji|Podporuje samostatnou hru|Tabulka: 36 \u00d7 33 \u00d7 38 cm|Stoli\u010dka: 30 \u00d7 28 \u00d7 31 cm|Materi\u00e1l: 100% p\u0159\u00edrodn\u00ed kau\u010dukov\u00e9 d\u0159evo|Doporu\u010den\u00fd v\u011bk: 9 m\u011bs\u00edc\u016f &#8211; 6 let<\/p>\n","protected":false},"featured_media":93879,"template":"","meta":[],"product_cat":[17],"product_tag":[1634],"acf":[],"_links":{"self":[{"href":"https:\/\/smania.store\/cz\/wp-json\/wp\/v2\/product\/93889"}],"collection":[{"href":"https:\/\/smania.store\/cz\/wp-json\/wp\/v2\/product"}],"about":[{"href":"https:\/\/smania.store\/cz\/wp-json\/wp\/v2\/types\/product"}],"wp:featuredmedia":[{"embeddable":true,"href":"https:\/\/smania.store\/cz\/wp-json\/wp\/v2\/media\/93879"}],"wp:attachment":[{"href":"https:\/\/smania.store\/cz\/wp-json\/wp\/v2\/media?parent=93889"}],"wp:term":[{"taxonomy":"product_cat","embeddable":true,"href":"https:\/\/smania.store\/cz\/wp-json\/wp\/v2\/product_cat?post=93889"},{"taxonomy":"product_tag","embeddable":true,"href":"https:\/\/smania.store\/cz\/wp-json\/wp\/v2\/product_tag?post=93889"}],"curies":[{"name":"wp","href":"https:\/\/api.w.org\/{rel}","templated":true}]}}