{"id":93796,"date":"2025-11-04T08:51:38","date_gmt":"2025-11-04T07:51:38","guid":{"rendered":"https:\/\/smania.store\/cz\/vyrobek\/taprack-nastenny-drzak-na-kohoutek-s-prisavkou\/"},"modified":"2026-02-24T21:38:12","modified_gmt":"2026-02-24T20:38:12","slug":"taprack-nastenny-drzak-na-kohoutek-s-prisavkou","status":"publish","type":"product","link":"https:\/\/smania.store\/cz\/vyrobek\/taprack-nastenny-drzak-na-kohoutek-s-prisavkou\/","title":{"rendered":"TapRack\u2122 n\u00e1st\u011bnn\u00fd dr\u017e\u00e1k na kohoutek s p\u0159\u00edsavkou"},"content":{"rendered":"<div class=\"smania_landing_description_title\">NOVINKA: P\u0159id\u00e1v\u00e1 prostor, nen\u00ed t\u0159eba vrtat<\/div>\n<div class=\"smania_landing_description_txt\">Z\u00edskejte m\u00edsto za bateri\u00ed a dodejte j\u00ed n\u00e1dech luxusu &#8211; bez vrt\u00e1n\u00ed!<\/div>\n<div class=\"smania_landing_description_subtitle\">Nainstalujte jej na st\u011bnu pomoc\u00ed siln\u00fdch p\u0159\u00edsavek a u\u017e\u00edvejte si bez n\u00e1mahy dal\u0161\u00edho prostoru v kombinaci s luxusem!<\/div>\n<div class=\"smania_landing_description_list\">\n<ul>\n<li>Maximalizujte prostor u d\u0159ezu<\/li>\n<li>Kompatibiln\u00ed se v\u0161emi bateriemi<\/li>\n<li>Bezpe\u010dn\u00e1 instalace pomoc\u00ed p\u0159\u00edsavky<\/li>\n<li>Plynule odn\u00edmateln\u00fd a p\u0159ipojiteln\u00fd<\/li>\n<li>Vodot\u011bsn\u00e9 proveden\u00ed s odtokov\u00fdm syst\u00e9mem<\/li>\n<\/ul><\/div>\n","protected":false},"excerpt":{"rendered":"<p>Siln\u00e9 p\u0159\u00edsavky pevn\u011b dr\u017e\u00ed|Nastaven\u00ed bez vrt\u00e1n\u00ed a nepo\u0159\u00e1dku|Dod\u00e1v\u00e1 n\u00e1dech luxusu|Odn\u00edmateln\u00fd a omyvateln\u00fd podnos|Ide\u00e1ln\u00ed pro mal\u00e9 koupelny|Barva: o\u0159ech a \u010dern\u00e1|Materi\u00e1ly: hlin\u00edkov\u00e1 slitina, silikon|Rozm\u011bry police: 40 x 12 x 4 cm|Hmotnostn\u00ed zat\u00ed\u017een\u00ed: 3 kg|Pou\u017eit\u00ed: v\u0161echny hladk\u00e9, rovn\u00e9 povrchy<\/p>\n","protected":false},"featured_media":93783,"template":"","meta":[],"product_cat":[16],"product_tag":[1534,2460],"acf":[],"_links":{"self":[{"href":"https:\/\/smania.store\/cz\/wp-json\/wp\/v2\/product\/93796"}],"collection":[{"href":"https:\/\/smania.store\/cz\/wp-json\/wp\/v2\/product"}],"about":[{"href":"https:\/\/smania.store\/cz\/wp-json\/wp\/v2\/types\/product"}],"wp:featuredmedia":[{"embeddable":true,"href":"https:\/\/smania.store\/cz\/wp-json\/wp\/v2\/media\/93783"}],"wp:attachment":[{"href":"https:\/\/smania.store\/cz\/wp-json\/wp\/v2\/media?parent=93796"}],"wp:term":[{"taxonomy":"product_cat","embeddable":true,"href":"https:\/\/smania.store\/cz\/wp-json\/wp\/v2\/product_cat?post=93796"},{"taxonomy":"product_tag","embeddable":true,"href":"https:\/\/smania.store\/cz\/wp-json\/wp\/v2\/product_tag?post=93796"}],"curies":[{"name":"wp","href":"https:\/\/api.w.org\/{rel}","templated":true}]}}