{"id":93650,"date":"2025-10-28T12:02:32","date_gmt":"2025-10-28T11:02:32","guid":{"rendered":"https:\/\/smania.store\/cz\/vyrobek\/foldtub-skladaci-prenosna-izolacni-vana\/"},"modified":"2026-04-19T14:48:25","modified_gmt":"2026-04-19T12:48:25","slug":"foldtub-skladaci-prenosna-izolacni-vana","status":"publish","type":"product","link":"https:\/\/smania.store\/cz\/vyrobek\/foldtub-skladaci-prenosna-izolacni-vana\/","title":{"rendered":"FoldTub\u2122 skl\u00e1dac\u00ed p\u0159enosn\u00e1 izola\u010dn\u00ed vana"},"content":{"rendered":"<div class=\"smania_landing_description_title\">NOVINKA: Prom\u011b\u0148te \u010das koup\u00e1n\u00ed bez n\u00e1mahy<\/div>\n<div class=\"smania_landing_description_txt\">Zlep\u0161ete sv\u016fj z\u00e1\u017eitek z koup\u00e1n\u00ed b\u011bhem n\u011bkolika sekund!<\/div>\n<div class=\"smania_landing_description_subtitle\">Vylep\u0161ete svou relaxa\u010dn\u00ed hru s FoldTub\u2122! \u017d\u00e1dn\u00e1 mont\u00e1\u017e utopen\u00e1 ve slo\u017eit\u00fdch n\u00e1vodech &#8211; rozlo\u017ete ji b\u011bhem n\u011bkolika sekund a pono\u0159te se do sv\u011bta pohodl\u00ed.<\/div>\n<div class=\"smania_landing_description_list\">\n<ul>\n<li>Jednoduch\u00e1 instalace do 5 sekund<\/li>\n<li>Prostorov\u011b \u00fasporn\u00e1 skl\u00e1dac\u00ed konstrukce<\/li>\n<li>Udr\u017e\u00ed teplotu a\u017e 2 hodiny<\/li>\n<li>Pr\u00e9miov\u00e9 materi\u00e1ly zaji\u0161\u0165uj\u00ed dlouhou \u017eivotnost<\/li>\n<li>\u0160etrn\u00e9 k \u017eivotn\u00edmu prost\u0159ed\u00ed d\u00edky perle\u0165ov\u00e9 bavln\u011b, kter\u00e1 udr\u017euje teplo<\/li>\n<li>V\u0161estrann\u00e9 vyu\u017eit\u00ed: nam\u00e1\u010den\u00ed, ledov\u00e1 l\u00e1ze\u0148, d\u011btsk\u00fd baz\u00e9n<\/li>\n<\/ul><\/div>\n","protected":false},"excerpt":{"rendered":"<p>Rychl\u00e9 a snadn\u00e9 nastaven\u00ed|\u00da\u010dinn\u00fd dvojit\u00fd odvod\u0148ovac\u00ed syst\u00e9m|Udr\u017e\u00ed teplotu a\u017e 2 hodiny|Ide\u00e1ln\u00ed pro relaxaci a terapii chladem|Ide\u00e1ln\u00ed pro vnit\u0159n\u00ed i venkovn\u00ed pou\u017eit\u00ed|Barva: Hv\u011bzdn\u011b modr\u00e1|Materi\u00e1l: Perle\u0165ov\u00e1 bavlna + PVC|Rozm\u011bry: 70 x 65 cm|Hmotnost: 3,1 kg|Zp\u016fsob instalace: voln\u011b stoj\u00edc\u00ed<\/p>\n","protected":false},"featured_media":93637,"template":"","meta":[],"product_cat":[16,21],"product_tag":[1535,1504],"acf":[],"_links":{"self":[{"href":"https:\/\/smania.store\/cz\/wp-json\/wp\/v2\/product\/93650"}],"collection":[{"href":"https:\/\/smania.store\/cz\/wp-json\/wp\/v2\/product"}],"about":[{"href":"https:\/\/smania.store\/cz\/wp-json\/wp\/v2\/types\/product"}],"wp:featuredmedia":[{"embeddable":true,"href":"https:\/\/smania.store\/cz\/wp-json\/wp\/v2\/media\/93637"}],"wp:attachment":[{"href":"https:\/\/smania.store\/cz\/wp-json\/wp\/v2\/media?parent=93650"}],"wp:term":[{"taxonomy":"product_cat","embeddable":true,"href":"https:\/\/smania.store\/cz\/wp-json\/wp\/v2\/product_cat?post=93650"},{"taxonomy":"product_tag","embeddable":true,"href":"https:\/\/smania.store\/cz\/wp-json\/wp\/v2\/product_tag?post=93650"}],"curies":[{"name":"wp","href":"https:\/\/api.w.org\/{rel}","templated":true}]}}