{"id":93541,"date":"2025-10-23T13:39:22","date_gmt":"2025-10-23T11:39:22","guid":{"rendered":"https:\/\/smania.store\/cz\/vyrobek\/dinoslide-detska-elektricka-dinosauri-skluzavka\/"},"modified":"2025-12-10T15:41:01","modified_gmt":"2025-12-10T14:41:01","slug":"dinoslide-detska-elektricka-dinosauri-skluzavka","status":"publish","type":"product","link":"https:\/\/smania.store\/cz\/vyrobek\/dinoslide-detska-elektricka-dinosauri-skluzavka\/","title":{"rendered":"DinoSlide\u2122 d\u011btsk\u00e1 elektrick\u00e1 dinosau\u0159\u00ed skluzavka"},"content":{"rendered":"<div class=\"smania_landing_description_title\">NOVINKA: Rozn\u011bcuje n\u00e1paditou hru<\/div>\n<div class=\"smania_landing_description_txt\">Z\u00e1vodn\u00ed dinosau\u0159i, kte\u0159\u00ed podn\u011bcuj\u00ed kreativitu a u\u010den\u00ed<\/div>\n<div class=\"smania_landing_description_subtitle\"> Podpo\u0159te d\u011btskou p\u0159edstavivost \u0159vouc\u00edmi dinosaury, sv\u00edt\u00edc\u00edmi dr\u00e1hami a vzru\u0161uj\u00edc\u00edmi sv\u011btly a zvuky. Tato dynamick\u00e1 hern\u00ed souprava prom\u011bn\u00ed ka\u017ed\u00fd pokoj v prehistorick\u00e9 dobrodru\u017estv\u00ed &#8211; podporuje kreativitu, z\u00e1bavu a u\u010den\u00ed v jednom!<\/div>\n<div class=\"smania_landing_description_list\">\n<ul>\n<li>Stimuluje kreativn\u00ed hru a p\u0159edstavivost<\/li>\n<li>Rozv\u00edj\u00ed koordinaci a \u0159e\u0161en\u00ed probl\u00e9m\u016f<\/li>\n<li>Snadn\u00e1 mont\u00e1\u017e pro nekone\u010dn\u00e1 dobrodru\u017estv\u00ed<\/li>\n<li>\u017div\u00e9 barvy a fascinuj\u00edc\u00ed hudba<\/li>\n<li>Ide\u00e1ln\u00ed d\u00e1rek pro ka\u017edou p\u0159\u00edle\u017eitost<\/li>\n<\/ul><\/div>\n","protected":false},"excerpt":{"rendered":"<p>Ide\u00e1ln\u00ed pro d\u011bti od 3 let|Bezprobl\u00e9mov\u00e1 integrace dr\u00e1hy|Poutav\u00e9 pro chlapce i d\u00edvky|Interaktivn\u00ed a vzd\u011bl\u00e1vac\u00ed z\u00e1bava|Rozm\u011bry: 25.rozm\u011bry: 5 x 16,5 x 7,5 cm|Hmotnost v\u00fdrobku: 0,37 kg|Materi\u00e1l: ekologick\u00fd plast ABS, bezpe\u010dn\u00fd pro d\u011bti|Vlastnosti: D\u011btsk\u00e1 hra\u010dka pro d\u011bti, kter\u00e1 je vhodn\u00e1 pro d\u011bti: Elektrick\u00e1 dr\u00e1ha na lezen\u00ed po schodech, 5 dinosaur\u016f, hudba a sv\u011bteln\u00e9 efekty<\/p>\n","protected":false},"featured_media":93530,"template":"","meta":[],"product_cat":[17],"product_tag":[1634,1514],"acf":[],"_links":{"self":[{"href":"https:\/\/smania.store\/cz\/wp-json\/wp\/v2\/product\/93541"}],"collection":[{"href":"https:\/\/smania.store\/cz\/wp-json\/wp\/v2\/product"}],"about":[{"href":"https:\/\/smania.store\/cz\/wp-json\/wp\/v2\/types\/product"}],"wp:featuredmedia":[{"embeddable":true,"href":"https:\/\/smania.store\/cz\/wp-json\/wp\/v2\/media\/93530"}],"wp:attachment":[{"href":"https:\/\/smania.store\/cz\/wp-json\/wp\/v2\/media?parent=93541"}],"wp:term":[{"taxonomy":"product_cat","embeddable":true,"href":"https:\/\/smania.store\/cz\/wp-json\/wp\/v2\/product_cat?post=93541"},{"taxonomy":"product_tag","embeddable":true,"href":"https:\/\/smania.store\/cz\/wp-json\/wp\/v2\/product_tag?post=93541"}],"curies":[{"name":"wp","href":"https:\/\/api.w.org\/{rel}","templated":true}]}}