{"id":93419,"date":"2025-10-21T08:54:33","date_gmt":"2025-10-21T06:54:33","guid":{"rendered":"https:\/\/smania.store\/cz\/vyrobek\/penovy-cistic-foamclear\/"},"modified":"2026-03-20T15:21:23","modified_gmt":"2026-03-20T14:21:23","slug":"penovy-cistic-foamclear","status":"publish","type":"product","link":"https:\/\/smania.store\/cz\/vyrobek\/penovy-cistic-foamclear\/","title":{"rendered":"P\u011bnov\u00fd \u010disti\u010d FoamClear"},"content":{"rendered":"<div class=\"smania_landing_description_title\">NOVINKA! Kouzeln\u00fd \u010distic\u00ed prost\u0159edek pro va\u0161e auto a dom\u00e1cnost<\/div>\n<div class=\"smania_landing_description_txt\">Nast\u0159\u00edkejte, ot\u0159ete a \u0161p\u00edna je pry\u010d!<\/div>\n<div class=\"smania_landing_description_subtitle\">FoamClear je v\u00fdkonn\u00e1 \u010distic\u00ed p\u011bna typu &#8222;v\u0161e v jednom&#8220; ur\u010den\u00e1 pro rychl\u00e9 a snadn\u00e9 \u010di\u0161t\u011bn\u00ed kdekoli &#8211; doma, v aut\u011b nebo v kancel\u00e1\u0159i. \u00da\u010dinn\u011b odstra\u0148uje mastnotu, \u0161p\u00ednu a odoln\u00e9 skvrny a z\u00e1rove\u0148 osv\u011b\u017euje a chr\u00e1n\u00ed povrchy.<\/div>\n<div class=\"smania_landing_description_list\">\n<ul>\n<li>V\u00edce\u00fa\u010delov\u00e9 nap\u00e1jen\u00ed: K \u010di\u0161t\u011bn\u00ed v\u0161ech druh\u016f povrch\u016f &#8211; plast\u016f, k\u016f\u017ee, vinylu, gumy, l\u00e1tek, \u010daloun\u011bn\u00ed, kuchy\u0148sk\u00fdch linek, koupelnov\u00fdch dla\u017edic a dal\u0161\u00edch.<\/li>\n<li>Hloubkov\u00e9 \u010di\u0161t\u011bn\u00ed: Pronik\u00e1 do hloubky a odstra\u0148uje mastnotu, olej a odoln\u00e9 skvrny, \u010d\u00edm\u017e zaji\u0161\u0165uje dokonal\u00e9 a trval\u00e9 vy\u010di\u0161t\u011bn\u00ed.<\/li>\n<li>Bezpe\u010dn\u00fd a \u0161etrn\u00fd: \u0160etrn\u00fd: Neabrazivn\u00ed a bezpe\u010dn\u00fd pro ruce &#8211; odoln\u00fd v\u016f\u010di ne\u010distot\u00e1m, ale \u0161etrn\u00fd k poko\u017ece a povrch\u016fm.<\/li>\n<li>Snadn\u00e9 pou\u017eit\u00ed: Jednodu\u0161e nast\u0159\u00edkejte, ot\u0159ete houbou nebo had\u0159\u00edkem a u\u017e\u00edvejte si sv\u011b\u017e\u00edho, \u010dist\u00e9ho povrchu &#8211; nen\u00ed nutn\u00e9 oplachov\u00e1n\u00ed.<\/li>\n<li>Dlouhotrvaj\u00edc\u00ed ochrana: Vytv\u00e1\u0159\u00ed ochrannou vrstvu, kter\u00e1 odol\u00e1v\u00e1 usazov\u00e1n\u00ed prachu a po\u0161kozen\u00ed UV z\u00e1\u0159en\u00edm a udr\u017euje povrch d\u00e9le jako nov\u00fd.<\/li>\n<\/ul><\/div>\n","protected":false},"excerpt":{"rendered":"<p>\u00da\u010dinn\u00e9 \u010di\u0161t\u011bn\u00ed pro pou\u017eit\u00ed doma nebo v aut\u011b.|Pom\u00e1h\u00e1 p\u0159edch\u00e1zet blednut\u00ed, prask\u00e1n\u00ed a st\u00e1rnut\u00ed nejr\u016fzn\u011bj\u0161\u00edch materi\u00e1l\u016f.|Z\u00edskejte bezchybnou \u010distotu b\u011bhem n\u011bkolika sekund &#8211; sta\u010d\u00ed nast\u0159\u00edkat a set\u0159\u00edt!|Obsahuje vestav\u011bn\u00fd kart\u00e1\u010dek pro odstran\u011bn\u00ed odoln\u00fdch ne\u010distot a prachu.|Vhodn\u00e9 pro: plasty, k\u016f\u017ei, vinyl, gumu, tkaniny, koberce, kuchy\u0148sk\u00e9 spot\u0159ebi\u010de, koupelnov\u00e9 vybaven\u00ed a dal\u0161\u00ed|Objem: 650 ml|Trvanlivost: 3 roky|Zabudovan\u00e1 ochrana proti UV z\u00e1\u0159en\u00ed<\/p>\n","protected":false},"featured_media":93397,"template":"","meta":[],"product_cat":[18,2715,223],"product_tag":[2716,1500],"acf":[],"_links":{"self":[{"href":"https:\/\/smania.store\/cz\/wp-json\/wp\/v2\/product\/93419"}],"collection":[{"href":"https:\/\/smania.store\/cz\/wp-json\/wp\/v2\/product"}],"about":[{"href":"https:\/\/smania.store\/cz\/wp-json\/wp\/v2\/types\/product"}],"wp:featuredmedia":[{"embeddable":true,"href":"https:\/\/smania.store\/cz\/wp-json\/wp\/v2\/media\/93397"}],"wp:attachment":[{"href":"https:\/\/smania.store\/cz\/wp-json\/wp\/v2\/media?parent=93419"}],"wp:term":[{"taxonomy":"product_cat","embeddable":true,"href":"https:\/\/smania.store\/cz\/wp-json\/wp\/v2\/product_cat?post=93419"},{"taxonomy":"product_tag","embeddable":true,"href":"https:\/\/smania.store\/cz\/wp-json\/wp\/v2\/product_tag?post=93419"}],"curies":[{"name":"wp","href":"https:\/\/api.w.org\/{rel}","templated":true}]}}