{"id":93288,"date":"2025-10-17T11:40:46","date_gmt":"2025-10-17T09:40:46","guid":{"rendered":"https:\/\/smania.store\/cz\/vyrobek\/stavebnice-rollingfun\/"},"modified":"2026-01-18T22:03:06","modified_gmt":"2026-01-18T21:03:06","slug":"stavebnice-rollingfun","status":"publish","type":"product","link":"https:\/\/smania.store\/cz\/vyrobek\/stavebnice-rollingfun\/","title":{"rendered":"Stavebnice RollingFun"},"content":{"rendered":"<div class=\"smania_landing_description_title\">NOVINKA! Stavebnice RollingFun<\/div>\n<div class=\"smania_landing_description_txt\">Vytvo\u0159te si vlastn\u00ed sv\u011bt pln\u00fd fantazie!<\/div>\n<div class=\"smania_landing_description_subtitle\">Sledujte kuli\u010dky, jak se proh\u00e1n\u011bj\u00ed po barevn\u00fdch drah\u00e1ch, kter\u00e9 si d\u00edt\u011b samo navrhne. Ka\u017ed\u00fd d\u00edlek se snadno spojuje a nab\u00edz\u00ed nekone\u010dn\u00e9 mo\u017enosti hry a tvo\u0159en\u00ed. Z\u00e1bavn\u00fd, praktick\u00fd zp\u016fsob, jak podpo\u0159it kreativitu, soust\u0159ed\u011bn\u00ed a \u0159e\u0161en\u00ed probl\u00e9m\u016f &#8211; bez obrazovek!<\/div>\n<div class=\"smania_landing_description_list\">\n<ul>\n<li>Podporuje \u0159e\u0161en\u00ed probl\u00e9m\u016f, kreativitu a jemnou motoriku<\/li>\n<li>Posiluje soci\u00e1ln\u00ed a komunika\u010dn\u00ed schopnosti prost\u0159ednictv\u00edm hry<\/li>\n<li>D\u011bti se zabav\u00ed na cel\u00e9 hodiny &#8211; nepot\u0159ebuj\u00ed \u017e\u00e1dn\u00e9 obrazovky!<\/li>\n<li>Vyrobeno z bezpe\u010dn\u00fdch a odoln\u00fdch materi\u00e1l\u016f vhodn\u00fdch pro d\u011bti<\/li>\n<li>Nab\u00edz\u00ed nekone\u010dn\u00e9 mo\u017enosti stav\u011bn\u00ed d\u00edky 168 d\u00edlk\u016fm<\/li>\n<\/ul><\/div>\n","protected":false},"excerpt":{"rendered":"<p>168 barevn\u00fdch, do sebe zapadaj\u00edc\u00edch d\u00edlk\u016f|N\u011bkolik tvar\u016f kolej\u00ed a z\u00e1bavn\u00e9 p\u0159\u00edslu\u0161enstv\u00ed|Plynul\u00e9 kut\u00e1len\u00ed pro nekone\u010dn\u00e9 z\u00e1vody|Kompaktn\u00ed design &#8211; snadn\u00e9 skladov\u00e1n\u00ed a p\u0159en\u00e1\u0161en\u00ed|Balen\u00ed obsahuje: 168 kus\u016f|Doporu\u010den\u00fd minim\u00e1ln\u00ed v\u011bk: 3+ let|Materi\u00e1l: plast ABS|Upozorn\u011bn\u00ed: Nevhodn\u00e9 pro d\u011bti mlad\u0161\u00ed 36 m\u011bs\u00edc\u016f. Mal\u00e9 \u010d\u00e1sti. Nebezpe\u010d\u00ed udu\u0161en\u00ed.<\/p>\n","protected":false},"featured_media":93264,"template":"","meta":[],"product_cat":[17],"product_tag":[1634,1514],"acf":[],"_links":{"self":[{"href":"https:\/\/smania.store\/cz\/wp-json\/wp\/v2\/product\/93288"}],"collection":[{"href":"https:\/\/smania.store\/cz\/wp-json\/wp\/v2\/product"}],"about":[{"href":"https:\/\/smania.store\/cz\/wp-json\/wp\/v2\/types\/product"}],"wp:featuredmedia":[{"embeddable":true,"href":"https:\/\/smania.store\/cz\/wp-json\/wp\/v2\/media\/93264"}],"wp:attachment":[{"href":"https:\/\/smania.store\/cz\/wp-json\/wp\/v2\/media?parent=93288"}],"wp:term":[{"taxonomy":"product_cat","embeddable":true,"href":"https:\/\/smania.store\/cz\/wp-json\/wp\/v2\/product_cat?post=93288"},{"taxonomy":"product_tag","embeddable":true,"href":"https:\/\/smania.store\/cz\/wp-json\/wp\/v2\/product_tag?post=93288"}],"curies":[{"name":"wp","href":"https:\/\/api.w.org\/{rel}","templated":true}]}}