{"id":93069,"date":"2025-10-09T13:02:35","date_gmt":"2025-10-09T11:02:35","guid":{"rendered":"https:\/\/smania.store\/cz\/vyrobek\/antiweeds-100-prirodni-prostredek-proti-plevelu\/"},"modified":"2025-10-09T13:02:35","modified_gmt":"2025-10-09T11:02:35","slug":"antiweeds-100-prirodni-prostredek-proti-plevelu","status":"publish","type":"product","link":"https:\/\/smania.store\/cz\/vyrobek\/antiweeds-100-prirodni-prostredek-proti-plevelu\/","title":{"rendered":"AntiWeeds \u2013 100 % p\u0159\u00edrodn\u00ed prost\u0159edek proti plevelu"},"content":{"rendered":"<div class=\"smania_landing_description_title\">NOVINKA: Rozlu\u010dte se s plevelem!<\/div>\n<div class=\"smania_landing_description_txt\">Ud\u011blejte ze sv\u00e9 zahrady \u00fato\u010di\u0161t\u011b \u017eivota!<\/div>\n<div class=\"smania_landing_description_subtitle\"> Seznamte se s p\u0159\u00edpravkem AntiWeeds, nov\u00fdm nejlep\u0161\u00edm p\u0159\u00edtelem va\u0161\u00ed zahrady. Tento ekologick\u00fd, biologicky odbourateln\u00fd z\u00e1zrak inovuje tradi\u010dn\u00ed boj proti plevel\u016fm t\u00edm, \u017ee eliminuje ne\u017e\u00e1douc\u00ed hosty na zahrad\u011b bez drsn\u00fdch chemik\u00e1li\u00ed.<\/div>\n<div class=\"smania_landing_description_list\">\n<ul>\n<li>Ekologick\u00e1 receptura vhodn\u00e1 pro ekologick\u00e9 zahrady<\/li>\n<li>P\u0159irozen\u011b biologicky odbourateln\u00fd, co\u017e zaji\u0161\u0165uje bezpe\u010dn\u011bj\u0161\u00ed \u017eivotn\u00ed prost\u0159ed\u00ed<\/li>\n<li>Snadn\u00e1 aplikace; bezprobl\u00e9mov\u00e1 \u00fadr\u017eba zahrady<\/li>\n<li>Udr\u017euje zahrady bez plevele a podporuje zdrav\u00ed rostlin<\/li>\n<li>\u0160etrn\u00fd k rostlin\u00e1m, tvrd\u00fd k plevel\u016fm<\/li>\n<li>Ide\u00e1ln\u00ed pro ekologicky uv\u011bdom\u011bl\u00e9 dom\u00e1cnosti a komunity<\/li>\n<\/ul><\/div>\n","protected":false},"excerpt":{"rendered":"<p>\u017d\u00e1dn\u00e9 drsn\u00e9 chemik\u00e1lie, \u010dist\u00e1 p\u0159\u00edroda|\u00da\u010dinn\u00e1 ochrana, celosez\u00f3nn\u00ed \u0161t\u00edt|Bezpe\u010dn\u00e9 v bl\u00edzkosti dom\u00e1c\u00edch zv\u00ed\u0159at a d\u011bt\u00ed|Objem: 500 ml|Pokryt\u00ed: ~25 m\u00b2|Skladujte p\u0159i teplot\u011b do 25 \u00b0C a mimo dosah d\u011bt\u00ed<\/p>\n","protected":false},"featured_media":93058,"template":"","meta":[],"product_cat":[16,2715],"product_tag":[1504],"acf":[],"_links":{"self":[{"href":"https:\/\/smania.store\/cz\/wp-json\/wp\/v2\/product\/93069"}],"collection":[{"href":"https:\/\/smania.store\/cz\/wp-json\/wp\/v2\/product"}],"about":[{"href":"https:\/\/smania.store\/cz\/wp-json\/wp\/v2\/types\/product"}],"wp:featuredmedia":[{"embeddable":true,"href":"https:\/\/smania.store\/cz\/wp-json\/wp\/v2\/media\/93058"}],"wp:attachment":[{"href":"https:\/\/smania.store\/cz\/wp-json\/wp\/v2\/media?parent=93069"}],"wp:term":[{"taxonomy":"product_cat","embeddable":true,"href":"https:\/\/smania.store\/cz\/wp-json\/wp\/v2\/product_cat?post=93069"},{"taxonomy":"product_tag","embeddable":true,"href":"https:\/\/smania.store\/cz\/wp-json\/wp\/v2\/product_tag?post=93069"}],"curies":[{"name":"wp","href":"https:\/\/api.w.org\/{rel}","templated":true}]}}