{"id":92682,"date":"2025-09-19T13:52:23","date_gmt":"2025-09-19T11:52:23","guid":{"rendered":"https:\/\/smania.store\/cz\/vyrobek\/storelux-luxusni-ulozny-regal-pro-mezery-mezi-nabytkem-4-urovne\/"},"modified":"2026-04-17T10:24:47","modified_gmt":"2026-04-17T08:24:47","slug":"storelux-luxusni-ulozny-regal-pro-mezery-mezi-nabytkem-4-urovne","status":"publish","type":"product","link":"https:\/\/smania.store\/cz\/vyrobek\/storelux-luxusni-ulozny-regal-pro-mezery-mezi-nabytkem-4-urovne\/","title":{"rendered":"StoreLux\u2122 Luxusn\u00ed \u00falo\u017en\u00fd reg\u00e1l pro mezery mezi n\u00e1bytkem &#8211; 4 \u00farovn\u011b"},"content":{"rendered":"<div class=\"smania_landing_description_title\">NOVINKA: obnovte prostor pro pohovku ve va\u0161\u00ed dom\u00e1cnosti!<\/div>\n<div class=\"smania_landing_description_txt\">Vy\u0159e\u0161te probl\u00e9m s nedostatkem m\u00edsta ve va\u0161\u00ed dom\u00e1cnosti!<\/div>\n<div class=\"smania_landing_description_subtitle\">Tento neuv\u011b\u0159iteln\u00fd kus n\u00e1bytku je navr\u017een tak, aby se ve\u0161el kamkoli, od koupelny po ob\u00fdvac\u00ed pokoj, a zdvojn\u00e1sobil tak v\u00e1\u0161 dostupn\u00fd prostor!<\/div>\n<div class=\"smania_landing_description_list\">\n<ul>\n<li>Ide\u00e1ln\u00ed pro \u00fazk\u00e9 prostory<\/li>\n<li>Velk\u00e1 kapacita pro v\u011bt\u0161\u00ed p\u0159edm\u011bty (4 \u00farovn\u011b)<\/li>\n<li>Elegantn\u00ed design, kter\u00fd se hod\u00ed ke ka\u017ed\u00e9mu stylu<\/li>\n<li>Pevn\u00fd, odoln\u00fd a vod\u011bodoln\u00fd materi\u00e1l<\/li>\n<li>Ide\u00e1ln\u00ed pro hygienick\u00e9 pot\u0159eby<\/li>\n<\/ul><\/div>\n","protected":false},"excerpt":{"rendered":"<p>\u00daspora \u010dasu d\u00edky lep\u0161\u00ed organizaci|Praktick\u00fd dr\u017e\u00e1k na kapesn\u00edky|Optimalizuje vyu\u017eiteln\u00e9 plochy|Vhodn\u00fd do koupelny i ob\u00fdvac\u00edho pokoje|Snadno vyj\u00edmateln\u00e9 z\u00e1suvky|Robustn\u00ed, odoln\u00e9 a vodot\u011bsn\u00e9|Rozm\u011bry: 78 x 41 x 18 cm|Nosnost a\u017e 60 kg|Po\u010det polic: 4|Vybaveno kole\u010dky<\/p>\n","protected":false},"featured_media":92672,"template":"","meta":[],"product_cat":[16],"product_tag":[1535],"acf":[],"_links":{"self":[{"href":"https:\/\/smania.store\/cz\/wp-json\/wp\/v2\/product\/92682"}],"collection":[{"href":"https:\/\/smania.store\/cz\/wp-json\/wp\/v2\/product"}],"about":[{"href":"https:\/\/smania.store\/cz\/wp-json\/wp\/v2\/types\/product"}],"wp:featuredmedia":[{"embeddable":true,"href":"https:\/\/smania.store\/cz\/wp-json\/wp\/v2\/media\/92672"}],"wp:attachment":[{"href":"https:\/\/smania.store\/cz\/wp-json\/wp\/v2\/media?parent=92682"}],"wp:term":[{"taxonomy":"product_cat","embeddable":true,"href":"https:\/\/smania.store\/cz\/wp-json\/wp\/v2\/product_cat?post=92682"},{"taxonomy":"product_tag","embeddable":true,"href":"https:\/\/smania.store\/cz\/wp-json\/wp\/v2\/product_tag?post=92682"}],"curies":[{"name":"wp","href":"https:\/\/api.w.org\/{rel}","templated":true}]}}