{"id":92508,"date":"2025-09-03T09:28:42","date_gmt":"2025-09-03T07:28:42","guid":{"rendered":"https:\/\/smania.store\/cz\/vyrobek\/obnovovac-asfaltu-drivewaypro-1-l-2-m%c2%b2\/"},"modified":"2025-11-13T16:16:53","modified_gmt":"2025-11-13T15:16:53","slug":"obnovovac-asfaltu-drivewaypro-1-l-2-m%c2%b2","status":"publish","type":"product","link":"https:\/\/smania.store\/cz\/vyrobek\/obnovovac-asfaltu-drivewaypro-1-l-2-m%c2%b2\/","title":{"rendered":"Obnovova\u010d asfaltu DrivewayPRO\u2122 &#8211; 1 l \/ 4-6 m\u00b2"},"content":{"rendered":"<div class=\"smania_landing_description_title\">NOVINKA: Obnovova\u010d asfaltu DrivewayPRO\u2122<\/div>\n<div class=\"smania_landing_description_txt\">Obnova p\u0159\u00edjezdov\u00e9 cesty b\u011bhem chvilky<\/div>\n<div class=\"smania_landing_description_subtitle\">Vypad\u00e1 va\u0161e p\u0159\u00edjezdov\u00e1 cesta opot\u0159ebovan\u011b? DrivewayPRO\u2122 je dokonal\u00e9 \u0159e\u0161en\u00ed pro obnovu a ochranu asfaltov\u00fdch a betonov\u00fdch povrch\u016f. D\u00edky sv\u00e9 odolnosti v\u016f\u010di nep\u0159\u00edzni po\u010das\u00ed, zm\u011bn\u00e1m teplot, prask\u00e1n\u00ed a po\u0161kozen\u00ed UV z\u00e1\u0159en\u00edm DrivewayPRO\u2122 nejen zlep\u0161uje vzhled va\u0161\u00ed p\u0159\u00edjezdov\u00e9 cesty, ale tak\u00e9 poskytuje dlouhotrvaj\u00edc\u00ed hydroizolaci a ochranu.<\/div>\n<div class=\"smania_landing_description_list\">\n<ul>\n<li>T\u011bsn\u00ed a zpev\u0148uje povrch<\/li>\n<li>Odol\u00e1v\u00e1 de\u0161ti, teplu a mrazu<\/li>\n<li>Obnovuje p\u0159\u00edjezdov\u00e9 cesty &#8211; p\u016fvodn\u00ed vzhled asfaltu a betonu<\/li>\n<li>Ochrana proti UV z\u00e1\u0159en\u00ed &#8211; zabra\u0148uje blednut\u00ed a po\u0161kozen\u00ed<\/li>\n<li>Odpuzuje vodu &#8211; zabra\u0148uje pronik\u00e1n\u00ed vlhkosti<\/li>\n<li>Prodlou\u017een\u00e1 \u017eivotnost &#8211; konzervuje a zpev\u0148uje povrch<\/li>\n<\/ul><\/div>\n","protected":false},"excerpt":{"rendered":"<p>VYSOK\u00dd V\u00ddKON &#8211; Speci\u00e1ln\u011b vyvinut\u00fd pro asfaltov\u00e9 silnice|DURABLE &#8211; Odoln\u00e1 \u010dern\u00e1 vrstva s n\u00edzk\u00fdm leskem|OCHRANN\u00dd &#8211; Chr\u00e1n\u00ed p\u0159ed pov\u011btrnostn\u00edmi vlivy, rozlit\u00edm a r\u016fstem plevele|SNADN\u00c9 POU\u017dIT\u00cd &#8211; Jednoduch\u00e1 aplikace pro bezprobl\u00e9mov\u00e9 v\u00fdsledky|RYCHL\u00c9 ZASCHNUT\u00cd &#8211; P\u0159ipraven k pou\u017eit\u00ed za pouh\u00e9 4 hodiny|Barva &#8211; \u010dern\u00e1|Objem kapaliny &#8211; 1 l|Pokryt\u00ed &#8211; a\u017e 6 m\u00b2|Doba schnut\u00ed &#8211; 4 hodiny pro pou\u017eit\u00ed|Aplikace &#8211; \u0161t\u011btcem, v\u00e1le\u010dkem nebo st\u0159\u00edk\u00e1n\u00edm<\/p>\n","protected":false},"featured_media":92637,"template":"","meta":[],"product_cat":[2715],"product_tag":[2730,2729],"acf":[],"_links":{"self":[{"href":"https:\/\/smania.store\/cz\/wp-json\/wp\/v2\/product\/92508"}],"collection":[{"href":"https:\/\/smania.store\/cz\/wp-json\/wp\/v2\/product"}],"about":[{"href":"https:\/\/smania.store\/cz\/wp-json\/wp\/v2\/types\/product"}],"wp:featuredmedia":[{"embeddable":true,"href":"https:\/\/smania.store\/cz\/wp-json\/wp\/v2\/media\/92637"}],"wp:attachment":[{"href":"https:\/\/smania.store\/cz\/wp-json\/wp\/v2\/media?parent=92508"}],"wp:term":[{"taxonomy":"product_cat","embeddable":true,"href":"https:\/\/smania.store\/cz\/wp-json\/wp\/v2\/product_cat?post=92508"},{"taxonomy":"product_tag","embeddable":true,"href":"https:\/\/smania.store\/cz\/wp-json\/wp\/v2\/product_tag?post=92508"}],"curies":[{"name":"wp","href":"https:\/\/api.w.org\/{rel}","templated":true}]}}