{"id":92191,"date":"2025-08-19T07:47:07","date_gmt":"2025-08-19T05:47:07","guid":{"rendered":"https:\/\/smania.store\/cz\/vyrobek\/stolni-ventilator-s-odpuzovacem-much-flyaway-2-baleni\/"},"modified":"2025-08-19T07:47:07","modified_gmt":"2025-08-19T05:47:07","slug":"stolni-ventilator-s-odpuzovacem-much-flyaway-2-baleni","status":"publish","type":"product","link":"https:\/\/smania.store\/cz\/vyrobek\/stolni-ventilator-s-odpuzovacem-much-flyaway-2-baleni\/","title":{"rendered":"Stoln\u00ed ventil\u00e1tor s odpuzova\u010dem much FlyAway\u2122 &#8211; 2 balen\u00ed"},"content":{"rendered":"<div class=\"smania_landing_description_title\"> NOVINKA: Vy\u017ee\u0148te mouchy bez n\u00e1mahy <\/div>\n<div class=\"smania_landing_description_txt\"> Vy\u017ee\u0148te mouchy bez n\u00e1mahy: Bez much b\u011bhem n\u011bkolika sekund! <\/div>\n<div class=\"smania_landing_description_subtitle\"> Objevte kouzlo FlyAway\u2122, revolu\u010dn\u00edho n\u00e1stroje, kter\u00fd bez n\u00e1mahy odh\u00e1n\u011bl otravn\u00e9 mouchy a zajistil v\u00e1m neru\u0161en\u00fd z\u00e1\u017eitek z j\u00eddla. <\/div>\n<div class=\"smania_landing_description_list\">\n<ul>\n<li>Bezpe\u010dn\u00fd design vhodn\u00fd pro d\u011bti<\/li>\n<li>M\u011bkk\u00e9, nepo\u0161kozuj\u00edc\u00ed \u010depele<\/li>\n<li>Odpuzova\u010d hmyzu bez chemick\u00fdch l\u00e1tek<\/li>\n<li>Ide\u00e1ln\u00ed pro vnit\u0159n\u00ed i venkovn\u00ed pou\u017eit\u00ed<\/li>\n<li>Reflexn\u00ed technologie odrazuje \u0161k\u016fdce<\/li>\n<li>Lehk\u00e9, p\u0159enosn\u00e9 \u0159e\u0161en\u00ed<\/li>\n<\/ul><\/div>\n","protected":false},"excerpt":{"rendered":"<p>\u017d\u00e1dn\u00e9 chemik\u00e1lie, \u010dist\u00e1 kvalita|Snadn\u00e9 pou\u017eit\u00ed a po\u017eitek|Elegantn\u00ed a stylov\u00fd design|Ide\u00e1ln\u00ed pro pikniky a grilov\u00e1n\u00ed|Baterie nen\u00ed sou\u010d\u00e1st\u00ed dod\u00e1vky|Barva: \u010dern\u00e1|Velikost v\u00fdrobku: 9 x 9 x 25 cm|Hmotnost v\u00fdrobku: 270 g<\/p>\n","protected":false},"featured_media":92179,"template":"","meta":[],"product_cat":[16],"product_tag":[2460],"acf":[],"_links":{"self":[{"href":"https:\/\/smania.store\/cz\/wp-json\/wp\/v2\/product\/92191"}],"collection":[{"href":"https:\/\/smania.store\/cz\/wp-json\/wp\/v2\/product"}],"about":[{"href":"https:\/\/smania.store\/cz\/wp-json\/wp\/v2\/types\/product"}],"wp:featuredmedia":[{"embeddable":true,"href":"https:\/\/smania.store\/cz\/wp-json\/wp\/v2\/media\/92179"}],"wp:attachment":[{"href":"https:\/\/smania.store\/cz\/wp-json\/wp\/v2\/media?parent=92191"}],"wp:term":[{"taxonomy":"product_cat","embeddable":true,"href":"https:\/\/smania.store\/cz\/wp-json\/wp\/v2\/product_cat?post=92191"},{"taxonomy":"product_tag","embeddable":true,"href":"https:\/\/smania.store\/cz\/wp-json\/wp\/v2\/product_tag?post=92191"}],"curies":[{"name":"wp","href":"https:\/\/api.w.org\/{rel}","templated":true}]}}