{"id":91971,"date":"2025-08-04T08:17:43","date_gmt":"2025-08-04T06:17:43","guid":{"rendered":"https:\/\/smania.store\/cz\/vyrobek\/tripatrovy-organizer-na-vozik-rotatorack\/"},"modified":"2025-08-18T09:52:30","modified_gmt":"2025-08-18T07:52:30","slug":"tripatrovy-organizer-na-vozik-rotatorack","status":"publish","type":"product","link":"https:\/\/smania.store\/cz\/vyrobek\/tripatrovy-organizer-na-vozik-rotatorack\/","title":{"rendered":"T\u0159\u00edpatrov\u00fd organiz\u00e9r na voz\u00edk RotatoRack\u2122"},"content":{"rendered":"<div class=\"smania_landing_description_title\">NOVINKA: Zm\u011b\u0148te sv\u00e9 \u00falo\u017ei\u0161t\u011b<\/div>\n<div class=\"smania_landing_description_txt\">Prom\u011b\u0148te sv\u016fj prostor b\u011bhem n\u011bkolika sekund<\/div>\n<div class=\"smania_landing_description_subtitle\">Odhalte potenci\u00e1l sv\u00e9ho domova s t\u0159\u00edpatrov\u00fdm organiz\u00e9rem na voz\u00edku RotatoRack\u2122! Tento v\u0161estrann\u00fd z\u00e1zrak bez nutnosti instalace snadno prom\u011bn\u00ed ka\u017edou m\u00edstnost v p\u0159ehledn\u011b uspo\u0159\u00e1dan\u00e9 \u00fato\u010di\u0161t\u011b. Nedovolte nepo\u0159\u00e1dku, aby v\u00e1s ovl\u00e1dl &#8211; z\u00edskejte sv\u016fj prostor zp\u011bt se stylem a lehkost\u00ed je\u0161t\u011b dnes!<\/div>\n<div class=\"smania_landing_description_list\">\n<ul>\n<li>Maximalizovan\u00fd t\u0159\u00edvrstv\u00fd \u00falo\u017en\u00fd prostor pro v\u0161echny nezbytnosti<\/li>\n<li>oto\u010dn\u00e1 kole\u010dka o 360 stup\u0148\u016f pro snadnou mobilitu<\/li>\n<li>Pln\u011b uzav\u0159en\u00fd, prody\u0161n\u00fd ko\u0161 pro bezpe\u010dn\u00e9 ulo\u017een\u00ed<\/li>\n<li>Ide\u00e1ln\u00ed do ka\u017ed\u00e9 m\u00edstnosti &#8211; kuchyn\u011b, koupelny a dal\u0161\u00edch m\u00edstnost\u00ed<\/li>\n<li>Nen\u00ed nutn\u00e1 instalace &#8211; za\u010dn\u011bte organizovat ihned<\/li>\n<\/ul><\/div>\n","protected":false},"excerpt":{"rendered":"<p>\u0160et\u0159\u00ed cennou podlahovou plochu|Dut\u00e1 konstrukce udr\u017euje p\u0159edm\u011bty \u010derstv\u00e9|Stabiln\u00ed a pohybliv\u00fd d\u00edky brzd\u00e1m|Chytr\u00fd design pro rychl\u00e9 \u010di\u0161t\u011bn\u00ed|Snadno unese t\u011b\u017ek\u00e1 b\u0159emena|Odoln\u00e1 konstrukce z uhl\u00edkov\u00e9 oceli|V\u00fd\u0161ka: 60 cm|Velikost ko\u0161e: 30 cm x 13 cm<\/p>\n","protected":false},"featured_media":91953,"template":"","meta":[],"product_cat":[16,223],"product_tag":[],"acf":[],"_links":{"self":[{"href":"https:\/\/smania.store\/cz\/wp-json\/wp\/v2\/product\/91971"}],"collection":[{"href":"https:\/\/smania.store\/cz\/wp-json\/wp\/v2\/product"}],"about":[{"href":"https:\/\/smania.store\/cz\/wp-json\/wp\/v2\/types\/product"}],"wp:featuredmedia":[{"embeddable":true,"href":"https:\/\/smania.store\/cz\/wp-json\/wp\/v2\/media\/91953"}],"wp:attachment":[{"href":"https:\/\/smania.store\/cz\/wp-json\/wp\/v2\/media?parent=91971"}],"wp:term":[{"taxonomy":"product_cat","embeddable":true,"href":"https:\/\/smania.store\/cz\/wp-json\/wp\/v2\/product_cat?post=91971"},{"taxonomy":"product_tag","embeddable":true,"href":"https:\/\/smania.store\/cz\/wp-json\/wp\/v2\/product_tag?post=91971"}],"curies":[{"name":"wp","href":"https:\/\/api.w.org\/{rel}","templated":true}]}}