{"id":91745,"date":"2025-07-22T13:37:09","date_gmt":"2025-07-22T11:37:09","guid":{"rendered":"https:\/\/smania.store\/cz\/vyrobek\/lamilux-laminatove-samolepky-imitujici-sxp-10m-x-60-cm-6m%c2%b2\/"},"modified":"2026-03-03T07:34:22","modified_gmt":"2026-03-03T06:34:22","slug":"lamilux-laminatove-samolepky-imitujici-sxp-10m-x-60-cm-6m%c2%b2","status":"publish","type":"product","link":"https:\/\/smania.store\/cz\/vyrobek\/lamilux-laminatove-samolepky-imitujici-sxp-10m-x-60-cm-6m%c2%b2\/","title":{"rendered":"LamiLux\u2122 lamin\u00e1tov\u00e9 samolepky imituj\u00edc\u00ed SXP &#8211; 10m x 60 cm (6m\u00b2)"},"content":{"rendered":"<div class=\"smania_landing_description_title\">NOVINKA: Okam\u017eit\u011b zm\u011b\u0148te svou podlahu<\/div>\n<div class=\"smania_landing_description_txt\">Realistick\u00e1 a snadno instalovateln\u00e1 imitace lamin\u00e1tov\u00e9 podlahy za t\u0159etinovou cenu!<\/div>\n<div class=\"smania_landing_description_subtitle\">Vneste si luxusn\u00ed n\u00e1dech lamin\u00e1tu do sv\u00e9ho domova sami, bez pomoci profesion\u00e1l\u016f!<\/div>\n<div class=\"smania_landing_description_list\">\n<ul>\n<li>Jednoduch\u00e9 odlepen\u00ed a nalepen\u00ed, kter\u00e9 zvl\u00e1dne ka\u017ed\u00fd<\/li>\n<li>Realistick\u00fd n\u00e1dech, mnohem levn\u011bj\u0161\u00ed ne\u017e skute\u010dn\u00fd lamin\u00e1t<\/li>\n<li>Bezkonkuren\u010dn\u00ed odolnost proti vod\u011b a opot\u0159eben\u00ed<\/li>\n<li>Odolnost proti po\u0161kr\u00e1b\u00e1n\u00ed a deformaci<\/li>\n<li>Univerz\u00e1ln\u00ed pou\u017eit\u00ed pro v\u00edce m\u00edstnost\u00ed<\/li>\n<li>Siln\u00e9 1,5mm vrstvy pro v\u011bt\u0161\u00ed odolnost<\/li>\n<\/ul><\/div>\n","protected":false},"excerpt":{"rendered":"<p>Realistick\u00e1 textura d\u0159eva|Inovativn\u00ed 5 vrstev ochrany|Tepeln\u00e1 izolace pro ka\u017ed\u00e9 ro\u010dn\u00ed obdob\u00ed|Siln\u00e1 p\u0159ilnavost pro dlouhou \u017eivotnost|Rozm\u011br role: 10 m x 60 cm x 1,5 mm|Pokryt\u00ed: rozm\u011bry: 6 m\u00b2 \/ role|Materi\u00e1l: SXP Premium|Vzory: dub, sv\u011btl\u00fd dub, \u0161ed\u00fd dub<\/p>\n","protected":false},"featured_media":91734,"template":"","meta":[],"product_cat":[16],"product_tag":[1534],"acf":[],"_links":{"self":[{"href":"https:\/\/smania.store\/cz\/wp-json\/wp\/v2\/product\/91745"}],"collection":[{"href":"https:\/\/smania.store\/cz\/wp-json\/wp\/v2\/product"}],"about":[{"href":"https:\/\/smania.store\/cz\/wp-json\/wp\/v2\/types\/product"}],"wp:featuredmedia":[{"embeddable":true,"href":"https:\/\/smania.store\/cz\/wp-json\/wp\/v2\/media\/91734"}],"wp:attachment":[{"href":"https:\/\/smania.store\/cz\/wp-json\/wp\/v2\/media?parent=91745"}],"wp:term":[{"taxonomy":"product_cat","embeddable":true,"href":"https:\/\/smania.store\/cz\/wp-json\/wp\/v2\/product_cat?post=91745"},{"taxonomy":"product_tag","embeddable":true,"href":"https:\/\/smania.store\/cz\/wp-json\/wp\/v2\/product_tag?post=91745"}],"curies":[{"name":"wp","href":"https:\/\/api.w.org\/{rel}","templated":true}]}}