{"id":91563,"date":"2025-07-08T11:36:19","date_gmt":"2025-07-08T09:36:19","guid":{"rendered":"https:\/\/smania.store\/cz\/vyrobek\/campmate-skladaci-hlinikovy-kempingovy-stul-se-4-zidlemi\/"},"modified":"2026-05-10T16:44:14","modified_gmt":"2026-05-10T14:44:14","slug":"campmate-skladaci-hlinikovy-kempingovy-stul-se-4-zidlemi","status":"publish","type":"product","link":"https:\/\/smania.store\/cz\/vyrobek\/campmate-skladaci-hlinikovy-kempingovy-stul-se-4-zidlemi\/","title":{"rendered":"CampMate\u2122 Skl\u00e1dac\u00ed hlin\u00edkov\u00fd kempingov\u00fd st\u016fl se 4 \u017eidlemi"},"content":{"rendered":"<div class=\"smania_landing_description_title\">NOVINKA, Ultra robustn\u00ed skl\u00e1dac\u00ed \u017eidle<\/div>\n<div class=\"smania_landing_description_txt\">T\u00e1bo\u0159te kdekoli a kdykoli!<\/div>\n<div class=\"smania_landing_description_subtitle\">S CampMate\u2122 si m\u016f\u017eete na dovolen\u00e9 vytvo\u0159it vlastn\u00ed dobrodru\u017estv\u00ed!<\/div>\n<div class=\"smania_landing_description_list\">\n<ul>\n<li>Ide\u00e1ln\u00ed pro kempov\u00e1n\u00ed, piknik, zahradu nebo dom\u00e1cnost<\/li>\n<li>Skl\u00e1dac\u00ed konstrukce, s jedn\u00edm stanovi\u0161t\u011bm, a\u0165 jste kdekoli<\/li>\n<li>Kompaktn\u00ed design s velkou nosnost\u00ed<\/li>\n<li>Ide\u00e1ln\u00ed pro 4 osoby<\/li>\n<\/ul><\/div>\n","protected":false},"excerpt":{"rendered":"<p>Vytvo\u0159en\u00ed laku trv\u00e1 n\u011bkolik sekund|Vyrobeno z odoln\u00e9 hlin\u00edkov\u00e9 slitiny|Skl\u00e1dac\u00ed konstrukce pro snadn\u00e9 p\u0159en\u00e1\u0161en\u00ed|Vod\u011bodoln\u00fd pro pou\u017eit\u00ed b\u011bhem cel\u00e9ho roku|Vhodn\u00e9 pro pou\u017eit\u00ed v interi\u00e9ru i exteri\u00e9ru|Materi\u00e1l: hlin\u00edk|Rozm\u011bry um\u00edst\u011bn\u00e9ho stolu: 120 x 60 cm|Nastaviteln\u00e1 v\u00fd\u0161ka stolu: 55 cm, 62 cm, 70 cm|Rozm\u011bry ve slo\u017een\u00e9m stavu: 60 x 60 x 8 cm|Nosnost stolu: 50 kg|Nosnost \u017eidle: 100 kg|Hmotnost v\u00fdrobku: 6,7 kg<\/p>\n","protected":false},"featured_media":91551,"template":"","meta":[],"product_cat":[16,21],"product_tag":[],"acf":[],"_links":{"self":[{"href":"https:\/\/smania.store\/cz\/wp-json\/wp\/v2\/product\/91563"}],"collection":[{"href":"https:\/\/smania.store\/cz\/wp-json\/wp\/v2\/product"}],"about":[{"href":"https:\/\/smania.store\/cz\/wp-json\/wp\/v2\/types\/product"}],"wp:featuredmedia":[{"embeddable":true,"href":"https:\/\/smania.store\/cz\/wp-json\/wp\/v2\/media\/91551"}],"wp:attachment":[{"href":"https:\/\/smania.store\/cz\/wp-json\/wp\/v2\/media?parent=91563"}],"wp:term":[{"taxonomy":"product_cat","embeddable":true,"href":"https:\/\/smania.store\/cz\/wp-json\/wp\/v2\/product_cat?post=91563"},{"taxonomy":"product_tag","embeddable":true,"href":"https:\/\/smania.store\/cz\/wp-json\/wp\/v2\/product_tag?post=91563"}],"curies":[{"name":"wp","href":"https:\/\/api.w.org\/{rel}","templated":true}]}}