{"id":91438,"date":"2025-07-01T11:19:21","date_gmt":"2025-07-01T09:19:21","guid":{"rendered":"https:\/\/smania.store\/cz\/vyrobek\/bechair-skladaci-polstrovany-operak-na-plaz\/"},"modified":"2025-08-08T10:04:13","modified_gmt":"2025-08-08T08:04:13","slug":"bechair-skladaci-polstrovany-operak-na-plaz","status":"publish","type":"product","link":"https:\/\/smania.store\/cz\/vyrobek\/bechair-skladaci-polstrovany-operak-na-plaz\/","title":{"rendered":"BECHAIR\u2122 skl\u00e1dac\u00ed polstrovan\u00fd op\u011br\u00e1k na pl\u00e1\u017e"},"content":{"rendered":"<div class=\"smania_landing_description_title\">NOVINKA, vynikaj\u00edc\u00ed pohodl\u00ed a relaxace na v\u0161ech typech pl\u00e1\u017e\u00ed<\/div>\n<div class=\"smania_landing_description_txt\">Lehn\u011bte si nebo pohodln\u011b sedn\u011bte, zat\u00edmco se relaxujete na pl\u00e1\u017ei!<\/div>\n<div class=\"smania_landing_description_subtitle\">  V\u00edce nastaviteln\u00fdch poloh s extra pohodln\u00fdm polstrov\u00e1n\u00edm, ide\u00e1ln\u00ed pro v\u0161echny typy pl\u00e1\u017eov\u00fdch povrch\u016f!  <\/div>\n<div class=\"smania_landing_description_list\">\n<ul>\n<li>Skl\u00e1dac\u00ed design, nastaviteln\u00fd do 5 pohodln\u00fdch pozic<\/li>\n<li>Siln\u00e9 a pohodln\u00e9 polstrov\u00e1n\u00ed, ide\u00e1ln\u00ed pro nerovn\u00fd ter\u00e9n<\/li>\n<li>Odoln\u00e1, zes\u00edlen\u00e1 z\u00e1kladna pro v\u011bt\u0161\u00ed z\u00e1t\u011b\u017e<\/li>\n<li>Odn\u00edmateln\u00fd, prateln\u00fd, vod\u011bodpudiv\u00fd potah<\/li>\n<li>Se 2 bo\u010dn\u00edmi kapsami na pl\u00e1\u017eov\u00e9 pot\u0159eby<\/li>\n<li>Lehk\u00fd a snadno p\u0159enositeln\u00fd<\/li>\n<\/ul><\/div>\n","protected":false},"excerpt":{"rendered":"<p>Nosn\u00fd syst\u00e9m jako batoh pro snadn\u00fd transport|L\u00e1tka rychle schne \u2013 bez starost\u00ed|Dv\u011b praktick\u00e9 bo\u010dn\u00ed kapsy na nezbytnosti|Unese hmotnost a\u017e 125 kg|Barva: modr\u00e1 \/ r\u016f\u017eov\u00e1|Materi\u00e1l: nerezov\u00e1 ocel, polyester 600D, p\u011bna|Hmotnost: 4 kg|Nosnost: 125 kg|Slo\u017een\u00e9 rozm\u011bry: 55 \u00d7 45 \u00d7 15 cm|Rozlo\u017een\u00e9 rozm\u011bry: 102 \u00d7 45 \u00d7 7 cm|Nastaviteln\u00e9 \u00fahly: 15\u00b0, 30\u00b0, 45\u00b0, 60\u00b0, 75\u00b0<\/p>\n","protected":false},"featured_media":91426,"template":"","meta":[],"product_cat":[16,21],"product_tag":[1504],"acf":[],"_links":{"self":[{"href":"https:\/\/smania.store\/cz\/wp-json\/wp\/v2\/product\/91438"}],"collection":[{"href":"https:\/\/smania.store\/cz\/wp-json\/wp\/v2\/product"}],"about":[{"href":"https:\/\/smania.store\/cz\/wp-json\/wp\/v2\/types\/product"}],"wp:featuredmedia":[{"embeddable":true,"href":"https:\/\/smania.store\/cz\/wp-json\/wp\/v2\/media\/91426"}],"wp:attachment":[{"href":"https:\/\/smania.store\/cz\/wp-json\/wp\/v2\/media?parent=91438"}],"wp:term":[{"taxonomy":"product_cat","embeddable":true,"href":"https:\/\/smania.store\/cz\/wp-json\/wp\/v2\/product_cat?post=91438"},{"taxonomy":"product_tag","embeddable":true,"href":"https:\/\/smania.store\/cz\/wp-json\/wp\/v2\/product_tag?post=91438"}],"curies":[{"name":"wp","href":"https:\/\/api.w.org\/{rel}","templated":true}]}}