{"id":91306,"date":"2025-06-19T10:46:13","date_gmt":"2025-06-19T08:46:13","guid":{"rendered":"https:\/\/smania.store\/cz\/vyrobek\/stickaway-odstranovac-samolepek-ve-spreji\/"},"modified":"2026-04-19T10:11:38","modified_gmt":"2026-04-19T08:11:38","slug":"stickaway-odstranovac-samolepek-ve-spreji","status":"publish","type":"product","link":"https:\/\/smania.store\/cz\/vyrobek\/stickaway-odstranovac-samolepek-ve-spreji\/","title":{"rendered":"StickAway Odstra\u0148ova\u010d samolepek ve spreji"},"content":{"rendered":"<div class=\"smania_landing_description_title\">NOVINKA! Kouzeln\u00fd odstra\u0148ova\u010d zbytk\u016f samolepek<\/div>\n<div class=\"smania_landing_description_txt\">Nast\u0159\u00edkejte, odlepte a n\u00e1lepka je pry\u010d!<\/div>\n<div class=\"smania_landing_description_subtitle\">Tento sprej na odstra\u0148ov\u00e1n\u00ed samolepek je rychle p\u016fsob\u00edc\u00ed \u0159e\u0161en\u00ed pro odstra\u0148ov\u00e1n\u00ed odoln\u00fdch samolepek, \u0161t\u00edtk\u016f a zbytk\u016f lepidla z r\u016fzn\u00fdch povrch\u016f, v\u010detn\u011b \u010deln\u00edch skel, n\u00e1razn\u00edk\u016f, spot\u0159ebi\u010d\u016f a kuchy\u0148sk\u00e9ho n\u00e1dob\u00ed. Jeho speci\u00e1ln\u00ed slo\u017een\u00ed pronik\u00e1 lepic\u00edmi spoji, usnad\u0148uje odstran\u011bn\u00ed a zanech\u00e1v\u00e1 povrchy \u010dist\u00e9 a nepo\u0161kozen\u00e9. Je netoxick\u00fd a neobsahuje drsn\u00e9 chemik\u00e1lie, je bezpe\u010dn\u00fd pro lak, vinyl a tkaniny, ide\u00e1ln\u00ed pro dom\u00e1c\u00ed pou\u017eit\u00ed i opravy karoseri\u00ed. Sta\u010d\u00ed nast\u0159\u00edkat, po\u010dkat n\u011bkolik minut a snadno sloupnout &#8211; ide\u00e1ln\u00ed pro bezprobl\u00e9mov\u00e9 \u010di\u0161t\u011bn\u00ed samolepek.<\/div>\n<div class=\"smania_landing_description_list\">\n<ul>\n<li>Siln\u00fd rozpou\u0161t\u011bc\u00ed \u00fa\u010dinek: Sm\u011bs neabrazivn\u00edch rozpou\u0161t\u011bdel rychle rozpou\u0161t\u00ed zbytky lepidla, tak\u017ee je ide\u00e1ln\u00edm rozpou\u0161t\u011bdlem pro reaktivn\u00ed lepidla, jako jsou epoxidy, uretany a silikony<\/li>\n<li>V\u0161estrann\u00e9 a snadn\u00e9 pou\u017eit\u00ed: D\u00edky receptu\u0159e pro st\u00edr\u00e1n\u00ed je p\u0159ipraven k pou\u017eit\u00ed bez nutnosti m\u00edch\u00e1n\u00ed<\/li>\n<li>Pr\u016fmyslov\u00e9 \u010di\u0161t\u011bn\u00ed: \u010cisti\u010d lepidel, jeho\u017e slo\u017een\u00ed je ur\u010deno pro n\u00e1ro\u010dn\u00e9 pou\u017eit\u00ed, nejen odstra\u0148uje odoln\u00e9 zbytky, ale tak\u00e9 obnovuje vzhled povrchu<\/li>\n<li>Bezpe\u010dn\u00fd a \u00fa\u010dinn\u00fd: Zaji\u0161\u0165uje bezpe\u010dnost pro \u0161irokou \u0161k\u00e1lu povrch\u016f, je bezpe\u010dn\u00fd pro lakovan\u00e9 povrchy, vinyl, tkaniny a dal\u0161\u00ed povrchy<\/li>\n<li>\u00dapln\u00e1 kompatibilita s povrchem: Roztok na odstra\u0148ov\u00e1n\u00ed lepidla &#8222;v\u0161e v jednom&#8220; zaji\u0161\u0165uje, \u017ee povrchy p\u0159edm\u011bt\u016f nebudou po\u0161kozeny<\/li>\n<li>Netoxick\u00fd a nekorozivn\u00ed: Neobsahuje chlorovan\u00e1 rozpou\u0161t\u011bdla a benzen<\/li>\n<\/ul><\/div>\n","protected":false},"excerpt":{"rendered":"<p>Rychle a snadno rozpou\u0161t\u00ed \u0161t\u00edtky, samolepky a zbytky lepidla|Netoxick\u00e9 a nekorozivn\u00ed slo\u017een\u00ed, bezpe\u010dn\u00e9 pro pou\u017eit\u00ed na r\u016fzn\u00fdch povr\u0161\u00edch|Tvrd\u00fd k zbytk\u016fm lepidla, ale \u0161etrn\u00fd k barv\u00e1m, plast\u016fm, vinylu a tkanin\u00e1m|Snadn\u00e9 pou\u017eit\u00ed: nast\u0159\u00edkejte, nechte n\u011bkolik minut p\u016fsobit a sloupn\u011bte|Objem: 450 ml|Trvanlivost: 3 roky<\/p>\n","protected":false},"featured_media":91296,"template":"","meta":[],"product_cat":[16,2715],"product_tag":[],"acf":[],"_links":{"self":[{"href":"https:\/\/smania.store\/cz\/wp-json\/wp\/v2\/product\/91306"}],"collection":[{"href":"https:\/\/smania.store\/cz\/wp-json\/wp\/v2\/product"}],"about":[{"href":"https:\/\/smania.store\/cz\/wp-json\/wp\/v2\/types\/product"}],"wp:featuredmedia":[{"embeddable":true,"href":"https:\/\/smania.store\/cz\/wp-json\/wp\/v2\/media\/91296"}],"wp:attachment":[{"href":"https:\/\/smania.store\/cz\/wp-json\/wp\/v2\/media?parent=91306"}],"wp:term":[{"taxonomy":"product_cat","embeddable":true,"href":"https:\/\/smania.store\/cz\/wp-json\/wp\/v2\/product_cat?post=91306"},{"taxonomy":"product_tag","embeddable":true,"href":"https:\/\/smania.store\/cz\/wp-json\/wp\/v2\/product_tag?post=91306"}],"curies":[{"name":"wp","href":"https:\/\/api.w.org\/{rel}","templated":true}]}}