{"id":90459,"date":"2025-04-15T08:43:45","date_gmt":"2025-04-15T06:43:45","guid":{"rendered":"https:\/\/smania.store\/cz\/vyrobek\/pilates-a-fitness-deska-pilatesprofit\/"},"modified":"2026-03-28T23:23:39","modified_gmt":"2026-03-28T22:23:39","slug":"pilates-a-fitness-deska-pilatesprofit","status":"publish","type":"product","link":"https:\/\/smania.store\/cz\/vyrobek\/pilates-a-fitness-deska-pilatesprofit\/","title":{"rendered":"Pilates a fitness deska PilatesProFit\u2122"},"content":{"rendered":"<div class=\"smania_landing_description_title\">NOVINKA: \u0158e\u0161en\u00ed pro celkov\u00e9 cvi\u010den\u00ed<\/div>\n<div class=\"smania_landing_description_txt\">Z\u00edskejte t\u011blo sn\u016f doma!<\/div>\n<div class=\"smania_landing_description_subtitle\">Sn\u00edte o dom\u00e1c\u00ed posilovn\u011b? Fitness deska PilatesProFit\u2122 je odpov\u011bd\u00ed na va\u0161e p\u0159\u00e1n\u00ed! Toto kompaktn\u00ed za\u0159\u00edzen\u00ed kombinuje pilates a celkov\u00e9 cvi\u010den\u00ed t\u011bla, d\u00edky \u010demu\u017e je ka\u017ed\u00e9 fitness cvi\u010den\u00ed jin\u00e9, vzru\u0161uj\u00edc\u00ed a poutav\u00e9. D\u00edky nastaviteln\u00fdm odporov\u00fdm p\u00e1s\u016fm a chytr\u00e9mu \u010dasova\u010di se va\u0161e vysn\u011bn\u00e9 cvi\u010den\u00ed stane skute\u010dnost\u00ed! Kupte si jej nyn\u00ed a zjist\u011bte, jak m\u016f\u017eete revolu\u010dn\u011b zm\u011bnit svou dom\u00e1c\u00ed fitness rutinu.<\/div>\n<div class=\"smania_landing_description_list\">\n<ul>\n<li>Kombinuje mnoho cvi\u010den\u00ed pro tr\u00e9nink cel\u00e9ho t\u011bla<\/li>\n<li>Nastaviteln\u00e9 odporov\u00e9 p\u00e1sky pro ka\u017edou \u00farove\u0148 kondice<\/li>\n<li>C\u00edlen\u00e9 posilov\u00e1n\u00ed ramen, pa\u017e\u00ed, nohou a hrudn\u00edku<\/li>\n<li>Vestav\u011bn\u00fd \u010dasova\u010d odpo\u010d\u00edt\u00e1v\u00e1n\u00ed pro p\u0159esn\u00e9 sledov\u00e1n\u00ed<\/li>\n<li>Skl\u00e1dac\u00ed konstrukce a kompaktn\u00ed velikost pro snadn\u00e9 skladov\u00e1n\u00ed<\/li>\n<\/ul><\/div>\n","protected":false},"excerpt":{"rendered":"<p>Efektivn\u00ed cvi\u010den\u00ed cel\u00e9ho t\u011bla doma|P\u0159izp\u016fsobiteln\u00e1 intenzita cvi\u010den\u00ed|Posiluje a tonizuje svaly|Ide\u00e1ln\u00ed pro za\u010d\u00e1te\u010dn\u00edky i pokro\u010dil\u00e9 cvi\u010dence|Snadn\u00e9 pou\u017e\u00edv\u00e1n\u00ed a vytv\u00e1\u0159en\u00ed r\u016fzn\u00fdch cvik\u016f|Kompaktn\u00ed a skladn\u00fd: ide\u00e1ln\u00ed i do mal\u00fdch prostor|Protiskluzov\u00e9 podlo\u017eky dna a rukojeti oto\u010dn\u00e9 o 180\u00b0|Pohodln\u00e1 p\u011bna na rukojet\u00edch a zes\u00edlen\u00e9 podlo\u017eky na kolena|Materi\u00e1l: vysoce kvalitn\u00ed plast (ABS)|Rozm\u011bry: rozm\u011bry: 106 x 41 cm|Maxim\u00e1ln\u00ed nosnost: 140 kg|Hmotnost desky: 9,7 kg<\/p>\n","protected":false},"featured_media":90447,"template":"","meta":[],"product_cat":[16,19,21],"product_tag":[1999,1843],"acf":[],"_links":{"self":[{"href":"https:\/\/smania.store\/cz\/wp-json\/wp\/v2\/product\/90459"}],"collection":[{"href":"https:\/\/smania.store\/cz\/wp-json\/wp\/v2\/product"}],"about":[{"href":"https:\/\/smania.store\/cz\/wp-json\/wp\/v2\/types\/product"}],"wp:featuredmedia":[{"embeddable":true,"href":"https:\/\/smania.store\/cz\/wp-json\/wp\/v2\/media\/90447"}],"wp:attachment":[{"href":"https:\/\/smania.store\/cz\/wp-json\/wp\/v2\/media?parent=90459"}],"wp:term":[{"taxonomy":"product_cat","embeddable":true,"href":"https:\/\/smania.store\/cz\/wp-json\/wp\/v2\/product_cat?post=90459"},{"taxonomy":"product_tag","embeddable":true,"href":"https:\/\/smania.store\/cz\/wp-json\/wp\/v2\/product_tag?post=90459"}],"curies":[{"name":"wp","href":"https:\/\/api.w.org\/{rel}","templated":true}]}}