{"id":90136,"date":"2025-04-10T07:33:08","date_gmt":"2025-04-10T05:33:08","guid":{"rendered":"https:\/\/smania.store\/cz\/vyrobek\/univerzalni-odmastovac-greaseoff-500-ml\/"},"modified":"2026-04-23T19:21:47","modified_gmt":"2026-04-23T17:21:47","slug":"univerzalni-odmastovac-greaseoff-500-ml","status":"publish","type":"product","link":"https:\/\/smania.store\/cz\/vyrobek\/univerzalni-odmastovac-greaseoff-500-ml\/","title":{"rendered":"Univerz\u00e1ln\u00ed odma\u0161\u0165ova\u010d GreaseOFF\u2122 (500 ml)"},"content":{"rendered":"<div class=\"smania_landing_description_title\">NOV\u00c9 SLO\u017dEN\u00cd: GreaseOFF\u2122 &#8211; rozkl\u00e1d\u00e1 mastnotu na molekul\u00e1rn\u00ed \u00farovni<\/div>\n<div class=\"smania_landing_description_txt\">Sbohem odoln\u00e9 mastnot\u011b a \u0161p\u00edn\u011b!<\/div>\n<div class=\"smania_landing_description_subtitle\">Sbohem odoln\u00e9 mastnot\u011b a \u0161p\u00edn\u011b! Pokro\u010dil\u00e9 slo\u017een\u00ed GreaseOFF\u2122 pronik\u00e1 hluboko do mastnoty a rozkl\u00e1d\u00e1 ji na molekul\u00e1rn\u00ed \u00farovni, aby zajistilo beze zbytku \u010dist\u00fd povrch.<\/div>\n<div class=\"smania_landing_description_list\">\n<ul>\n<li>Pronik\u00e1 vrstvami nahromad\u011bn\u00e9 mastnoty<\/li>\n<li>Zaji\u0161\u0165uje beze skvrn a beze zbytk\u016f na jak\u00e9mkoli povrchu<\/li>\n<li>Bezpe\u010dn\u00e9, rychl\u00e9 a snadn\u00e9 pou\u017eit\u00ed<\/li>\n<li>Vhodn\u00fd na varn\u00e9 desky, trouby, grily, motory automobil\u016f, \u0159et\u011bzy j\u00edzdn\u00edch kol a dal\u0161\u00ed<\/li>\n<li>Ide\u00e1ln\u00ed pro dom\u00e1c\u00ed i profesion\u00e1ln\u00ed pou\u017eit\u00ed<\/li>\n<\/ul><\/div>\n","protected":false},"excerpt":{"rendered":"<p>Navr\u017eeno k odstran\u011bn\u00ed odoln\u00e9 kuchy\u0148sk\u00e9 mastnoty, \u0161p\u00edny a p\u0159ipe\u010den\u00fdch potravin|Vysok\u00e1 penetra\u010dn\u00ed s\u00edla, kter\u00e1 dos\u00e1hne i do nep\u0159\u00edstupn\u00fdch m\u00edst s ploutvemi|Snadno se nan\u00e1\u0161\u00ed a rozt\u00edr\u00e1, \u010d\u00edm\u017e je zaji\u0161t\u011bno d\u016fkladn\u00e9 vy\u010di\u0161t\u011bn\u00ed ka\u017ed\u00e9ho z\u00e1kout\u00ed|Snadn\u00e9 pou\u017eit\u00ed: nast\u0159\u00edkejte p\u0159\u00edmo na posti\u017een\u00e9 m\u00edsto, po\u010dkejte n\u011bkolik okam\u017eik\u016f a pot\u00e9 ot\u0159ete|Pou\u017e\u00edvejte na varn\u00e9 desky, trouby, mikrovlnky, dla\u017edice, pracovn\u00ed desky, grily, motory aut, \u0159et\u011bzy kol a dokonce i na pr\u016fmyslov\u00e9 stroje|Obsah: 500 ml<\/p>\n","protected":false},"featured_media":90221,"template":"","meta":[],"product_cat":[16,2715],"product_tag":[2716,2460,1535],"acf":[],"_links":{"self":[{"href":"https:\/\/smania.store\/cz\/wp-json\/wp\/v2\/product\/90136"}],"collection":[{"href":"https:\/\/smania.store\/cz\/wp-json\/wp\/v2\/product"}],"about":[{"href":"https:\/\/smania.store\/cz\/wp-json\/wp\/v2\/types\/product"}],"wp:featuredmedia":[{"embeddable":true,"href":"https:\/\/smania.store\/cz\/wp-json\/wp\/v2\/media\/90221"}],"wp:attachment":[{"href":"https:\/\/smania.store\/cz\/wp-json\/wp\/v2\/media?parent=90136"}],"wp:term":[{"taxonomy":"product_cat","embeddable":true,"href":"https:\/\/smania.store\/cz\/wp-json\/wp\/v2\/product_cat?post=90136"},{"taxonomy":"product_tag","embeddable":true,"href":"https:\/\/smania.store\/cz\/wp-json\/wp\/v2\/product_tag?post=90136"}],"curies":[{"name":"wp","href":"https:\/\/api.w.org\/{rel}","templated":true}]}}