{"id":89669,"date":"2025-03-25T11:02:21","date_gmt":"2025-03-25T10:02:21","guid":{"rendered":"https:\/\/smania.store\/cz\/vyrobek\/vysuvny-kuchynsky-regal-magicrack\/"},"modified":"2026-03-26T08:34:28","modified_gmt":"2026-03-26T07:34:28","slug":"vysuvny-kuchynsky-regal-magicrack","status":"publish","type":"product","link":"https:\/\/smania.store\/cz\/vyrobek\/vysuvny-kuchynsky-regal-magicrack\/","title":{"rendered":"V\u00fdsuvn\u00fd kuchy\u0148sk\u00fd reg\u00e1l MagicRack\u2122"},"content":{"rendered":"<div class=\"smania_landing_description_title\">NOVINKA! Maximalizujte \u00falo\u017en\u00fd prostor v kuchyni<\/div>\n<div class=\"smania_landing_description_txt\">Pro organizovanou a uklizenou kuchyni!<\/div>\n<div class=\"smania_landing_description_subtitle\">Objevte MagicRack\u2122 &#8211; v\u00fdsuvn\u00fd reg\u00e1l na mikrovlnnou troubu a kuchy\u0148sk\u00e9 n\u00e1\u010din\u00ed, d\u00edky kter\u00e9mu bude va\u0161e kuchyn\u011b organizovan\u00e1, uklizen\u00e1 a prostorn\u011bj\u0161\u00ed. \u00dalo\u017en\u00fd reg\u00e1l MagicRack\u2122 je ide\u00e1ln\u00ed pro mal\u00e9 prostory a pom\u00e1h\u00e1 uspo\u0159\u00e1dat a maximalizovat \u00falo\u017en\u00fd prostor. Objednejte si nyn\u00ed a prom\u011b\u0148te kuchy\u0148sk\u00fd chaos v po\u0159\u00e1dek!<\/div>\n<div class=\"smania_landing_description_list\">\n<ul>\n<li>Dal\u0161\u00ed \u00falo\u017en\u00fd prostor v kuchyni<\/li>\n<li>Nastaviteln\u00e1 \u0161\u00ed\u0159ka od 40 do 60 cm<\/li>\n<li>Stabiln\u00ed a robustn\u00ed, unese a\u017e 30 kg<\/li>\n<li>Jednoduch\u00e1 mont\u00e1\u017e bez pou\u017eit\u00ed n\u00e1\u0159ad\u00ed<\/li>\n<li>Obsahuje 6 praktick\u00fdch z\u00e1v\u011bsn\u00fdch h\u00e1\u010dk\u016f<\/li>\n<li>Ide\u00e1ln\u00ed pro uspo\u0159\u00e1d\u00e1n\u00ed mal\u00fdch kuchyn\u00ed<\/li>\n<\/ul><\/div>\n","protected":false},"excerpt":{"rendered":"<p>Pom\u00e1h\u00e1 uspo\u0159\u00e1dat a maximalizovat \u00falo\u017en\u00fd prostor|M\u016f\u017ee pojmout v\u00edce p\u0159edm\u011bt\u016f najednou|Nab\u00edz\u00ed v\u00edce \u00falo\u017en\u00e9ho prostoru v mal\u00fdch kuchyn\u00edch nebo jin\u00fdch m\u00edstnostech|Snadno se \u010dist\u00ed|Nastaviteln\u00e1 v\u00fd\u0161ka polic a roz\u0161i\u0159iteln\u00e1 \u0161\u00ed\u0159ka|Robustn\u00ed \u017eelezn\u00e1 konstrukce|Balen\u00ed obsahuje 6 z\u00e1v\u011bsn\u00fdch h\u00e1\u010dk\u016f|Rozm\u011bry: 46 cm (v\u00fd\u0161ka) x 40-60 cm (\u0161\u00ed\u0159ka) x 36 cm (hloubka)|Nosnost: max. 30 kg|Materi\u00e1l: \u017eelezo, polypropylen<\/p>\n","protected":false},"featured_media":89659,"template":"","meta":[],"product_cat":[16,223],"product_tag":[],"acf":[],"_links":{"self":[{"href":"https:\/\/smania.store\/cz\/wp-json\/wp\/v2\/product\/89669"}],"collection":[{"href":"https:\/\/smania.store\/cz\/wp-json\/wp\/v2\/product"}],"about":[{"href":"https:\/\/smania.store\/cz\/wp-json\/wp\/v2\/types\/product"}],"wp:featuredmedia":[{"embeddable":true,"href":"https:\/\/smania.store\/cz\/wp-json\/wp\/v2\/media\/89659"}],"wp:attachment":[{"href":"https:\/\/smania.store\/cz\/wp-json\/wp\/v2\/media?parent=89669"}],"wp:term":[{"taxonomy":"product_cat","embeddable":true,"href":"https:\/\/smania.store\/cz\/wp-json\/wp\/v2\/product_cat?post=89669"},{"taxonomy":"product_tag","embeddable":true,"href":"https:\/\/smania.store\/cz\/wp-json\/wp\/v2\/product_tag?post=89669"}],"curies":[{"name":"wp","href":"https:\/\/api.w.org\/{rel}","templated":true}]}}