{"id":88282,"date":"2025-03-18T08:32:24","date_gmt":"2025-03-18T07:32:24","guid":{"rendered":"https:\/\/smania.store\/cz\/vyrobek\/gel-na-odstraneni-plisni-banishmold-100-ml\/"},"modified":"2026-04-19T10:11:38","modified_gmt":"2026-04-19T08:11:38","slug":"gel-na-odstraneni-plisni-banishmold-100-ml","status":"publish","type":"product","link":"https:\/\/smania.store\/cz\/vyrobek\/gel-na-odstraneni-plisni-banishmold-100-ml\/","title":{"rendered":"Gel na odstran\u011bn\u00ed pl\u00edsn\u00ed BanishMold\u2122 (100 ml)"},"content":{"rendered":"<div class=\"smania_landing_description_title\">NOVINKA: Zbavte se \u0161pinav\u00fdch \u0161v\u016f a p\u0159etrv\u00e1vaj\u00edc\u00edch pl\u00edsn\u00ed<\/div>\n<div class=\"smania_landing_description_txt\">Rozlu\u010dte se s drhnut\u00edm a \u0161kodliv\u00fdmi chemik\u00e1liemi<\/div>\n<div class=\"smania_landing_description_subtitle\">BanishMold\u2122 je navr\u017een tak, aby byl \u00fa\u010dinn\u00fd, bezpe\u010dn\u00fd a snadno se pou\u017e\u00edval, tak\u017ee m\u016f\u017eete obnovit \u010distotu a sv\u011b\u017eest sv\u00fdch prostor s minim\u00e1ln\u00edm \u00fasil\u00edm.<\/div>\n<div class=\"smania_landing_description_list\">\n<ul>\n<li>Nedrhne, rychle rozpou\u0161t\u00ed skvrny od pl\u00edsn\u00ed<\/li>\n<li>Hluboce pronik\u00e1 do sp\u00e1r a roh\u016f dla\u017edic a \u00fa\u010dinn\u011b p\u016fsob\u00ed na pl\u00edsn\u011b<\/li>\n<li>Odstra\u0148uje skvrny a zabra\u0148uje jejich budouc\u00edmu r\u016fstu<\/li>\n<li>Ide\u00e1ln\u00ed pro koupelny, kuchyn\u011b, sp\u00e1ry na dla\u017edice, pra\u010dky, ledni\u010dky, sprchy, umyvadla a t\u011bsnic\u00ed materi\u00e1ly<\/li>\n<li>Udr\u017euje v\u00e1\u0161 domov d\u00e9le bez pl\u00edsn\u00ed pro zdrav\u011bj\u0161\u00ed prost\u0159ed\u00ed<\/li>\n<\/ul><\/div>\n","protected":false},"excerpt":{"rendered":"<p>Sta\u010d\u00ed nan\u00e9st, po\u010dkat a sledovat, jak skvrny miz\u00ed|Snadno a \u00fa\u010dinn\u011b odstra\u0148uje odoln\u00e9 skvrny a pl\u00edsn\u011b|Odstra\u0148uje skvrny bez drsn\u00e9ho drhnut\u00ed|Neobsahuje \u0161kodliv\u00e9 chemik\u00e1lie, tak\u017ee je vhodn\u00fd pro dom\u00e1cnosti a rodiny|Zabra\u0148uje n\u00e1vratu pl\u00edsn\u00ed|Zaji\u0161\u0165uje \u010derstv\u011bj\u0161\u00ed a zdrav\u011bj\u0161\u00ed prost\u0159ed\u00ed|Ide\u00e1ln\u00ed pro pou\u017eit\u00ed v koupeln\u00e1ch, kuchyn\u00edch a jin\u00fdch vlhk\u00fdch prostor\u00e1ch|Obnovuje \u010distotu dla\u017edic, sp\u00e1rovac\u00edch hmot, my\u010dek n\u00e1dob\u00ed a dal\u0161\u00edch m\u00edst|Snadno se nan\u00e1\u0161\u00ed na sp\u00e1ry a t\u011bsn\u00e9 rohy|Obsah: 100 ml<\/p>\n","protected":false},"featured_media":88273,"template":"","meta":[],"product_cat":[16,2715],"product_tag":[2716,1535],"acf":[],"_links":{"self":[{"href":"https:\/\/smania.store\/cz\/wp-json\/wp\/v2\/product\/88282"}],"collection":[{"href":"https:\/\/smania.store\/cz\/wp-json\/wp\/v2\/product"}],"about":[{"href":"https:\/\/smania.store\/cz\/wp-json\/wp\/v2\/types\/product"}],"wp:featuredmedia":[{"embeddable":true,"href":"https:\/\/smania.store\/cz\/wp-json\/wp\/v2\/media\/88273"}],"wp:attachment":[{"href":"https:\/\/smania.store\/cz\/wp-json\/wp\/v2\/media?parent=88282"}],"wp:term":[{"taxonomy":"product_cat","embeddable":true,"href":"https:\/\/smania.store\/cz\/wp-json\/wp\/v2\/product_cat?post=88282"},{"taxonomy":"product_tag","embeddable":true,"href":"https:\/\/smania.store\/cz\/wp-json\/wp\/v2\/product_tag?post=88282"}],"curies":[{"name":"wp","href":"https:\/\/api.w.org\/{rel}","templated":true}]}}