{"id":87390,"date":"2025-03-14T10:13:13","date_gmt":"2025-03-14T09:13:13","guid":{"rendered":"https:\/\/smania.store\/cz\/vyrobek\/nastavitelne-a-prodysne-operadlo-postele-bedlift\/"},"modified":"2026-03-13T18:35:22","modified_gmt":"2026-03-13T17:35:22","slug":"nastavitelne-a-prodysne-operadlo-postele-bedlift","status":"publish","type":"product","link":"https:\/\/smania.store\/cz\/vyrobek\/nastavitelne-a-prodysne-operadlo-postele-bedlift\/","title":{"rendered":"Nastaviteln\u00e9 a prody\u0161n\u00e9 op\u011bradlo postele BedLift\u2122"},"content":{"rendered":"<div class=\"smania_landing_description_title\">NOVINKA: BedLift\u2122 &#8211; pro maxim\u00e1ln\u00ed pohodl\u00ed v posteli<\/div>\n<div class=\"smania_landing_description_txt\">Ide\u00e1ln\u00ed pro star\u0161\u00ed osoby, t\u011bhotn\u00e9 \u017eeny a osoby se sn\u00ed\u017eenou pohyblivost\u00ed!<\/div>\n<div class=\"smania_landing_description_subtitle\">Chcete dokonalou oporu p\u0159i odpo\u010dinku, \u010dten\u00ed nebo pr\u00e1ci v posteli? Objevte nastavitelnou, prody\u0161nou op\u011brku postele BedLift\u2122, kter\u00e1 je navr\u017eena tak, aby poskytovala maxim\u00e1ln\u00ed oporu a pohodl\u00ed. Nechte se touto \u00fa\u017easnou nastavitelnou op\u011brkou h\u00fd\u010dkat a prom\u011b\u0148te ka\u017edou chv\u00edli str\u00e1venou v posteli v \u010dir\u00e9 pot\u011b\u0161en\u00ed!<\/div>\n<div class=\"smania_landing_description_list\">\n<ul>\n<li>Nastaviteln\u00fd \u00fahel do 6 poloh v rozmez\u00ed od 0\u00b0 do 80\u00b0.<\/li>\n<li>Ergonomick\u00e1 opora zad, krku, pasu a pa\u017e\u00ed<\/li>\n<li>Odoln\u00fd a vysoce pevn\u00fd ocelov\u00fd r\u00e1m<\/li>\n<li>Prody\u0161n\u00e1 a pohodln\u00e1 tkanina<\/li>\n<li>Ide\u00e1ln\u00ed pro star\u0161\u00ed osoby, t\u011bhotn\u00e9 \u017eeny a osoby se sn\u00ed\u017eenou pohyblivost\u00ed.<\/li>\n<li>Ide\u00e1ln\u00ed pro \u010dten\u00ed, sledov\u00e1n\u00ed film\u016f nebo pr\u00e1ci v posteli<\/li>\n<\/ul><\/div>\n","protected":false},"excerpt":{"rendered":"<p>Nastaviteln\u00fd \u00fahel zaji\u0161\u0165uje maxim\u00e1ln\u00ed pohodl\u00ed|Pevn\u00e1 a odoln\u00e1 konstrukce|Optim\u00e1ln\u00ed prody\u0161nost pro dlouh\u00e9 sezen\u00ed|Pohodln\u00e9 polstrovan\u00e9 podru\u010dky|Odn\u00edmateln\u00fd pol\u0161t\u00e1\u0159|Pou\u017e\u00edvejte jej doma, na pl\u00e1\u017ei, p\u0159i kempov\u00e1n\u00ed|6 nastaviteln\u00fdch \u00fahl\u016f: 0\u00b0-80\u00b0|Protiskluzov\u00e1 konstrukce|V\u00fd\u0161ka: 31-55 cm|Materi\u00e1l: vysoce uhl\u00edkov\u00e1 ocel, PVC s\u00ed\u0165ovina|Maxim\u00e1ln\u00ed nosnost: 136 kg|Hmotnost: 3 kg<\/p>\n","protected":false},"featured_media":87378,"template":"","meta":[],"product_cat":[16],"product_tag":[2460],"acf":[],"_links":{"self":[{"href":"https:\/\/smania.store\/cz\/wp-json\/wp\/v2\/product\/87390"}],"collection":[{"href":"https:\/\/smania.store\/cz\/wp-json\/wp\/v2\/product"}],"about":[{"href":"https:\/\/smania.store\/cz\/wp-json\/wp\/v2\/types\/product"}],"wp:featuredmedia":[{"embeddable":true,"href":"https:\/\/smania.store\/cz\/wp-json\/wp\/v2\/media\/87378"}],"wp:attachment":[{"href":"https:\/\/smania.store\/cz\/wp-json\/wp\/v2\/media?parent=87390"}],"wp:term":[{"taxonomy":"product_cat","embeddable":true,"href":"https:\/\/smania.store\/cz\/wp-json\/wp\/v2\/product_cat?post=87390"},{"taxonomy":"product_tag","embeddable":true,"href":"https:\/\/smania.store\/cz\/wp-json\/wp\/v2\/product_tag?post=87390"}],"curies":[{"name":"wp","href":"https:\/\/api.w.org\/{rel}","templated":true}]}}