{"id":84278,"date":"2025-02-28T09:26:42","date_gmt":"2025-02-28T08:26:42","guid":{"rendered":"https:\/\/smania.store\/cz\/vyrobek\/flexibilni-zahradni-plot-gardenflex-5-kusu\/"},"modified":"2026-04-05T14:39:23","modified_gmt":"2026-04-05T12:39:23","slug":"flexibilni-zahradni-plot-gardenflex-5-kusu","status":"publish","type":"product","link":"https:\/\/smania.store\/cz\/vyrobek\/flexibilni-zahradni-plot-gardenflex-5-kusu\/","title":{"rendered":"Flexibiln\u00ed zahradn\u00ed plot GardenFlex\u2122 (5 kus\u016f)"},"content":{"rendered":"<div class=\"smania_landing_description_title\">NOVINKA: vytvo\u0159te \u00fahlednou zahradu<\/div>\n<div class=\"smania_landing_description_txt\">O\u017eivte svou zahradu a chra\u0148te ji elegantn\u00edm plotem!<\/div>\n<div class=\"smania_landing_description_subtitle\">Dodejte sv\u00e9 zahrad\u011b elegantn\u00ed okraj pomoc\u00ed na\u0161eho flexibiln\u00edho zahradn\u00edho plotu z PVC GardenFlex\u2122! Je navr\u017een pro milovn\u00edky zahrad, kte\u0159\u00ed cht\u011bj\u00ed svou zahradu zdokonalit, a vyroben z vysoce kvalitn\u00edch materi\u00e1l\u016f, tak\u017ee odol\u00e1 zkou\u0161ce \u010dasem, ani\u017e by vybledl, ztratil tvar nebo se zni\u010dil. Zvolte si GardenFlex\u2122 a vytvo\u0159te si \u010dist\u00e9 a upraven\u00e9 okraje tr\u00e1vn\u00edk\u016f, cesti\u010dek, obrub a jez\u00edrek bez jak\u00fdchkoli pot\u00ed\u017e\u00ed. Vlo\u017ete jej do zem\u011b a snadno vyhrajte cenu za nejkr\u00e1sn\u011bj\u0161\u00ed zahradu!<\/div>\n<div class=\"smania_landing_description_list\">\n<ul>\n<li>P\u0159izp\u016fsoben\u00ed zak\u0159iven\u00fdm i rovn\u00fdm tvar\u016fm<\/li>\n<li>Odoln\u00fd plastov\u00fd materi\u00e1l odoln\u00fd proti vlhkosti<\/li>\n<li>Ide\u00e1ln\u00ed pro trvanliv\u00e9 venkovn\u00ed pou\u017eit\u00ed<\/li>\n<li>Snadn\u00e1 mont\u00e1\u017e a zm\u011bna tvaru<\/li>\n<li>Sada 5 kus\u016f dosahuje celkov\u00e9 d\u00e9lky 4 metry<\/li>\n<li>Nevybledne, neztrat\u00ed tvar ani se nezni\u010d\u00ed<\/li>\n<\/ul><\/div>\n","protected":false},"excerpt":{"rendered":"<p>Odoln\u00fd v\u016f\u010di pov\u011btrnostn\u00edm vliv\u016fm a korozi|Vytv\u00e1\u0159\u00ed \u00fahlednou a atraktivn\u00ed zahradu|Zachov\u00e1v\u00e1 si sv\u016fj tvar v pr\u016fb\u011bhu \u010dasu|Vz\u00e1jemn\u011b propojen\u00e1 mont\u00e1\u017en\u00ed konstrukce|Snadn\u00e1 mont\u00e1\u017e, spojen\u00ed a zm\u011bna tvaru|Balen\u00ed obsahuje 5 kus\u016f, co\u017e \u010din\u00ed 4 metry|Rozm\u011bry: 80 x 53 cm|Materi\u00e1l: odoln\u00e9 a pru\u017en\u00e9 PVC<\/p>\n","protected":false},"featured_media":84267,"template":"","meta":[],"product_cat":[16],"product_tag":[1504],"acf":[],"_links":{"self":[{"href":"https:\/\/smania.store\/cz\/wp-json\/wp\/v2\/product\/84278"}],"collection":[{"href":"https:\/\/smania.store\/cz\/wp-json\/wp\/v2\/product"}],"about":[{"href":"https:\/\/smania.store\/cz\/wp-json\/wp\/v2\/types\/product"}],"wp:featuredmedia":[{"embeddable":true,"href":"https:\/\/smania.store\/cz\/wp-json\/wp\/v2\/media\/84267"}],"wp:attachment":[{"href":"https:\/\/smania.store\/cz\/wp-json\/wp\/v2\/media?parent=84278"}],"wp:term":[{"taxonomy":"product_cat","embeddable":true,"href":"https:\/\/smania.store\/cz\/wp-json\/wp\/v2\/product_cat?post=84278"},{"taxonomy":"product_tag","embeddable":true,"href":"https:\/\/smania.store\/cz\/wp-json\/wp\/v2\/product_tag?post=84278"}],"curies":[{"name":"wp","href":"https:\/\/api.w.org\/{rel}","templated":true}]}}