{"id":83932,"date":"2025-02-26T10:33:25","date_gmt":"2025-02-26T09:33:25","guid":{"rendered":"https:\/\/smania.store\/cz\/vyrobek\/skladaci-koupelnova-policka-bathlux\/"},"modified":"2026-04-21T16:13:11","modified_gmt":"2026-04-21T14:13:11","slug":"skladaci-koupelnova-policka-bathlux","status":"publish","type":"product","link":"https:\/\/smania.store\/cz\/vyrobek\/skladaci-koupelnova-policka-bathlux\/","title":{"rendered":"Skl\u00e1dac\u00ed koupelnov\u00e1 poli\u010dka BathLux\u2122"},"content":{"rendered":"<div class=\"smania_landing_description_title\">NOVINKA: \u00daspora m\u00edsta, maxim\u00e1ln\u00ed pohodl\u00ed<\/div>\n<div class=\"smania_landing_description_txt\">Vneste do sv\u00e9 koupelny po\u0159\u00e1dek, ani\u017e byste zab\u00edrali m\u00edsto!<\/div>\n<div class=\"smania_landing_description_subtitle\">Vneste eleganci a po\u0159\u00e1dek s na\u0161\u00edm n\u00e1st\u011bnn\u00fdm skl\u00e1dac\u00edm koupelnov\u00fdm reg\u00e1lem BathLux\u2122. Tento n\u00e1st\u011bnn\u00fd dr\u017e\u00e1k je vyroben z odoln\u00e9ho hlin\u00edku a je nezbytn\u00fdm dopl\u0148kem va\u0161\u00ed koupelny, lo\u017enice nebo kuchyn\u011b! Je robustn\u00ed, ale z\u00e1rove\u0148 lehk\u00fd a m\u00e1 neuv\u011b\u0159iteln\u011b velkou nosnost. Nav\u00edc se nen\u00e1padn\u011b skl\u00e1d\u00e1 ke st\u011bn\u011b, \u010d\u00edm\u017e v p\u0159\u00edpad\u011b pot\u0159eby uvoln\u00ed cenn\u00fd prostor na podlaze. Ide\u00e1ln\u00ed pro mal\u00e9 i velk\u00e9 dom\u00e1cnosti.<\/div>\n<div class=\"smania_landing_description_list\">\n<ul>\n<li>Bezchybn\u00e1 organizace prostoru<\/li>\n<li>Vyrobeno z lehk\u00e9ho, ale pevn\u00e9ho hlin\u00edku<\/li>\n<li>Rychl\u00e1 a snadn\u00e1 instalace d\u00edky p\u0159\u00edsavk\u00e1m, kter\u00e9 jsou sou\u010d\u00e1st\u00ed balen\u00ed.<\/li>\n<li>Minimalistick\u00fd design, kter\u00fd se hod\u00ed do ka\u017ed\u00e9 dom\u00e1cnosti<\/li>\n<li>Ide\u00e1ln\u00ed do koupelny, kuchyn\u011b a dal\u0161\u00edch prostor<\/li>\n<\/ul><\/div>\n","protected":false},"excerpt":{"rendered":"<p>Ide\u00e1ln\u00ed pro men\u0161\u00ed byty a prostory|Okam\u017eit\u011b dod\u00e1 va\u0161emu domovu eleganci|Odoln\u00fd a navr\u017een\u00fd tak, aby vydr\u017eel|Elegantn\u00ed, minimalistick\u00fd design|Velk\u00e1 nosnost|Snadno se skl\u00e1d\u00e1, \u0161et\u0159\u00ed cenn\u00e9 m\u00edsto|Rychl\u00e1 instalace pomoc\u00ed p\u0159ilo\u017een\u00fdch p\u0159\u00edsavek|Rozm\u011bry ve slo\u017een\u00e9m stavu: 47 x 15 x 21,8 cm|Rozm\u011bry v rozlo\u017een\u00e9m stavu: 47 x 21,8 x 21,2 cm|Zp\u016fsob instalace: mont\u00e1\u017e na st\u011bnu|Materi\u00e1l: hlin\u00edk<\/p>\n","protected":false},"featured_media":91000,"template":"","meta":[],"product_cat":[16],"product_tag":[1535],"acf":[],"_links":{"self":[{"href":"https:\/\/smania.store\/cz\/wp-json\/wp\/v2\/product\/83932"}],"collection":[{"href":"https:\/\/smania.store\/cz\/wp-json\/wp\/v2\/product"}],"about":[{"href":"https:\/\/smania.store\/cz\/wp-json\/wp\/v2\/types\/product"}],"wp:featuredmedia":[{"embeddable":true,"href":"https:\/\/smania.store\/cz\/wp-json\/wp\/v2\/media\/91000"}],"wp:attachment":[{"href":"https:\/\/smania.store\/cz\/wp-json\/wp\/v2\/media?parent=83932"}],"wp:term":[{"taxonomy":"product_cat","embeddable":true,"href":"https:\/\/smania.store\/cz\/wp-json\/wp\/v2\/product_cat?post=83932"},{"taxonomy":"product_tag","embeddable":true,"href":"https:\/\/smania.store\/cz\/wp-json\/wp\/v2\/product_tag?post=83932"}],"curies":[{"name":"wp","href":"https:\/\/api.w.org\/{rel}","templated":true}]}}